{"id":5991,"date":"2018-03-06T13:36:15","date_gmt":"2018-03-06T13:36:15","guid":{"rendered":"http:\/\/noris-blattgold.de\/?page_id=5991"},"modified":"2025-12-06T02:13:19","modified_gmt":"2025-12-06T01:13:19","slug":"classic-caselo-farbe","status":"publish","type":"page","link":"https:\/\/noris-blattgold.de\/it\/koelner-classico-caselo","title":{"rendered":"K\u00f6lner classico Caselo"},"content":{"rendered":"<h1>Classic Caselo Farbe<\/h1>\n<h4>K\u00f6lner<\/h4>\n<h1>Classic Caselo Farbe<br \/>\n<\/h1>\n<p><img decoding=\"async\" src=\"https:\/\/noris-blattgold.de\/wp-content\/uploads\/2018\/01\/separator.png\" alt=\"\"><\/p>\n<div>Kasein Farbe f\u00fcr Restauration und Dekoration. Um Skulpturen, Figuren und Ornamente mit historischen Farbt\u00f6nen zu fassen.<\/p>\n<\/div>\n<p><img decoding=\"async\" src=\"https:\/\/noris-blattgold.de\/wp-content\/uploads\/2018\/03\/Caselo.jpg\" alt=\"\"><\/p>\n<ul>\n<li>\n<p>        <img decoding=\"async\" src=\"https:\/\/noris-blattgold.de\/wp-content\/uploads\/2018\/03\/caselo_weiss.jpg\" alt=\"\"><\/p>\n<h3>WEISS<\/h3>\n<div>Lieferbare Gebinde 250 ml, 500 ml<\/div>\n<\/li>\n<li>\n<p>        <img decoding=\"async\" src=\"https:\/\/noris-blattgold.de\/wp-content\/uploads\/2018\/03\/caselo_gelb.jpg\" alt=\"\"><\/p>\n<h3>gelb<\/h3>\n<div>Lieferbare Gebinde 250 ml, 500 ml<\/p>\n<\/div>\n<\/li>\n<li>\n<p>        <img decoding=\"async\" src=\"https:\/\/noris-blattgold.de\/wp-content\/uploads\/2018\/03\/caselo_ocker.jpg\" alt=\"\"><\/p>\n<h3>Lichter Ocker<\/h3>\n<div>Lieferbare Gebinde 250 ml, 500 ml<\/p>\n<\/div>\n<\/li>\n<li>\n<p>        <img decoding=\"async\" src=\"https:\/\/noris-blattgold.de\/wp-content\/uploads\/2018\/03\/caselo_signalrot.jpg\" alt=\"\"><\/p>\n<h3>Signalrot<\/h3>\n<div>Lieferbare Gebinde 250 ml, 500 ml<\/p>\n<\/div>\n<\/li>\n<li>\n<p>        <img decoding=\"async\" src=\"https:\/\/noris-blattgold.de\/wp-content\/uploads\/2018\/03\/caselo_zinnoberrot.jpg\" alt=\"\"><\/p>\n<h3>Zinnoberrot<\/h3>\n<div>Lieferbare Gebinde 250 ml, 500 ml<\/p>\n<\/div>\n<\/li>\n<li>\n<p>        <img decoding=\"async\" src=\"https:\/\/noris-blattgold.de\/wp-content\/uploads\/2018\/03\/caselo_carmin.jpg\" alt=\"\"><\/p>\n<h3>Carminrot<\/h3>\n<div>Lieferbare Gebinde 250 ml, 500 ml<\/p>\n<\/div>\n<\/li>\n<li>\n<p>        <img decoding=\"async\" src=\"https:\/\/noris-blattgold.de\/wp-content\/uploads\/2018\/03\/caselo_blau.jpg\" alt=\"\"><\/p>\n<h3>Blau<\/h3>\n<div>Lieferbare Gebinde 250 ml, 500 ml<\/p>\n<\/div>\n<\/li>\n<li>\n<p>        <img decoding=\"async\" src=\"https:\/\/noris-blattgold.de\/wp-content\/uploads\/2018\/03\/caselo_dunkelblau.jpg\" alt=\"\"><\/p>\n<h3>DUNKELBLAU<\/h3>\n<div>Lieferbare Gebinde 250 ml, 500 ml<\/p>\n<\/div>\n<\/li>\n<li>\n<p>        <img decoding=\"async\" src=\"https:\/\/noris-blattgold.de\/wp-content\/uploads\/2018\/03\/caselo_gr\u00fcn.jpg\" alt=\"\"><\/p>\n<h3>Gr\u00fcn<\/h3>\n<div>Lieferbare Gebinde 250 ml, 500 ml<\/p>\n<\/div>\n<\/li>\n<li>\n<p>        <img decoding=\"async\" src=\"https:\/\/noris-blattgold.de\/wp-content\/uploads\/2018\/03\/caselo_dunkelgr\u00fcn.jpg\" alt=\"\"><\/p>\n<h3>Dunkelgr\u00fcn<\/h3>\n<div>Lieferbare Gebinde 250 ml, 500 ml<\/p>\n<\/div>\n<\/li>\n<li>\n<p>        <img decoding=\"async\" src=\"https:\/\/noris-blattgold.de\/wp-content\/uploads\/2018\/03\/caselo_braun.jpg\" alt=\"\"><\/p>\n<h3>Braun<\/h3>\n<div>Lieferbare Gebinde 250 ml, 500 ml<\/p>\n<\/div>\n<\/li>\n<li>\n<p>        <img decoding=\"async\" src=\"https:\/\/noris-blattgold.de\/wp-content\/uploads\/2018\/03\/caselo_schwarz.jpg\" alt=\"\"><\/p>\n<h3>Schwarz<\/h3>\n<div>Lieferbare Gebinde 250 ml, 500 ml<\/p>\n<\/div>\n<\/li>\n<\/ul>\n<p><p>\n        <a href=\"https:\/\/www.noris-blattgold.shop\/Lacke-Farben-Bronze\/Plakafarbe-Caselo\/\">zum shop<\/a>\n    <\/p>\n<\/p>\n<p><!--more--><br \/>\n<!-- {\"type\":\"layout\",\"children\":[{\"type\":\"section\",\"props\":{\"header_transparent\":false,\"header_transparent_noplaceholder\":false,\"header_transparent_text_color\":\"light\",\"height\":\"viewport\",\"height_viewport\":50,\"image\":\"https:\\\/\\\/noris-blattgold.de\\\/wp-content\\\/uploads\\\/2018\\\/07\\\/caselo_title.jpg\",\"image_position\":\"top-center\",\"image_size\":\"cover\",\"media_focal_point\":\"top-center\",\"overlap\":false,\"padding\":\"large\",\"style\":\"default\",\"text_color\":\"light\",\"title_breakpoint\":\"xl\",\"title_position\":\"top-left\",\"title_rotation\":\"left\",\"vertical_align\":\"\",\"width\":\"default\"},\"children\":[{\"type\":\"row\",\"children\":[{\"type\":\"column\",\"props\":{\"image_position\":\"center-center\",\"position_sticky_breakpoint\":\"m\",\"width_medium\":\"1-1\"},\"children\":[{\"type\":\"headline\",\"props\":{\"content\":\"Classic Caselo Farbe\",\"content_en_us\":\"Classic Caselo color\\n\",\"content_es_es\":\"Color Caselo Cl\\u00e1sico\",\"content_fr_fr\":\"Couleur Classic Caselo\\n\",\"content_hr\":\"Classic Caselo boja\\n\",\"content_it_it\":\"K\\u00f6lner classic Caselo\\n\",\"text_align\":\"left\",\"title_element\":\"h1\",\"title_style\":\"h1\"}}]}]}],\"name\":\"Hero\"},{\"type\":\"section\",\"props\":{\"image_position\":\"center-center\",\"padding\":\"large\",\"style\":\"default\",\"title_breakpoint\":\"xl\",\"title_position\":\"top-left\",\"title_rotation\":\"left\",\"vertical_align\":\"middle\",\"width\":\"default\"},\"children\":[{\"type\":\"row\",\"children\":[{\"type\":\"column\",\"props\":{\"image_position\":\"center-center\",\"position_sticky_breakpoint\":\"m\"},\"children\":[{\"type\":\"headline\",\"props\":{\"content\":\"K\\u00f6lner\",\"content_en_us\":\"Powder\",\"content_es_es\":\"Polvo\",\"content_fr_fr\":\"Poudre\",\"content_hr\":\"Puder\",\"content_it_it\":\"Polvere\",\"text_align\":\"center\",\"title_color\":\"primary\",\"title_decoration\":\"line\",\"title_element\":\"h4\",\"title_font_family\":\"default\",\"title_style\":\"text-lead\"}},{\"type\":\"headline\",\"props\":{\"content\":\"Classic Caselo Farbe\\n\",\"content_en_us\":\"Classic Caselo color\\n\",\"content_es_es\":\"Color Caselo Cl\\u00e1sico\",\"content_fr_fr\":\"Couleur Classic Caselo\\n\",\"content_hr\":\"Classic Caselo boja\\n\",\"content_it_it\":\"Classic Caselo Colore\\n\",\"text_align\":\"center\",\"title_element\":\"h1\"}},{\"type\":\"image\",\"props\":{\"image\":\"https:\\\/\\\/noris-blattgold.de\\\/wp-content\\\/uploads\\\/2018\\\/01\\\/separator.png\",\"image_svg_color\":\"emphasis\",\"margin\":\"default\",\"text_align\":\"center\"}},{\"type\":\"text\",\"props\":{\"column_breakpoint\":\"m\",\"content\":\"Kasein Farbe f\\u00fcr Restauration und Dekoration. Um Skulpturen, Figuren und Ornamente mit historischen Farbt\\u00f6nen zu fassen.\\n\\n\",\"content_en_us\":\"Casein paint for restoration and decoration. To set sculptures, figures and ornaments with historical shades.\\n\\n\",\"content_es_es\":\"Pintura de case\\u00edna para restauraci\\u00f3n y decoraci\\u00f3n. Ambientar esculturas, figuras y ornamentos con tonos de color hist\\u00f3ricos.\\n\\n\",\"content_fr_fr\":\"Peinture \\u00e0 la cas\\u00e9ine pour la restauration et la d\\u00e9coration. Pour encadrer des sculptures, des figures et des ornements avec des teintes historiques.\\n\\n\",\"content_hr\":\"Kazeinska boja za restauraciju i dekoraciju. Za uokvirivanje skulptura, figura i ukrasa s povijesnim tonovima.\\n\\n\",\"content_it_it\":\"Vernice alla caseina per il restauro e la decorazione. Per ambientare sculture, figure e ornamenti con toni di colore storici.\\n\\n\",\"margin\":\"large\",\"text_align\":\"center\"}}]}]}],\"name\":\"\\u00dcberschrift - Header\"},{\"type\":\"section\",\"props\":{\"image_position\":\"center-center\",\"style\":\"default\",\"title_breakpoint\":\"xl\",\"title_position\":\"top-left\",\"title_rotation\":\"left\",\"vertical_align\":\"middle\",\"width\":\"default\"},\"children\":[{\"type\":\"row\",\"props\":{\"layout\":\"1-3,2-3\"},\"children\":[{\"type\":\"column\",\"props\":{\"image_position\":\"center-center\",\"position_sticky_breakpoint\":\"m\",\"width_medium\":\"1-3\"},\"children\":[{\"type\":\"image\",\"props\":{\"image\":\"https:\\\/\\\/noris-blattgold.de\\\/wp-content\\\/uploads\\\/2018\\\/03\\\/Caselo.jpg\",\"image_svg_color\":\"emphasis\",\"margin\":\"default\"}}]},{\"type\":\"column\",\"props\":{\"image_position\":\"center-center\",\"position_sticky_breakpoint\":\"m\",\"width_medium\":\"2-3\"},\"children\":[{\"type\":\"grid\",\"props\":{\"content_column_breakpoint\":\"m\",\"filter_align\":\"left\",\"filter_all\":true,\"filter_grid_breakpoint\":\"m\",\"filter_grid_width\":\"auto\",\"filter_position\":\"top\",\"filter_style\":\"tab\",\"grid_column_align\":false,\"grid_default\":\"1\",\"grid_divider\":false,\"grid_medium\":\"\",\"grid_row_align\":false,\"grid_small\":\"2\",\"icon_width\":80,\"image_align\":\"left\",\"image_grid_breakpoint\":\"\",\"image_grid_column_gap\":\"small\",\"image_grid_row_gap\":\"small\",\"image_grid_width\":\"auto\",\"image_svg_color\":\"emphasis\",\"image_vertical_align\":true,\"item_animation\":true,\"lightbox_bg_close\":true,\"link_style\":\"default\",\"link_text\":\"Read more\",\"margin\":\"default\",\"meta_align\":\"below-title\",\"meta_element\":\"div\",\"meta_style\":\"text-meta\",\"panel_padding\":\"small\",\"show_content\":true,\"show_hover_image\":true,\"show_hover_video\":true,\"show_image\":true,\"show_link\":true,\"show_meta\":true,\"show_title\":true,\"show_video\":true,\"text_align_breakpoint\":\"m\",\"title_align\":\"top\",\"title_element\":\"h3\",\"title_grid_breakpoint\":\"m\",\"title_grid_width\":\"1-2\",\"title_hover_style\":\"reset\",\"title_style\":\"text-large\"},\"children\":[{\"type\":\"grid_item\",\"props\":{\"content\":\"Lieferbare Gebinde 250 ml, 500 ml\",\"content_en_us\":\"Available containers 250 ml, 500 ml\\n\\n\",\"content_es_es\":\"Envases disponibles 250 ml, 500 ml\\n\\n\",\"content_fr_fr\":\"Conditionnements disponibles 250 ml, 500 ml\\n\\n\",\"content_hr\":\"Dostupne posude 250 ml, 500 ml\\n\\n\",\"content_it_it\":\"Contenitori disponibili 250 ml, 500 ml\\n\\n\",\"image\":\"https:\\\/\\\/noris-blattgold.de\\\/wp-content\\\/uploads\\\/2018\\\/03\\\/caselo_weiss.jpg\",\"title\":\"WEISS\",\"title_en_us\":\"WHITE\",\"title_es_es\":\"BLANCO\",\"title_fr_fr\":\"BLANC\",\"title_hr\":\"BIJELA\",\"title_it_it\":\"BIANCO\"}},{\"type\":\"grid_item\",\"props\":{\"content\":\"Lieferbare Gebinde 250 ml, 500 ml\\n\\n\",\"content_en_us\":\"Available containers 250 ml, 500 ml\\n\\n\",\"content_es_es\":\"Envases disponibles 250 ml, 500 ml\\n\\n\",\"content_fr_fr\":\"Conditionnements disponibles 250 ml, 500 ml\\n\\n\",\"content_hr\":\"Dostupne posude 250 ml, 500 ml\\n\\n\",\"content_it_it\":\"Contenitori disponibili 250 ml, 500 ml\\n\\n\",\"image\":\"https:\\\/\\\/noris-blattgold.de\\\/wp-content\\\/uploads\\\/2018\\\/03\\\/caselo_gelb.jpg\",\"title\":\"gelb\",\"title_en_us\":\"yellow\",\"title_es_es\":\"amarillo\",\"title_fr_fr\":\"jaune\",\"title_hr\":\"\\u017euta boja\",\"title_it_it\":\"giallo\"}},{\"type\":\"grid_item\",\"props\":{\"content\":\"Lieferbare Gebinde 250 ml, 500 ml\\n\\n\",\"content_en_us\":\"Available containers 250 ml, 500 ml\\n\\n\",\"content_es_es\":\"Envases disponibles 250 ml, 500 ml\\n\\n\",\"content_fr_fr\":\"Conditionnements disponibles 250 ml, 500 ml\\n\\n\",\"content_hr\":\"Dostupne posude 250 ml, 500 ml\\n\\n\",\"content_it_it\":\"Contenitori disponibili 250 ml, 500 ml\\n\\n\",\"image\":\"https:\\\/\\\/noris-blattgold.de\\\/wp-content\\\/uploads\\\/2018\\\/03\\\/caselo_ocker.jpg\",\"title\":\"Lichter Ocker\",\"title_en_us\":\"Light ocher\",\"title_es_es\":\"Ocre claro\",\"title_fr_fr\":\"Ocre clair\",\"title_hr\":\"svijetli oker\",\"title_it_it\":\"Ocra chiaro\"}},{\"type\":\"grid_item\",\"props\":{\"content\":\"Lieferbare Gebinde 250 ml, 500 ml\\n\\n\",\"content_en_us\":\"Available containers 250 ml, 500 ml\\n\\n\",\"content_es_es\":\"Envases disponibles 250 ml, 500 ml\\n\\n\",\"content_fr_fr\":\"Conditionnements disponibles 250 ml, 500 ml\\n\\n\",\"content_hr\":\"Dostupne posude 250 ml, 500 ml\\n\\n\",\"content_it_it\":\"Contenitori disponibili 250 ml, 500 ml\\n\\n\",\"image\":\"https:\\\/\\\/noris-blattgold.de\\\/wp-content\\\/uploads\\\/2018\\\/03\\\/caselo_signalrot.jpg\",\"title\":\"Signalrot\",\"title_en_us\":\"Signal red\",\"title_es_es\":\"Contenitori disponibili 250 ml, 500 ml\",\"title_fr_fr\":\"Rouge de signalisation\",\"title_hr\":\"signalno crveno\",\"title_it_it\":\"Segnale rosso\"}},{\"type\":\"grid_item\",\"props\":{\"content\":\"Lieferbare Gebinde 250 ml, 500 ml\\n\\n\",\"content_en_us\":\"Available containers 250 ml, 500 ml\\n\\n\",\"content_es_es\":\"Envases disponibles 250 ml, 500 ml\\n\\n\",\"content_fr_fr\":\"Conditionnements disponibles 250 ml, 500 ml\\n\\n\",\"content_hr\":\"Dostupne posude 250 ml, 500 ml\\n\\n\",\"content_it_it\":\"Contenitori disponibili 250 ml, 500 ml\\n\\n\",\"image\":\"https:\\\/\\\/noris-blattgold.de\\\/wp-content\\\/uploads\\\/2018\\\/03\\\/caselo_zinnoberrot.jpg\",\"title\":\"Zinnoberrot\",\"title_en_us\":\"Vermilion\",\"title_es_es\":\"Bermell\\u00f3n\",\"title_fr_fr\":\"Vermillon\",\"title_hr\":\"Cinober\",\"title_it_it\":\"Vermiglio\"}},{\"type\":\"grid_item\",\"props\":{\"content\":\"Lieferbare Gebinde 250 ml, 500 ml\\n\\n\",\"content_en_us\":\"Available containers 250 ml, 500 ml\\n\\n\",\"content_es_es\":\"Envases disponibles 250 ml, 500 ml\\n\\n\",\"content_fr_fr\":\"Conditionnements disponibles 250 ml, 500 ml\\n\\n\",\"content_hr\":\"Dostupne posude 250 ml, 500 ml\\n\\n\",\"content_it_it\":\"Contenitori disponibili 250 ml, 500 ml\\n\\n\",\"image\":\"https:\\\/\\\/noris-blattgold.de\\\/wp-content\\\/uploads\\\/2018\\\/03\\\/caselo_carmin.jpg\",\"title\":\"Carminrot\",\"title_en_us\":\"Carmine red\",\"title_es_es\":\"Rojo carm\\u00edn\",\"title_fr_fr\":\"Rouge carmin\",\"title_hr\":\"karmin crvena\",\"title_it_it\":\"Rosso carminio\"}},{\"type\":\"grid_item\",\"props\":{\"content\":\"Lieferbare Gebinde 250 ml, 500 ml\\n\\n\",\"content_en_us\":\"Available containers 250 ml, 500 ml\\n\\n\",\"content_es_es\":\"Envases disponibles 250 ml, 500 ml\\n\\n\",\"content_fr_fr\":\"Conditionnements disponibles 250 ml, 500 ml\\n\\n\",\"content_hr\":\"Dostupne posude 250 ml, 500 ml\\n\\n\",\"content_it_it\":\"Contenitori disponibili 250 ml, 500 ml\\n\\n\",\"image\":\"https:\\\/\\\/noris-blattgold.de\\\/wp-content\\\/uploads\\\/2018\\\/03\\\/caselo_blau.jpg\",\"title\":\"Blau\",\"title_en_us\":\"Blue\",\"title_es_es\":\"Azul\",\"title_fr_fr\":\"Bleu\",\"title_hr\":\"Plava\",\"title_it_it\":\"Blu\"}},{\"type\":\"grid_item\",\"props\":{\"content\":\"Lieferbare Gebinde 250 ml, 500 ml\\n\\n\",\"content_en_us\":\"Available containers 250 ml, 500 ml\\n\\n\",\"content_es_es\":\"Envases disponibles 250 ml, 500 ml\\n\\n\",\"content_fr_fr\":\"Conditionnements disponibles 250 ml, 500 ml\\n\\n\",\"content_hr\":\"Dostupne posude 250 ml, 500 ml\\n\\n\",\"content_it_it\":\"Contenitori disponibili 250 ml, 500 ml\\n\\n\",\"image\":\"https:\\\/\\\/noris-blattgold.de\\\/wp-content\\\/uploads\\\/2018\\\/03\\\/caselo_dunkelblau.jpg\",\"title\":\"DUNKELBLAU\",\"title_en_us\":\"DARK BLUE\",\"title_es_es\":\"AZUL OSCURO\",\"title_fr_fr\":\"BLEU FONCE\",\"title_hr\":\"TAMNO PLAVA\",\"title_it_it\":\"BLU SCURO\"}},{\"type\":\"grid_item\",\"props\":{\"content\":\"Lieferbare Gebinde 250 ml, 500 ml\\n\\n\",\"content_en_us\":\"Available containers 250 ml, 500 ml\\n\\n\",\"content_es_es\":\"Envases disponibles 250 ml, 500 ml\\n\\n\",\"content_fr_fr\":\"Conditionnements disponibles 250 ml, 500 ml\\n\\n\",\"content_hr\":\"Dostupne posude 250 ml, 500 ml\\n\\n\",\"content_it_it\":\"Contenitori disponibili 250 ml, 500 ml\\n\\n\",\"image\":\"https:\\\/\\\/noris-blattgold.de\\\/wp-content\\\/uploads\\\/2018\\\/03\\\/caselo_gr\\u00fcn.jpg\",\"title\":\"Gr\\u00fcn\",\"title_en_us\":\"Green\",\"title_es_es\":\"Verde\",\"title_fr_fr\":\"Vert\",\"title_hr\":\"zelena\",\"title_it_it\":\"Verde\"}},{\"type\":\"grid_item\",\"props\":{\"content\":\"Lieferbare Gebinde 250 ml, 500 ml\\n\\n\",\"content_en_us\":\"Available containers 250 ml, 500 ml\\n\\n\",\"content_es_es\":\"Envases disponibles 250 ml, 500 ml\\n\\n\",\"content_fr_fr\":\"Conditionnements disponibles 250 ml, 500 ml\\n\\n\",\"content_hr\":\"Dostupne posude 250 ml, 500 ml\\n\\n\",\"content_it_it\":\"Contenitori disponibili 250 ml, 500 ml\\n\\n\",\"image\":\"https:\\\/\\\/noris-blattgold.de\\\/wp-content\\\/uploads\\\/2018\\\/03\\\/caselo_dunkelgr\\u00fcn.jpg\",\"title\":\"Dunkelgr\\u00fcn\",\"title_en_us\":\"Dark green\",\"title_es_es\":\"Verde oscuro\",\"title_fr_fr\":\"Vert fonc\\u00e9\",\"title_hr\":\"Tamnozelene\",\"title_it_it\":\"Verde scuro\"}},{\"type\":\"grid_item\",\"props\":{\"content\":\"Lieferbare Gebinde 250 ml, 500 ml\\n\\n\",\"content_en_us\":\"Available containers 250 ml, 500 ml\\n\\n\",\"content_es_es\":\"Envases disponibles 250 ml, 500 ml\\n\\n\",\"content_fr_fr\":\"Conditionnements disponibles 250 ml, 500 ml\\n\\n\",\"content_hr\":\"Dostupne posude 250 ml, 500 ml\\n\\n\",\"content_it_it\":\"Contenitori disponibili 250 ml, 500 ml\\n\\n\",\"image\":\"https:\\\/\\\/noris-blattgold.de\\\/wp-content\\\/uploads\\\/2018\\\/03\\\/caselo_braun.jpg\",\"title\":\"Braun\",\"title_en_us\":\"Brown\",\"title_es_es\":\"Marr\\u00f3n\",\"title_fr_fr\":\"Marron\",\"title_hr\":\"Sme\\u0111a\",\"title_it_it\":\"Marrone\"}},{\"type\":\"grid_item\",\"props\":{\"content\":\"Lieferbare Gebinde 250 ml, 500 ml\\n\\n\",\"content_en_us\":\"Available containers 250 ml, 500 ml\\n\\n\",\"content_es_es\":\"Envases disponibles 250 ml, 500 ml\\n\\n\",\"content_fr_fr\":\"Conditionnements disponibles 250 ml, 500 ml\\n\\n\",\"content_hr\":\"Dostupne posude 250 ml, 500 ml\\n\\n\",\"content_it_it\":\"Contenitori disponibili 250 ml, 500 ml\\n\\n\",\"image\":\"https:\\\/\\\/noris-blattgold.de\\\/wp-content\\\/uploads\\\/2018\\\/03\\\/caselo_schwarz.jpg\",\"title\":\"Schwarz\",\"title_en_us\":\"Black\",\"title_es_es\":\"Negro\",\"title_fr_fr\":\"Noir\",\"title_hr\":\"Crno\",\"title_it_it\":\"Nero\"}}]}]}]}]},{\"type\":\"section\",\"props\":{\"image_position\":\"center-center\",\"padding\":\"large\",\"padding_remove_top\":true,\"style\":\"default\",\"title_breakpoint\":\"xl\",\"title_position\":\"top-left\",\"title_rotation\":\"left\",\"vertical_align\":\"middle\",\"width\":\"default\"},\"children\":[{\"type\":\"row\",\"children\":[{\"type\":\"column\",\"props\":{\"image_position\":\"center-center\",\"position_sticky_breakpoint\":\"m\"},\"children\":[{\"type\":\"button\",\"props\":{\"button_size\":\"large\",\"fullwidth\":false,\"grid_column_gap\":\"small\",\"grid_row_gap\":\"small\",\"margin\":\"large\",\"text_align\":\"center\"},\"children\":[{\"type\":\"button_item\",\"props\":{\"button_style\":\"primary\",\"content\":\"zum shop\",\"content_en_us\":\"to the shop\",\"content_es_es\":\"Ir a la tienda (EN)\",\"content_fr_fr\":\"Vers la boutique (EN)\",\"content_hr\":\"U trgovinu (EN)\",\"content_it_it\":\"Al negozio (EN)\",\"dialog_layout\":\"modal\",\"dialog_offcanvas_flip\":true,\"icon\":\"cart\",\"icon_align\":\"left\",\"link\":\"https:\\\/\\\/www.noris-blattgold.shop\\\/Lacke-Farben-Bronze\\\/Plakafarbe-Caselo\\\/\",\"link_en_us\":\"https:\\\/\\\/www.noris-blattgold.shop\\\/en\\\/Varnishes-Colours-Bronce\\\/Plaka-colour-Caselo\\\/\",\"link_es_es\":\"https:\\\/\\\/www.noris-blattgold.shop\\\/en\\\/Varnishes-Colours-Bronce\\\/Plaka-colour-Caselo\\\/\",\"link_fr_fr\":\"https:\\\/\\\/www.noris-blattgold.shop\\\/en\\\/Varnishes-Colours-Bronce\\\/Plaka-colour-Caselo\\\/\",\"link_hr\":\"https:\\\/\\\/www.noris-blattgold.shop\\\/en\\\/Varnishes-Colours-Bronce\\\/Plaka-colour-Caselo\\\/\",\"link_it_it\":\"https:\\\/\\\/www.noris-blattgold.shop\\\/en\\\/Varnishes-Colours-Bronce\\\/Plaka-colour-Caselo\\\/\",\"link_target\":\"blank\"}}],\"name\":\"Button zum shop\"}]}]}]}],\"version\":\"4.5.32\"} --><\/p>\n","protected":false},"excerpt":{"rendered":"<p>Classic Caselo Farbe K\u00f6lner Classic Caselo Farbe Kasein Farbe f\u00fcr Restauration und Dekoration. Um Skulpturen, Figuren und Ornamente mit historischen Farbt\u00f6nen zu fassen. WEISS Lieferbare Gebinde 250 ml, 500 ml gelb Lieferbare Gebinde 250 ml, 500 ml Lichter Ocker Lieferbare Gebinde 250 ml, 500 ml Signalrot Lieferbare Gebinde 250 ml, 500 ml Zinnoberrot Lieferbare Gebinde [&hellip;]<\/p>\n","protected":false},"author":1,"featured_media":0,"parent":0,"menu_order":0,"comment_status":"closed","ping_status":"closed","template":"full-width.php","meta":{"_acf_changed":false,"footnotes":""},"class_list":["post-5991","page","type-page","status-publish","hentry"],"acf":[],"_links":{"self":[{"href":"https:\/\/noris-blattgold.de\/it\/wp-json\/wp\/v2\/pages\/5991","targetHints":{"allow":["GET"]}}],"collection":[{"href":"https:\/\/noris-blattgold.de\/it\/wp-json\/wp\/v2\/pages"}],"about":[{"href":"https:\/\/noris-blattgold.de\/it\/wp-json\/wp\/v2\/types\/page"}],"author":[{"embeddable":true,"href":"https:\/\/noris-blattgold.de\/it\/wp-json\/wp\/v2\/users\/1"}],"replies":[{"embeddable":true,"href":"https:\/\/noris-blattgold.de\/it\/wp-json\/wp\/v2\/comments?post=5991"}],"version-history":[{"count":6,"href":"https:\/\/noris-blattgold.de\/it\/wp-json\/wp\/v2\/pages\/5991\/revisions"}],"predecessor-version":[{"id":23128,"href":"https:\/\/noris-blattgold.de\/it\/wp-json\/wp\/v2\/pages\/5991\/revisions\/23128"}],"wp:attachment":[{"href":"https:\/\/noris-blattgold.de\/it\/wp-json\/wp\/v2\/media?parent=5991"}],"curies":[{"name":"wp","href":"https:\/\/api.w.org\/{rel}","templated":true}]}}