{"id":5734,"date":"2018-02-24T10:59:16","date_gmt":"2018-02-24T10:59:16","guid":{"rendered":"http:\/\/noris-blattgold.de\/?page_id=5734"},"modified":"2026-01-17T11:24:23","modified_gmt":"2026-01-17T10:24:23","slug":"klebemittel","status":"publish","type":"page","link":"https:\/\/noris-blattgold.de\/it\/adesivo","title":{"rendered":"Adesivo"},"content":{"rendered":"<h1>Klebemittel<\/h1>\n<h4>\u00d6lvergoldung<\/h4>\n<h1>Klebemittel<\/h1>\n<p><img decoding=\"async\" src=\"https:\/\/noris-blattgold.de\/wp-content\/uploads\/2018\/01\/separator.png\" alt=\"\"><\/p>\n<ul>\n<li>\n<p>        <img decoding=\"async\" src=\"https:\/\/noris-blattgold.de\/wp-content\/uploads\/2018\/02\/Mixtion_Koelner.jpg\" alt=\"\"><\/p>\n<div>K\u00d6LNER CLASSIC MIXTION<\/div>\n<div>\n<p>Produkte von \u201eK\u00f6lner Classic\u201c erm\u00f6glichen wieder eine zuverl\u00e4ssige, historische Vergoldung der heutigen Zeit. Es werden drei unterschiedliche Trocknungszeiten hergestellt, die 3, 12 und 24 Stunden Mixtion. Lieferbare Gebinde:<\/p>\n<p><em>Mixtion 3h<\/em><span>\u00a0<\/span>\u2013 100 ml, 250 ml, 1000 ml, 5000 ml<br \/><em>Mixtion 12h<\/em><span>\u00a0<\/span>\u2013 100 ml, 250 ml, 1000 ml, 5000 ml<br \/><em>Mixtion 24h<\/em><span>\u00a0<\/span>\u2013 100 ml, 250 ml, 1000 ml, 5000 ml<\/p>\n<\/div>\n<\/li>\n<li>\n<p>        <img decoding=\"async\" src=\"https:\/\/noris-blattgold.de\/wp-content\/uploads\/2018\/02\/Mixtion_Lefranc.jpg\" alt=\"\"><\/p>\n<div>Mixtion Lefranc<\/div>\n<div>\n<p>Klassisches Anlage\u00f6l f\u00fcr die Vergoldung im Innen- und Aussenbereich. Trockenzeiten in 3 Stunden oder 12 Stunden w\u00e4hlbar. Lieferbare Gebinde:<\/p>\n<p><em>Mixtion 3 Std.\u00a0<\/em>\u2013 75 ml, 250 ml, 1000 ml, 5000 ml<br \/><em>Mixtion 12 Std.<\/em>\u00a0\u2013 75 ml, 250 ml, 1000 ml, 5000 ml<\/p>\n<\/div>\n<\/li>\n<li>\n<p>        <img decoding=\"async\" src=\"https:\/\/noris-blattgold.de\/wp-content\/uploads\/2026\/01\/Koelner_Aqua_Size.jpg\" alt=\"\"><\/p>\n<div>K\u00d6LNER AQUA SIZE<\/div>\n<div>\n<p>Die K\u00f6lner Aqua Size ist f\u00fcr einfache Schlagmetall-Vergoldungen im Innenbereich zu verwenden. Die Verarbeitungszeit liegt zwischen 15 Minuten und 60 Stunden. Da sie sich nie so d\u00fcnn auftragen l\u00e4sst, wie \u00d6lmixtion, ist sie f\u00fcr Blattgold nur bedingt geeignet. Lieferbare Gebinde:<\/p>\n<p><em>Aqua Size<\/em><span>\u00a0<\/span>\u2013 50 ml, 100 ml, 250 ml, 500 ml, 1000 ml, 4000 ml<br \/><em>Aqua Size, thick<\/em><span>\u00a0<\/span>\u2013 50 ml, 100 ml, 250 ml, 500 ml, 1000 ml, 4000 ml<\/p>\n<\/div>\n<\/li>\n<\/ul>\n<p><p>\n        <a href=\"https:\/\/www.noris-blattgold.shop\/Klebemittel\/\">zum shop<\/a>\n    <\/p>\n<\/p>\n<p><!--more--><br \/>\n<!-- {\"type\":\"layout\",\"children\":[{\"type\":\"section\",\"props\":{\"header_transparent\":false,\"header_transparent_noplaceholder\":false,\"header_transparent_text_color\":\"light\",\"height\":\"viewport\",\"height_viewport\":50,\"image\":\"https:\\\/\\\/noris-blattgold.de\\\/wp-content\\\/uploads\\\/2018\\\/02\\\/klebemittel_title.jpg\",\"image_position\":\"top-center\",\"image_size\":\"cover\",\"media_focal_point\":\"top-center\",\"overlap\":false,\"padding\":\"large\",\"style\":\"default\",\"text_color\":\"dark\",\"title_breakpoint\":\"xl\",\"title_position\":\"top-left\",\"title_rotation\":\"left\",\"vertical_align\":\"\",\"width\":\"default\"},\"children\":[{\"type\":\"row\",\"children\":[{\"type\":\"column\",\"props\":{\"image_position\":\"center-center\",\"position_sticky_breakpoint\":\"m\",\"width_medium\":\"1-1\"},\"children\":[{\"type\":\"headline\",\"props\":{\"content\":\"Klebemittel\",\"content_en_us\":\"Adhesives\",\"content_es_es\":\"Adhesivo\",\"content_fr_fr\":\"Mixtion\",\"content_hr\":\"ljepilo\",\"content_it_it\":\"Adesivo\",\"text_align\":\"left\",\"title_element\":\"h1\",\"title_style\":\"h1\"}}]}]}],\"name\":\"Hero\"},{\"type\":\"section\",\"props\":{\"image_position\":\"center-center\",\"padding\":\"large\",\"style\":\"default\",\"title_breakpoint\":\"xl\",\"title_position\":\"top-left\",\"title_rotation\":\"left\",\"vertical_align\":\"middle\",\"width\":\"default\"},\"children\":[{\"type\":\"row\",\"children\":[{\"type\":\"column\",\"props\":{\"image_position\":\"center-center\",\"position_sticky_breakpoint\":\"m\"},\"children\":[{\"type\":\"headline\",\"props\":{\"content\":\"\\u00d6lvergoldung\",\"content_en_us\":\"Oil Gilding\\n\",\"content_es_es\":\"Dorado al oleo\\n\",\"content_fr_fr\":\"Dorure \\u00e0 l\\u2018huile\\n\",\"content_hr\":\"Uljana pozlata\\n\",\"content_it_it\":\"Doratura ad olio\\n\",\"text_align\":\"center\",\"title_color\":\"primary\",\"title_decoration\":\"line\",\"title_element\":\"h4\",\"title_font_family\":\"default\",\"title_style\":\"text-lead\"}},{\"type\":\"headline\",\"props\":{\"content\":\"Klebemittel\",\"content_en_us\":\"Adhesives\",\"content_es_es\":\"Adhesivo\",\"content_fr_fr\":\"Mixtion\",\"content_hr\":\"ljepilo\",\"content_it_it\":\"Adesivo\",\"text_align\":\"center\",\"title_element\":\"h1\"}},{\"type\":\"image\",\"props\":{\"image\":\"https:\\\/\\\/noris-blattgold.de\\\/wp-content\\\/uploads\\\/2018\\\/01\\\/separator.png\",\"image_svg_color\":\"emphasis\",\"margin\":\"default\",\"text_align\":\"center\"}},{\"type\":\"text\",\"props\":{\"column_breakpoint\":\"m\",\"content\":\"Poliment ist eine besonders aufbereitete Tonerde (Bolus), die bei der Polimentvergoldung als Unterlage f\\u00fcr das Blattgold dient. Diese Polimentschicht und die darunterliegende Kreidegrundierung bilden den Untergrund, der das Polieren des Goldes auf Hochglanz erm\\u00f6glicht. Polimentvergoldungen k\\u00f6nnen nur auf saugenden Untergr\\u00fcnden ausgef\\u00fchrt werden.\\n\\n\",\"content_en_us\":\"Poliment is a specially prepared clay (bolus), which serves as a base for the gold leaf at water gilding.<br \/>\\nGesso and several layers of burnishing clay (poliment) generates the substrate composition, which makes it possible to polish\\\/burnish the gold to a high gloss. The technique of water gilding can only be applied to absorbent substrates.\\n\\n\",\"content_es_es\":\"El polimento es una arcilla especialmente preparada (bolo) que sirve de base para el pan de oro en el dorado con polimento. Esta capa de pulimento y la imprimaci\\u00f3n de tiza subyacente forman la base que permite pulir el oro hasta obtener un brillo intenso. El dorado de polvos s\\u00f3lo puede realizarse sobre soportes absorbentes.\\n\\n\",\"content_fr_fr\":\"L\\u2019assiette est une argile sp\\u00e9ciale (Bolus) utilis\\u00e9e pour la dorure \\u00e0 la d\\u00e9trempe. Cette assiette sera m\\u00e9lang\\u00e9e \\u00e0 la colle de peau de lapin et appliqu\\u00e9e sur les appr\\u00eats au blanc de Meudon qui permettent ensuite de brunir (polir) la Feuille d\\u2018OR. La dorure \\u00e0 l\\u2019assiette doit \\u00eatre r\\u00e9alis\\u00e9e sur des fonds poreux.\\n\\n\",\"content_hr\":\"Poliment je posebno pripremljena glina (bolus) koja slu\\u017ei kao podloga za zlatni list u polimentnoj pozlati. Ovaj sloj polimenta i temeljni temeljni premaz od krede \\u010dine podlogu koja omogu\\u0107uje poliranje zlata do visokog sjaja. Polimentna pozlata mo\\u017ee se izvoditi samo na upijaju\\u0107im podlogama.\\n\\n\",\"content_it_it\":\"Il polimento \\u00e8 un\\u2019argilla appositamente preparata (bolo) che serve come base per la foglia d\\u2019oro nella doratura a polimento. Questo strato di polimerizzazione e il sottostante fondo di gesso formano la base che permette all\\u2019oro di essere lucidato a specchio. La doratura a polimeri pu\\u00f2 essere eseguita solo su supporti assorbenti.\\n\\n\",\"margin\":\"large\",\"status\":\"disabled\",\"text_align\":\"center\"}}]}]}],\"name\":\"\\u00dcberschrift - Header\"},{\"type\":\"section\",\"props\":{\"image_position\":\"center-center\",\"padding\":\"large\",\"padding_remove_top\":true,\"style\":\"default\",\"title_breakpoint\":\"xl\",\"title_position\":\"top-left\",\"title_rotation\":\"left\",\"vertical_align\":\"middle\",\"width\":\"default\"},\"children\":[{\"type\":\"row\",\"children\":[{\"type\":\"column\",\"props\":{\"image_position\":\"center-center\",\"position_sticky_breakpoint\":\"m\"},\"children\":[{\"type\":\"grid\",\"props\":{\"content_column_breakpoint\":\"m\",\"filter_align\":\"left\",\"filter_all\":true,\"filter_grid_breakpoint\":\"m\",\"filter_grid_width\":\"auto\",\"filter_position\":\"top\",\"filter_style\":\"tab\",\"grid_column_align\":true,\"grid_column_gap\":\"small\",\"grid_default\":\"1\",\"grid_divider\":true,\"grid_medium\":\"\",\"grid_row_gap\":\"small\",\"icon_width\":80,\"image_align\":\"left\",\"image_grid_breakpoint\":\"s\",\"image_grid_width\":\"1-3\",\"image_svg_color\":\"emphasis\",\"image_transition\":\"scale-up\",\"image_width\":400,\"item_animation\":true,\"lightbox\":true,\"lightbox_bg_close\":true,\"link_style\":\"default\",\"link_text\":\"\",\"margin\":\"default\",\"meta_align\":\"below-title\",\"meta_color\":\"primary\",\"meta_element\":\"div\",\"meta_margin\":\"remove\",\"meta_style\":\"text-large\",\"panel_image_no_padding\":true,\"panel_link\":true,\"panel_padding\":\"small\",\"show_content\":true,\"show_hover_image\":true,\"show_hover_video\":true,\"show_image\":true,\"show_link\":true,\"show_meta\":true,\"show_title\":true,\"show_video\":true,\"text_align\":\"left\",\"text_align_breakpoint\":\"s\",\"text_align_fallback\":\"center\",\"title_align\":\"top\",\"title_element\":\"div\",\"title_font_family\":\"primary\",\"title_grid_breakpoint\":\"m\",\"title_grid_width\":\"1-2\",\"title_hover_style\":\"reset\",\"title_style\":\"text-large\"},\"children\":[{\"type\":\"grid_item\",\"props\":{\"content\":\"\n\n<p>Produkte von \\u201eK\\u00f6lner Classic\\u201c erm\\u00f6glichen wieder eine zuverl\\u00e4ssige, historische Vergoldung der heutigen Zeit. Es werden drei unterschiedliche Trocknungszeiten hergestellt, die 3, 12 und 24 Stunden Mixtion. Lieferbare Gebinde:<\\\/p>\\n\n\n<p><em>Mixtion 3h<\\\/em><span>\\u00a0<\\\/span>\\u2013 100 ml, 250 ml, 1000 ml, 5000 ml<br \\\/><em>Mixtion 12h<\\\/em><span>\\u00a0<\\\/span>\\u2013 100 ml, 250 ml, 1000 ml, 5000 ml<br \\\/><em>Mixtion 24h<\\\/em><span>\\u00a0<\\\/span>\\u2013 100 ml, 250 ml, 1000 ml, 5000 ml<\\\/p>\",\"content_en_us\":\"\n\n<p>Products from \\u201cK\\u00f6lner Classic\\u201d enable a reliable, historical gilding. Three different drying times are manufactured: 3 hours, 12 hours and 24 hours. Available containers:<\\\/p>\\n\n\n<p><em>Mixtion 3h<\\\/em><span>\\u00a0<\\\/span>\\u2013 100 ml, 250 ml, 1000 ml, 5000 ml<br \\\/><em>Mixtion 12h<\\\/em><span>\\u00a0<\\\/span>\\u2013 100 ml, 250 ml, 1000 ml, 5000 ml<br \\\/><em>Mixtion 24h<\\\/em><span>\\u00a0<\\\/span>\\u2013 100 ml, 250 ml, 1000 ml, 5000 ml<\\\/p>\",\"content_es_es\":\"\n\n<p>Los productos de \\u00abK\\u00f6lner Classic\\u00bb vuelven a permitir un dorado fiable e hist\\u00f3rico en la actualidad. Se producen tres tiempos de secado diferentes, 3, 12 y 24 horas Mixtion. Contenedores disponibles:<\\\/p>\\n\n\n<p><em>Mixtion 3h<\\\/em><span>\\u00a0<\\\/span>\\u2013 100 ml, 250 ml, 1000 ml, 5000 ml<br \\\/><em>Mixtion12h<\\\/em><span>\\u00a0<\\\/span>\\u2013 100 ml, 250 ml, 1000 ml, 5000 ml<br \\\/><em>Mixtion 24h<\\\/em><span>\\u00a0<\\\/span>\\u2013 100 ml, 250 ml, 1000 ml, 5000 ml<\\\/p>\",\"content_fr_fr\":\"\n\n<p>Les produits de K\\u00f6lner Classic rendent possible une dorure historique de nos jours. Il existe 3 mixtions : 3 h, 12 h et 24 h. Conditionnement:<\\\/p>\\n\n\n<p><em>Mixtion 3h<\\\/em><span>\\u00a0<\\\/span>\\u2013 100 ml, 250 ml, 1000 ml, 5000 ml<br \\\/><em>Mixtion 12h<\\\/em><span>\\u00a0<\\\/span>\\u2013 100 ml, 250 ml, 1000 ml, 5000 ml<br \\\/><em>Mixtion 24h<\\\/em><span>\\u00a0<\\\/span>\\u2013 100 ml, 250 ml, 1000 ml, 5000 ml<\\\/p>\",\"content_hr\":\"\n\n<p>Proizvodi iz \\u201cK\\u00f6lner Classic\\u201d omogu\\u0107uju pouzdanu, povijesnu pozlatu dana\\u0161njice. Proizvode se tri razli\\u010dita vremena su\\u0161enja, 3, 12 i 24 sata Mixtion. Dostupni spremnici:<\\\/p>\\n\n\n<p><em>Mixtion 3h<\\\/em><span>\\u00a0<\\\/span>\\u2013 100ml, 250ml, 1000ml, 5000ml<br \\\/><em>Mixtion 12h<\\\/em><span>\\u00a0<\\\/span>\\u2013 100ml, 250ml, 1000ml, 5000ml<br \\\/><em>Mixtion 24h<\\\/em><span>\\u00a0<\\\/span>\\u2013 100 ml, 250 ml, 1000 ml, 5000 ml<\\\/p>\",\"content_it_it\":\"\n\n<p>I prodotti di \\u201cK\\u00f6lner Classic\\u201d consentono ancora una volta di ottenere una doratura storica affidabile e attuale. Vengono prodotti tre diversi tempi di essiccazione: 3, 12 e 24 ore. Contenitori disponibili:<\\\/p>\\n\n\n<p><em>Miscelazione 3h<\\\/em><span>\\u00a0<\\\/span>\\u2013 100 ml, 250 ml, 1000 ml, 5000 ml<br \\\/><em>Miscelazione 12 ore<\\\/em><span>\\u00a0<\\\/span>\\u2013 100 ml, 250 ml, 1000 ml, 5000 ml<br \\\/><em>Miscelazione 24h<\\\/em><span>\\u00a0<\\\/span>\\u2013 100 ml, 250 ml, 1000 ml, 5000 ml<\\\/p>\",\"image\":\"https:\\\/\\\/noris-blattgold.de\\\/wp-content\\\/uploads\\\/2018\\\/02\\\/Mixtion_Koelner.jpg\",\"title\":\"K\\u00d6LNER CLASSIC MIXTION\",\"title_en_us\":\"K\\u00d6LNER CLASSIC MIXTION\",\"title_es_es\":\"K\\u00d6LNER CLASSIC MIXTION\",\"title_fr_fr\":\"Mixition K\\u00f6lner Classic\",\"title_hr\":\"K\\u00f6lner CLASSIC Mixtion\",\"title_it_it\":\"K\\u00f6lner Classic Mixtion\"}},{\"type\":\"grid_item\",\"props\":{\"content\":\"\n\n<p>Klassisches Anlage\\u00f6l f\\u00fcr die Vergoldung im Innen- und Aussenbereich. Trockenzeiten in 3 Stunden oder 12 Stunden w\\u00e4hlbar. Lieferbare Gebinde:<\\\/p>\\n\n\n<p><em>Mixtion 3 Std.\\u00a0<\\\/em>\\u2013 75 ml, 250 ml, 1000 ml, 5000 ml<br \\\/><em>Mixtion 12 Std.<\\\/em>\\u00a0\\u2013 75 ml, 250 ml, 1000 ml, 5000 ml<\\\/p>\",\"content_en_us\":\"\n\n<p>Classical oil mixtion for interior and exterior gilding. Drying time 3 hours and 12 hours. Available containers:<\\\/p>\\n\n\n<p><em>Mixtion 3 h<\\\/em><span>\\u00a0<\\\/span>\\u2013 75 ml, 250 ml, 1000 ml, 5000 ml<br \\\/><em>Mixtion 12 h<\\\/em><span>\\u00a0<\\\/span>\\u2013 75 ml, 250 ml, 1000 ml, 5000 ml<\\\/p>\",\"content_es_es\":\"\n\n<p>Aceite de inversi\\u00f3n cl\\u00e1sico para dorar en interiores y exteriores. Tiempos de secado seleccionables en 3 horas o 12 horas. Contenedores disponibles:<\\\/p>\\n\n\n<p><em>Mixtion 3 hrs.<\\\/em><span>\\u00a0<\\\/span>\\u2013 75 ml, 250 ml, 1000 ml, 5000 ml<br \\\/><em>Mixtion 12 hrs.<\\\/em><span>\\u00a0<\\\/span>\\u2013 75 ml, 250 ml, 1000 ml, 5000 ml<\\\/p>\",\"content_fr_fr\":\"\n\n<p>Mixtion Classique pour la dorure int\\u00e9rieure et ext\\u00e9rieure. Mixtion 3H ou 12 h au choix. Conditionnement:<\\\/p>\\n\n\n<p><em>Mixtion 3 heure<\\\/em><span>\\u00a0<\\\/span>\\u2013 75 ml, 250 ml, 1000 ml, 5000 ml<br \\\/><em>Mixtion 12 heure<\\\/em><span>\\u00a0<\\\/span>\\u2013 75 ml, 250 ml, 1000 ml, 5000 ml<\\\/p>\",\"content_hr\":\"\n\n<p>Klasi\\u010dno ulo\\u017eno ulje za pozlatu u unutarnjim i vanjskim prostorima. Vrijeme su\\u0161enja koje se mo\\u017ee odabrati u 3 sata ili 12 sati. Dostupni spremnici:<\\\/p>\\n\n\n<p><em>Mixtion 3 h<\\\/em>\\u00a0\\u2013 75 ml, 250 ml, 1000 ml, 5000 ml<br \\\/><em>Mixtion 12 h<\\\/em>\\u00a0\\u2013 75 ml, 250 ml, 1000 ml, 5000 ml<\\\/p>\",\"content_it_it\":\"\n\n<p>Classico olio da investimento per la doratura di interni ed esterni. Tempi di asciugatura selezionabili in 3 ore o 12 ore. Contenitori disponibili:<\\\/p>\\n\n\n<p><em>Miscelazione 3 ore.<\\\/em><span>\\u00a0<\\\/span>\\u2013 75 ml, 250 ml, 1000 ml, 5000 ml<br \\\/><em>Miscelazione 12 ore.<\\\/em><span>\\u00a0<\\\/span>\\u2013 75 ml, 250 ml, 1000 ml, 5000 ml<\\\/p>\",\"image\":\"https:\\\/\\\/noris-blattgold.de\\\/wp-content\\\/uploads\\\/2018\\\/02\\\/Mixtion_Lefranc.jpg\",\"title\":\"Mixtion Lefranc\",\"title_en_us\":\"Mixtion Lefranc\",\"title_es_es\":\"Mixtion Lefranc\",\"title_fr_fr\":\"Mixtion Lefranc\",\"title_hr\":\"Mixtion Lefranc\",\"title_it_it\":\"Miscela Lefranc\"}},{\"type\":\"grid_item\",\"props\":{\"content\":\"\n\n<p>Die K\\u00f6lner Aqua Size ist f\\u00fcr einfache Schlagmetall-Vergoldungen im Innenbereich zu verwenden. Die Verarbeitungszeit liegt zwischen 15 Minuten und 60 Stunden. Da sie sich nie so d\\u00fcnn auftragen l\\u00e4sst, wie \\u00d6lmixtion, ist sie f\\u00fcr Blattgold nur bedingt geeignet. Lieferbare Gebinde:<\\\/p>\\n\n\n<p><em>Aqua Size<\\\/em><span>\\u00a0<\\\/span>\\u2013 50 ml, 100 ml, 250 ml, 500 ml, 1000 ml, 4000 ml<br \\\/><em>Aqua Size, thick<\\\/em><span>\\u00a0<\\\/span>\\u2013 50 ml, 100 ml, 250 ml, 500 ml, 1000 ml, 4000 ml<\\\/p>\",\"content_en_us\":\"\n\n<p>K\\u00f6lner Aqua Size can be used for simple metal gilding in the interior area. The processing time is between 15 minutes and 60 hours. Aqua Size cannot be applied as thin as a classical Mixtion, therefore the use with genuine gold leaf is being of limited suitability. Available containers:<\\\/p>\\n\n\n<p><em>Aqua Size<\\\/em><span>\\u00a0<\\\/span>\\u2013 50 ml, 100 ml, 250 ml, 500 ml, 1000 ml, 4000 ml<br \\\/><em>Aqua Size, thick<\\\/em><span>\\u00a0<\\\/span>\\u2013 50 ml, 100 ml, 250 ml, 500 ml, 1000 ml, 4000 ml<\\\/p>\",\"content_es_es\":\"\n\n<p>El K\\u00f6lner Aqua Size se utiliza para el dorado sencillo de metales en interiores. El tiempo de tramitaci\\u00f3n oscila entre 15 minutos y 60 horas. Dado que nunca puede aplicarse tan fino como la mezcla de aceites, s\\u00f3lo es adecuado condicionalmente para el pan de oro. Contenedores disponibles:<\\\/p>\\n\n\n<p><em>Aqua Size<\\\/em><span>\\u00a0<\\\/span>\\u2013 50 ml, 100 ml, 250 ml, 500 ml, 1000 ml, 4000 ml<br \\\/><em>Aqua Size, thick<\\\/em><span>\\u00a0<\\\/span>\\u2013 50 ml, 100 ml, 250 ml, 500 ml, 1000 ml, 4000 ml<\\\/p>\",\"content_fr_fr\":\"\n\n<p>La mixtion \\u00e0 l\\u2019eau Aqua Size est utilis\\u00e9e pour les dorures int\\u00e9rieures avec les feuilles de cuivre et aluminium. Le temps d\\u2019ouverture se situe entre 15 minutes et 60 heures. Etant donn\\u00e9 qu\\u2019elle ne se laisse pas appliquer en fine couche comme la mixtion \\u00e0 l\\u2019huile, cette mixtion est peu utilis\\u00e9 pour les feuilles d\\u2019or. Conditionnement_<\\\/p>\\n\n\n<p><em>Aqua Size<\\\/em><span>\\u00a0<\\\/span>\\u2013 50 ml, 100 ml, 250 ml, 500 ml, 1000 ml, 4000 ml<br \\\/><em>Aqua Size, \\u00e9paisse<\\\/em><span>\\u00a0<\\\/span>\\u2013 50 ml, 100 ml, 250 ml, 500 ml, 1000 ml, 4000 ml<\\\/p>\",\"content_hr\":\"\n\n<p>K\\u00f6lner Aqua Size koristi se za jednostavno metalno pozla\\u0107ivanje u zatvorenim prostorima. Vrijeme obrade je izme\\u0111u 15 minuta i 60 sati. Budu\\u0107i da se nikada ne mo\\u017ee nanijeti tako tanko kao uljna mje\\u0161avina, samo je uvjetno pogodan za zlatne listi\\u0107e. Dostupni spremnici:<\\\/p>\\n\n\n<p><em>Aqua Size<\\\/em><span>\\u00a0<\\\/span>\\u2013 50 ml, 100 ml, 250 ml, 500 ml, 1000 ml, 4000 ml<br \\\/><em>Aqua Size, thick<\\\/em>\\u00a0\\u2013 50ml, 100ml, 250ml, 500ml, 1000ml, 4000ml<\\\/p>\",\"content_it_it\":\"\n\n<p>Il K\\u00f6lner Aqua Size deve essere utilizzato per la semplice doratura di interni in metallo. Il tempo di elaborazione \\u00e8 compreso tra 15 minuti e 60 ore. Poich\\u00e9 non pu\\u00f2 mai essere applicato in modo cos\\u00ec sottile come la miscela di oli, \\u00e8 adatto solo in modo condizionale per la foglia d\\u2019oro. Contenitori disponibili:<\\\/p>\\n\n\n<p><em>K\\u00f6lner Aqua Size<\\\/em>\\u00a0\\u2013 50 ml, 100 ml, 250 ml, 500 ml, 1000 ml, 4000 ml<br \\\/><em>K\\u00f6lner Aqua Size, thick<\\\/em><span>\\u00a0<\\\/span>\\u2013 50 ml, 100 ml, 250 ml, 500 ml, 1000 ml, 4000 ml<\\\/p>\",\"image\":\"https:\\\/\\\/noris-blattgold.de\\\/wp-content\\\/uploads\\\/2026\\\/01\\\/Koelner_Aqua_Size.jpg\",\"title\":\"K\\u00d6LNER AQUA SIZE\",\"title_en_us\":\"K\\u00d6LNER AQUA SIZE\",\"title_es_es\":\"K\\u00d6LNER AQUA SIZE\",\"title_fr_fr\":\"AQUA SIZE K\\u00f6lner\",\"title_hr\":\"K\\u00f6lner AQUA size\",\"title_it_it\":\"K\\u00f6lner Aqua Size\"}}]},{\"type\":\"button\",\"props\":{\"button_size\":\"large\",\"fullwidth\":false,\"grid_column_gap\":\"small\",\"grid_row_gap\":\"small\",\"margin\":\"large\",\"text_align\":\"center\"},\"children\":[{\"type\":\"button_item\",\"props\":{\"button_style\":\"primary\",\"content\":\"zum shop\",\"content_en_us\":\"to the shop\",\"content_es_es\":\"Ir a la tienda (EN)\",\"content_fr_fr\":\"Vers la boutique (EN)\",\"content_hr\":\"U trgovinu (EN)\",\"content_it_it\":\"Al negozio (EN)\",\"dialog_layout\":\"modal\",\"dialog_offcanvas_flip\":true,\"icon\":\"cart\",\"icon_align\":\"left\",\"link\":\"https:\\\/\\\/www.noris-blattgold.shop\\\/Klebemittel\\\/\",\"link_en_us\":\"https:\\\/\\\/www.noris-blattgold.shop\\\/en\\\/Adhesive\\\/\",\"link_es_es\":\"https:\\\/\\\/www.noris-blattgold.shop\\\/en\\\/Adhesive\\\/\",\"link_fr_fr\":\"https:\\\/\\\/www.noris-blattgold.shop\\\/en\\\/Adhesive\\\/\",\"link_hr\":\"https:\\\/\\\/www.noris-blattgold.shop\\\/en\\\/Adhesive\\\/\",\"link_it_it\":\"https:\\\/\\\/www.noris-blattgold.shop\\\/en\\\/Adhesive\\\/\",\"link_target\":\"blank\"}}],\"name\":\"Button zum shop\"}]}]}]}],\"version\":\"4.5.32\"} --><\/p>\n","protected":false},"excerpt":{"rendered":"<p>Klebemittel \u00d6lvergoldung Klebemittel K\u00d6LNER CLASSIC MIXTION Produkte von \u201eK\u00f6lner Classic\u201c erm\u00f6glichen wieder eine zuverl\u00e4ssige, historische Vergoldung der heutigen Zeit. Es werden drei unterschiedliche Trocknungszeiten hergestellt, die 3, 12 und 24 Stunden Mixtion. Lieferbare Gebinde: Mixtion 3h\u00a0\u2013 100 ml, 250 ml, 1000 ml, 5000 mlMixtion 12h\u00a0\u2013 100 ml, 250 ml, 1000 ml, 5000 mlMixtion 24h\u00a0\u2013 100 [&hellip;]<\/p>\n","protected":false},"author":1,"featured_media":0,"parent":0,"menu_order":0,"comment_status":"closed","ping_status":"closed","template":"full-width.php","meta":{"_acf_changed":false,"footnotes":""},"class_list":["post-5734","page","type-page","status-publish","hentry"],"acf":[],"_links":{"self":[{"href":"https:\/\/noris-blattgold.de\/it\/wp-json\/wp\/v2\/pages\/5734","targetHints":{"allow":["GET"]}}],"collection":[{"href":"https:\/\/noris-blattgold.de\/it\/wp-json\/wp\/v2\/pages"}],"about":[{"href":"https:\/\/noris-blattgold.de\/it\/wp-json\/wp\/v2\/types\/page"}],"author":[{"embeddable":true,"href":"https:\/\/noris-blattgold.de\/it\/wp-json\/wp\/v2\/users\/1"}],"replies":[{"embeddable":true,"href":"https:\/\/noris-blattgold.de\/it\/wp-json\/wp\/v2\/comments?post=5734"}],"version-history":[{"count":10,"href":"https:\/\/noris-blattgold.de\/it\/wp-json\/wp\/v2\/pages\/5734\/revisions"}],"predecessor-version":[{"id":23300,"href":"https:\/\/noris-blattgold.de\/it\/wp-json\/wp\/v2\/pages\/5734\/revisions\/23300"}],"wp:attachment":[{"href":"https:\/\/noris-blattgold.de\/it\/wp-json\/wp\/v2\/media?parent=5734"}],"curies":[{"name":"wp","href":"https:\/\/api.w.org\/{rel}","templated":true}]}}