{"id":5696,"date":"2018-02-20T16:11:18","date_gmt":"2018-02-20T16:11:18","guid":{"rendered":"http:\/\/noris-blattgold.de\/?page_id=5696"},"modified":"2026-01-14T16:47:24","modified_gmt":"2026-01-14T15:47:24","slug":"poliment","status":"publish","type":"page","link":"https:\/\/noris-blattgold.de\/it\/polimento","title":{"rendered":"Polimento"},"content":{"rendered":"<h1>Poliment<\/h1>\n<h4>Bolus<\/h4>\n<h1>Poliment<br \/>\n<\/h1>\n<p><img decoding=\"async\" src=\"https:\/\/noris-blattgold.de\/wp-content\/uploads\/2018\/01\/separator.png\" alt=\"\"><\/p>\n<div>Poliment ist eine besonders aufbereitete Tonerde (Bolus), die bei der Polimentvergoldung als Unterlage f\u00fcr das Blattgold dient. Diese Polimentschicht und die darunterliegende Kreidegrundierung bilden den Untergrund, der das Polieren des Goldes auf Hochglanz erm\u00f6glicht. Polimentvergoldungen k\u00f6nnen nur auf saugenden Untergr\u00fcnden ausgef\u00fchrt werden.<\/p>\n<\/div>\n<ul>\n<li>\n<p>        <img decoding=\"async\" src=\"https:\/\/noris-blattgold.de\/wp-content\/uploads\/2018\/02\/Poliment_Koelner_1.jpg\" alt=\"\"><\/p>\n<div>K\u00f6lner Classic Poliment nass<\/div>\n<div>\n<p>Es handelt sich um ein ungebundenes Poliment. Vor dem Gebrauch muss es mit Leim (Hautleim oder Hasenleim), Gelatine oder Eiwei\u00df abgeleimt werden. Dieses Poliment ist bereits mit Wasser zu einer Paste verarbeitet. Es ist in 400 g und 1 kg Gebinden erh\u00e4ltlich.<\/p>\n<p>Schwarz, Weiss, Oxydrot, Armenisch Rot, Gelb, Ocker, Blau<\/p>\n<\/div>\n<\/li>\n<li>\n<p>        <img decoding=\"async\" src=\"https:\/\/noris-blattgold.de\/wp-content\/uploads\/2018\/02\/poliment_selhamin_1.jpg\" alt=\"\"><\/p>\n<div>Poliment deutsch nass<\/div>\n<div>\n<p>Selhamin Poliment ist ein f\u00fcr die Grundierung von Vergoldungen besonders aufbereiteter, veredelter Bolus. Selhamin Poliment ist in past\u00f6ser Form in 1 kg Gebinden und folgenden Farben erh\u00e4ltlich:<\/p>\n<p>Gelb, Weiss, Lichtblau hell, Schwarz, Grau, Oxydrot, Gr\u00fcn, Altrosa<\/p>\n<\/div>\n<\/li>\n<li>\n<p>        <img decoding=\"async\" src=\"https:\/\/noris-blattgold.de\/wp-content\/uploads\/2018\/02\/poliment_selhamin_trocken.jpg\" alt=\"\"><\/p>\n<div>Poliment deutsch trocken<\/div>\n<div>\n<p>Selhamin Poliment ist ein f\u00fcr die Grundierung von Vergoldungen besonders aufbereiteter, veredelter Bolus. Festes, trockenes Poliment in H\u00fctchenform ist in 1 kg Gebinden und folgenden Farben erh\u00e4ltlich:<\/p>\n<p>Gelb, Weiss, Lichtblau hell, Schwarz, Grau, Oxydrot<\/p>\n<\/div>\n<\/li>\n<li>\n<p>        <img decoding=\"async\" src=\"https:\/\/noris-blattgold.de\/wp-content\/uploads\/2018\/02\/poliment_lefranc_1.jpg\" alt=\"\"><\/p>\n<div>Poliment lefranc nass<\/div>\n<div>\n<p>Poliment Lefranc ist ein f\u00fcr die Grundierung von Vergoldungen besonders aufbereiteter, veredelter Bolus. Lefranc Poliment ist in past\u00f6ser Form in 1 kg Gebinden und folgenden Farben erh\u00e4ltlich:<\/p>\n<p>Rot, Gelb, Schwarz, Dunkelblau (Spezialanfertigung)<\/p>\n<\/div>\n<\/li>\n<li>\n<p>        <img decoding=\"async\" src=\"\/wp-content\/uploads\/2026\/01\/Polimentpulver-Oxydrot.png\" alt=\"\"><\/p>\n<div>Poliment Pulver<\/div>\n<div>\n<p>Als Alternative zum nassen Poliment wurde ein leimfreies Polimentpulver f\u00fcr die Polimentvergoldung entwicket.\u00a0<\/p>\n<p>Rot, Gelb, Schwarz, Wei\u00df<\/p>\n<\/div>\n<\/li>\n<\/ul>\n<p><p>\n        <a href=\"https:\/\/www.noris-blattgold.shop\/Poliment\/\">zum shop<\/a>\n    <\/p>\n<\/p>\n<p><!--more--><br \/>\n<!-- {\"type\":\"layout\",\"children\":[{\"type\":\"section\",\"props\":{\"header_transparent\":false,\"header_transparent_noplaceholder\":false,\"header_transparent_text_color\":\"light\",\"height\":\"viewport\",\"height_viewport\":50,\"image\":\"https:\\\/\\\/noris-blattgold.de\\\/wp-content\\\/uploads\\\/2018\\\/07\\\/poliment_title.jpg\",\"image_position\":\"top-center\",\"image_size\":\"cover\",\"media_focal_point\":\"top-center\",\"overlap\":false,\"padding\":\"large\",\"style\":\"default\",\"text_color\":\"light\",\"title_breakpoint\":\"xl\",\"title_position\":\"top-left\",\"title_rotation\":\"left\",\"vertical_align\":\"\",\"width\":\"default\"},\"children\":[{\"type\":\"row\",\"children\":[{\"type\":\"column\",\"props\":{\"image_position\":\"center-center\",\"position_sticky_breakpoint\":\"m\",\"width_medium\":\"1-1\"},\"children\":[{\"type\":\"headline\",\"props\":{\"content\":\"Poliment\",\"content_en_us\":\"Burnishing Clay\\n\",\"content_es_es\":\"Polimento\",\"content_fr_fr\":\"Assiette\\n\",\"content_hr\":\"poliment\\n\",\"content_it_it\":\"Polimento\",\"text_align\":\"left\",\"title_element\":\"h1\",\"title_style\":\"h1\"}}]}]}],\"name\":\"Hero\"},{\"type\":\"section\",\"props\":{\"image_position\":\"center-center\",\"padding\":\"large\",\"style\":\"default\",\"title_breakpoint\":\"xl\",\"title_position\":\"top-left\",\"title_rotation\":\"left\",\"vertical_align\":\"middle\",\"width\":\"default\"},\"children\":[{\"type\":\"row\",\"children\":[{\"type\":\"column\",\"props\":{\"image_position\":\"center-center\",\"position_sticky_breakpoint\":\"m\"},\"children\":[{\"type\":\"headline\",\"props\":{\"content\":\"Bolus\",\"content_en_us\":\"Powder\",\"content_es_es\":\"Polvo\",\"content_fr_fr\":\"Poudre\",\"content_hr\":\"Puder\",\"content_it_it\":\"Polvere\",\"text_align\":\"center\",\"title_color\":\"primary\",\"title_decoration\":\"line\",\"title_element\":\"h4\",\"title_font_family\":\"default\",\"title_style\":\"text-lead\"}},{\"type\":\"headline\",\"props\":{\"content\":\"Poliment\\n\",\"content_en_us\":\"Burnishing Clay\\n\",\"content_es_es\":\"Poliment\",\"content_fr_fr\":\"Assiette\",\"content_hr\":\"Poliment\",\"content_it_it\":\"Poliment\",\"text_align\":\"center\",\"title_element\":\"h1\"}},{\"type\":\"image\",\"props\":{\"image\":\"https:\\\/\\\/noris-blattgold.de\\\/wp-content\\\/uploads\\\/2018\\\/01\\\/separator.png\",\"image_svg_color\":\"emphasis\",\"margin\":\"default\",\"text_align\":\"center\"}},{\"type\":\"text\",\"props\":{\"column_breakpoint\":\"m\",\"content\":\"Poliment ist eine besonders aufbereitete Tonerde (Bolus), die bei der Polimentvergoldung als Unterlage f\\u00fcr das Blattgold dient. Diese Polimentschicht und die darunterliegende Kreidegrundierung bilden den Untergrund, der das Polieren des Goldes auf Hochglanz erm\\u00f6glicht. Polimentvergoldungen k\\u00f6nnen nur auf saugenden Untergr\\u00fcnden ausgef\\u00fchrt werden.\\n\\n\",\"content_en_us\":\"Poliment is a specially prepared clay (bolus), which serves as a base for the gold leaf at water gilding.<br \/>\\nGesso and several layers of burnishing clay (poliment) generates the substrate composition, which makes it possible to polish\\\/burnish the gold to a high gloss. The technique of water gilding can only be applied to absorbent substrates.\\n\\n\",\"content_es_es\":\"El polimento es una arcilla especialmente preparada (bolo) que sirve de base para el pan de oro en el dorado con polimento. Esta capa de pulimento y la imprimaci\\u00f3n de tiza subyacente forman la base que permite pulir el oro hasta obtener un brillo intenso. El dorado de polvos s\\u00f3lo puede realizarse sobre soportes absorbentes.\\n\\n\",\"content_fr_fr\":\"L\\u2019assiette est une argile sp\\u00e9ciale (Bolus) utilis\\u00e9e pour la dorure \\u00e0 la d\\u00e9trempe. Cette assiette sera m\\u00e9lang\\u00e9e \\u00e0 la colle de peau de lapin et appliqu\\u00e9e sur les appr\\u00eats au blanc de Meudon qui permettent ensuite de brunir (polir) la Feuille d\\u2018OR. La dorure \\u00e0 l\\u2019assiette doit \\u00eatre r\\u00e9alis\\u00e9e sur des fonds poreux.\\n\\n\",\"content_hr\":\"Poliment je posebno pripremljena glina (bolus) koja slu\\u017ei kao podloga za zlatni list u polimentnoj pozlati. Ovaj sloj polimenta i temeljni temeljni premaz od krede \\u010dine podlogu koja omogu\\u0107uje poliranje zlata do visokog sjaja. Polimentna pozlata mo\\u017ee se izvoditi samo na upijaju\\u0107im podlogama.\\n\\n\",\"content_it_it\":\"Il polimento \\u00e8 un\\u2019argilla appositamente preparata (bolo) che serve come base per la foglia d\\u2019oro nella doratura a polimento. Questo strato di polimerizzazione e il sottostante fondo di gesso formano la base che permette all\\u2019oro di essere lucidato a specchio. La doratura a polimeri pu\\u00f2 essere eseguita solo su supporti assorbenti.\\n\\n\",\"margin\":\"large\",\"text_align\":\"center\"}}]}]}],\"name\":\"\\u00dcberschrift - Header\"},{\"type\":\"section\",\"props\":{\"image_position\":\"center-center\",\"padding\":\"large\",\"padding_remove_top\":true,\"style\":\"default\",\"title_breakpoint\":\"xl\",\"title_position\":\"top-left\",\"title_rotation\":\"left\",\"vertical_align\":\"middle\",\"width\":\"default\"},\"children\":[{\"type\":\"row\",\"children\":[{\"type\":\"column\",\"props\":{\"image_position\":\"center-center\",\"position_sticky_breakpoint\":\"m\"},\"children\":[{\"type\":\"grid\",\"props\":{\"content_column_breakpoint\":\"m\",\"filter_align\":\"left\",\"filter_all\":true,\"filter_grid_breakpoint\":\"m\",\"filter_grid_width\":\"auto\",\"filter_position\":\"top\",\"filter_style\":\"tab\",\"grid_column_align\":true,\"grid_column_gap\":\"small\",\"grid_default\":\"1\",\"grid_divider\":true,\"grid_medium\":\"\",\"grid_row_gap\":\"small\",\"icon_width\":80,\"image_align\":\"left\",\"image_grid_breakpoint\":\"s\",\"image_grid_width\":\"1-3\",\"image_svg_color\":\"emphasis\",\"image_transition\":\"scale-up\",\"image_width\":400,\"item_animation\":true,\"lightbox\":true,\"lightbox_bg_close\":true,\"link_style\":\"default\",\"link_text\":\"\",\"margin\":\"default\",\"meta_align\":\"below-title\",\"meta_color\":\"primary\",\"meta_element\":\"div\",\"meta_margin\":\"remove\",\"meta_style\":\"text-large\",\"panel_image_no_padding\":true,\"panel_link\":true,\"panel_padding\":\"small\",\"show_content\":true,\"show_hover_image\":true,\"show_hover_video\":true,\"show_image\":true,\"show_link\":true,\"show_meta\":true,\"show_title\":true,\"show_video\":true,\"text_align\":\"left\",\"text_align_breakpoint\":\"s\",\"text_align_fallback\":\"center\",\"title_align\":\"top\",\"title_element\":\"div\",\"title_font_family\":\"primary\",\"title_grid_breakpoint\":\"m\",\"title_grid_width\":\"1-2\",\"title_hover_style\":\"reset\",\"title_style\":\"text-large\"},\"children\":[{\"type\":\"grid_item\",\"props\":{\"content\":\"\n\n<p>Es handelt sich um ein ungebundenes Poliment. Vor dem Gebrauch muss es mit Leim (Hautleim oder Hasenleim), Gelatine oder Eiwei\\u00df abgeleimt werden. Dieses Poliment ist bereits mit Wasser zu einer Paste verarbeitet. Es ist in 400 g und 1 kg Gebinden erh\\u00e4ltlich.<\\\/p>\\n\n\n<p>Schwarz, Weiss, Oxydrot, Armenisch Rot, Gelb, Ocker, Blau<\\\/p>\",\"content_en_us\":\"\n\n<p>It is an unbound poliment (unprepared) and has to be prepared with gelatine or rabbit skin glue before it can be applied. This poliment is already processed with water to a paste. It is available in 400 g and 1 kg containers:<\\\/p>\\n\n\n<p>Black, White, Oxyd Red, Armenian Red, Yellow, Ochre, Blue<\\\/p>\",\"content_es_es\":\"\n\n<p>Es un polimento no ligado. Antes de usarla, hay que pegarla con cola (cola de cuero o de conejo), gelatina o clara de huevo. Este polimento ya est\\u00e1 mezclado con agua para formar una pasta. Est\\u00e1 disponible en envases de 400 g y 1 kg.<\\\/p>\\n\n\n<p>Negro, blanco, rojo \\u00f3xido, rojo armenio, amarillo, ocre, azul<\\\/p>\",\"content_fr_fr\":\"\n\n<p>Il s\\u2019agit d\\u2019une assiette pr\\u00eate \\u00e0 l\\u2019emploi sans addition de colle de peau ou autres. Elle est tr\\u00e8s couvrante et ne corde pas . Disponible en 400 g ou 1 kg.<br \\\/>Couleurs disponibles:<\\\/p>\\n\n\n<p>Noir, Blanc, Rouge Oxyd\\u00e9, Rouge d\\u2018Arm\\u00e9nie, Jaune, Ocre, Bleu<\\\/p>\",\"content_hr\":\"\n\n<p>To je nevezana politika. Prije upotrebe potrebno ga je zalijepiti ljepilom (skrivnim ljepilom ili ze\\u010djim ljepilom), \\u017eelatinom ili bjelanjkom. Ovaj poliment je ve\\u0107 napravljen u pastu s vodom. Dostupan je u ambala\\u017ei od 400 g i 1 kg.<\\\/p>\\n\n\n<p>Crna, bijela, oksidno crvena, armenska crvena, \\u017euta, oker, plava<\\\/p>\",\"content_it_it\":\"\n\n<p>Si tratta di un polimento non legato. Prima dell\\u2019uso, deve essere incollato con colla (colla di cuoio o colla di coniglio), gelatina o albume d\\u2019uovo. Questo polimero viene gi\\u00e0 mescolato con acqua per formare una pasta. \\u00c8 disponibile in contenitori da 400 g e 1 kg.<\\\/p>\\n\n\n<p>Nero, Bianco, Rosso ossido, Rosso armeno, Giallo, Ocra, Blu<\\\/p>\",\"image\":\"https:\\\/\\\/noris-blattgold.de\\\/wp-content\\\/uploads\\\/2018\\\/02\\\/Poliment_Koelner_1.jpg\",\"title\":\"K\\u00f6lner Classic Poliment nass\",\"title_en_us\":\"K\\u00f6lner Classic Poliment Wet\",\"title_es_es\":\"K\\u00f6lner Classic Poliment mojada\",\"title_fr_fr\":\"Assiette K\\u00f6lner Classic Pr\\u00eate \\u00e0 l\\u2018emploi\",\"title_hr\":\"K\\u00f6lner Classic Poliment wet\",\"title_it_it\":\"K\\u00f6lner Classic Poliment bagnata\"}},{\"type\":\"grid_item\",\"props\":{\"content\":\"\n\n<p>Selhamin Poliment ist ein f\\u00fcr die Grundierung von Vergoldungen besonders aufbereiteter, veredelter Bolus. Selhamin Poliment ist in past\\u00f6ser Form in 1 kg Gebinden und folgenden Farben erh\\u00e4ltlich:<\\\/p>\\n\n\n<p>Gelb, Weiss, Lichtblau hell, Schwarz, Grau, Oxydrot, Gr\\u00fcn, Altrosa<\\\/p>\",\"content_en_us\":\"\n\n<p>Selhamin Poliment is a specially prepared and refined clay for the priming of the gilding. Selhamin Poliment is available in paste-like form in 1 kg containers and following colours:<\\\/p>\\n\n\n<p>Yellow, White, Blue Light, Black, Grey, Oxyd Red, Green, Rose<\\\/p>\",\"content_es_es\":\"\n\n<p>Selhamin Poliment es un bolo especialmente preparado y refinado para la imprimaci\\u00f3n de dorados. Selhamin Poliment est\\u00e1 disponible en forma de pasta en envases de 1 kg y en los siguientes colores:<\\\/p>\\n\n\n<p>Amarillo, blanco, azul claro, negro, gris, rojo \\u00f3xido, verde, rosa viejo<\\\/p>\",\"content_fr_fr\":\"\n\n<p>L\\u2019assiette Selhamin est une assiette tr\\u00e8s finement broy\\u00e9e. Conditionnement de 1 kg. Couleurs disponibles:<\\\/p>\\n\n\n<p>Jaune, Blanc, Bleu, Noir, Gris, Rouge Oxid\\u00e8, Vert, Vieux Rose<\\\/p>\",\"content_hr\":\"\n\n<p>Selhamin Poliment je posebno pripremljen, rafiniran bolus za temeljnu pozlatu. Selhamin Poliment dostupan je u obliku paste u ambala\\u017ei od 1 kg iu sljede\\u0107im bojama:<\\\/p>\\n\n\n<p>\\u017duta, bijela, svijetlo plava, crna, siva, oksid crvena, zelena, tamno ru\\u017ei\\u010dasta<\\\/p>\",\"content_it_it\":\"\n\n<p>Selhamin Poliment \\u00e8 un bolo appositamente preparato e raffinato per il priming delle dorature. Selhamin Poliment \\u00e8 disponibile in forma di pasta in contenitori da 1 kg e nei seguenti colori:<\\\/p>\\n\n\n<p>Giallo, Bianco, Azzurro, Nero, Grigio, Rosso ossido, Verde, Rosa antico<\\\/p>\",\"image\":\"https:\\\/\\\/noris-blattgold.de\\\/wp-content\\\/uploads\\\/2018\\\/02\\\/poliment_selhamin_1.jpg\",\"title\":\"Poliment deutsch nass\",\"title_en_us\":\"Poliment German Wet\",\"title_es_es\":\"Poliment alem\\u00e1n h\\u00famedo\",\"title_fr_fr\":\"Assiette humide allemande\",\"title_hr\":\"Poliment njema\\u010dki mokar\",\"title_it_it\":\"Poliment tedesco bagnato\"}},{\"type\":\"grid_item\",\"props\":{\"content\":\"\n\n<p>Selhamin Poliment ist ein f\\u00fcr die Grundierung von Vergoldungen besonders aufbereiteter, veredelter Bolus. Festes, trockenes Poliment in H\\u00fctchenform ist in 1 kg Gebinden und folgenden Farben erh\\u00e4ltlich:<\\\/p>\\n\n\n<p>Gelb, Weiss, Lichtblau hell, Schwarz, Grau, Oxydrot<\\\/p>\",\"content_en_us\":\"\n\n<p>Selhamin Poliment is a specially prepared and refined clay for the priming of the gilding. Selhamin Poliment is available in solid dry in for of cones in 1 kg containers and following colours:<\\\/p>\\n\n\n<p>Yellow, White, Blue Light, Black, Grey, Oxyd Red, Green, Rose<\\\/p>\",\"content_es_es\":\"\n\n<p>Selhamin Poliment es un bolo especialmente preparado y refinado para la imprimaci\\u00f3n de dorados. El polimento s\\u00f3lido y seco en forma de tap\\u00f3n est\\u00e1 disponible en envases de 1 kg y en los siguientes colores:<\\\/p>\\n\n\n<p>Amarillo, blanco, azul claro, negro, gris, rojo \\u00f3xido<\\\/p>\",\"content_fr_fr\":\"\n\n<p>L\\u2019assiette Selhamin s\\u00e8che en forme de \\u201ecrottes\\u201c n\\u2019est pas pr\\u00eate \\u00e0 l\\u2019emploi. Elle doit \\u00eatre r\\u00e9hydrat\\u00e9es avec de l\\u2019eau distill\\u00e9e . Conditionnement 1 kg et disponible dans les couleurs suivantes:<\\\/p>\\n\n\n<p>Jaune, Blanc, Bleu Clair, Noir, Gris, Rouge Oxid\\u00e8<\\\/p>\",\"content_hr\":\"\n\n<p>Selhamin Poliment je posebno pripremljen, rafiniran bolus za temeljnu pozlatu. \\u010cvrsti, suhi poliment u obliku sto\\u0161ca dostupan je u ambala\\u017ei od 1 kg iu sljede\\u0107im bojama:<\\\/p>\\n\n\n<p>\\u017duta, bijela, svijetlo plava, crna, siva, oksid crvena<\\\/p>\",\"content_it_it\":\"\n\n<p>Selhamin Poliment \\u00e8 un bolo appositamente preparato e raffinato per il priming delle dorature. Il polimento solido e secco in forma di cono \\u00e8 disponibile in contenitori da 1 kg e nei seguenti colori:<\\\/p>\\n\n\n<p>Giallo, Bianco, Azzurro, Nero, Grigio, Rosso ossidato<\\\/p>\",\"image\":\"https:\\\/\\\/noris-blattgold.de\\\/wp-content\\\/uploads\\\/2018\\\/02\\\/poliment_selhamin_trocken.jpg\",\"title\":\"Poliment deutsch trocken\",\"title_en_us\":\"Poliment German Dry\",\"title_es_es\":\"Poliment alem\\u00e1n seco\",\"title_fr_fr\":\"Assiette en \\u201ecrottes\\u201c allemande\",\"title_hr\":\"Poliment njema\\u010dki suhi\",\"title_it_it\":\"Poliment tedesco secco\"}},{\"type\":\"grid_item\",\"props\":{\"content\":\"\n\n<p>Poliment Lefranc ist ein f\\u00fcr die Grundierung von Vergoldungen besonders aufbereiteter, veredelter Bolus. Lefranc Poliment ist in past\\u00f6ser Form in 1 kg Gebinden und folgenden Farben erh\\u00e4ltlich:<\\\/p>\\n\n\n<p>Rot, Gelb, Schwarz, Dunkelblau (Spezialanfertigung)<\\\/p>\",\"content_en_us\":\"\n\n<p>Poliment Lefranc\\u00a0 is a specially prepared and refined clay for the priming of the gilding. Lefranc Poliment is supplied as a paste in 1 kg containers and following colours:<\\\/p>\\n\n\n<p>Red, Yellow, Black<\\\/p>\",\"content_es_es\":\"\n\n<p>El Poliment Lefranc es un bolo refinado especialmente preparado para la imprimaci\\u00f3n de dorados. Lefranc Poliment est\\u00e1 disponible en forma de pasta en envases de 1 kg y en los siguientes colores:<\\\/p>\\n\n\n<p>Rojo, amarillo, negro, azul oscuro (a medida)<\\\/p>\",\"content_fr_fr\":\"\n\n<p>L\\u2019assiette Lefranc est disponible en 1 Kg dans les couleurs suivantes:<\\\/p>\\n\n\n<p>Rouge, Jaune, Noir, Bleu fonc\\u00e9<\\\/p>\",\"content_hr\":\"\n\n<p>Poliment Lefranc je posebno pripremljen, rafinirani bolus za grundiranje pozlate. Lefranc Poliment dostupan je u obliku paste u posudama od 1 kg iu sljede\\u0107im bojama:<\\\/p>\\n\n\n<p>Crvena, \\u017euta, crna, tamnoplava (prilago\\u0111ena narud\\u017eba)<\\\/p>\",\"content_it_it\":\"\n\n<p>Il Poliment Lefranc \\u00e8 un bolo raffinato appositamente preparato per la preparazione del fondo delle dorature. Lefranc Poliment \\u00e8 disponibile in forma di pasta in contenitori da 1 kg e nei seguenti colori:<\\\/p>\\n\n\n<p>Rosso, giallo, nero, blu scuro (su misura)<\\\/p>\",\"image\":\"https:\\\/\\\/noris-blattgold.de\\\/wp-content\\\/uploads\\\/2018\\\/02\\\/poliment_lefranc_1.jpg\",\"title\":\"Poliment lefranc nass\",\"title_en_us\":\"Poliment lefranc Wet\",\"title_es_es\":\"Polimento lefranc mojado\",\"title_fr_fr\":\"Assiette Lefranc humide\",\"title_hr\":\"Poliment lefranc mokar\",\"title_it_it\":\"Poliment lefranc bagnato\"}},{\"type\":\"grid_item\",\"props\":{\"content\":\"\n\n<p>Als Alternative zum nassen Poliment wurde ein leimfreies Polimentpulver f\\u00fcr die Polimentvergoldung entwicket.\\u00a0<\\\/p>\\n\n\n<p>Rot, Gelb, Schwarz, Wei\\u00df<\\\/p>\",\"content_en_us\":\"\n\n<p>As an alternative to wet poliment, a glue-free poliment powder was developed for poliment gilding.<\\\/p>\\n\n\n<p>Red, yellow, black, white<\\\/p>\",\"content_es_es\":\"\n\n<p>Como alternativa al polimento h\\u00famedo, se ha desarrollado un polimento en polvo sin cola para el dorado con polimento.<\\\/p>\\n\n\n<p>Rojo, amarillo, negro, blanco.<\\\/p>\",\"content_fr_fr\":\"\n\n<p>Une poudre de poliment sans colle a \\u00e9t\\u00e9 d\\u00e9velopp\\u00e9e comme alternative au poliment humide pour la dorure au poliment.<\\\/p>\\n\n\n<p>Rouge, jaune, noir, blanc<\\\/p>\",\"content_hr\":\"\n\n<p>Kao alternativa mokrom polimentu, za polimentiranje razvit je prah bez ljepila.<\\\/p>\\n\n\n<p>Crveni, \\u017euti, crni, bijeli<\\\/p>\",\"content_it_it\":\"\n\n<p>In alternativa al polimento umido, \\u00e8 stata sviluppata una polvere di polimento senza colla per la doratura a polimento.<\\\/p>\\n\n\n<p>Rosso, giallo, nero, bianco<\\\/p>\",\"image\":\"wp-content\\\/uploads\\\/2026\\\/01\\\/Polimentpulver-Oxydrot.png\",\"title\":\"Poliment Pulver\",\"title_en_us\":\"Poliment powder\",\"title_es_es\":\"Polimento en polvo.\",\"title_fr_fr\":\"Poudre de poliment\",\"title_hr\":\"Prah za polimentiranje\",\"title_it_it\":\"Polimento in polvere\"}}]},{\"type\":\"button\",\"props\":{\"button_size\":\"large\",\"fullwidth\":false,\"grid_column_gap\":\"small\",\"grid_row_gap\":\"small\",\"margin\":\"large\",\"text_align\":\"center\"},\"children\":[{\"type\":\"button_item\",\"props\":{\"button_style\":\"primary\",\"content\":\"zum shop\",\"content_en_us\":\"to the shop\",\"content_es_es\":\"Ir a la tienda (EN)\",\"content_fr_fr\":\"Vers la boutique (EN)\",\"content_hr\":\"U trgovinu (EN)\",\"content_it_it\":\"Al negozio (EN)\",\"dialog_layout\":\"modal\",\"dialog_offcanvas_flip\":true,\"icon\":\"cart\",\"icon_align\":\"left\",\"link\":\"https:\\\/\\\/www.noris-blattgold.shop\\\/Poliment\\\/\",\"link_en_us\":\"https:\\\/\\\/www.noris-blattgold.shop\\\/en\\\/Poliment\\\/\",\"link_es_es\":\"https:\\\/\\\/www.noris-blattgold.shop\\\/en\\\/Poliment\\\/\",\"link_fr_fr\":\"https:\\\/\\\/www.noris-blattgold.shop\\\/en\\\/Poliment\\\/\",\"link_hr\":\"https:\\\/\\\/www.noris-blattgold.shop\\\/en\\\/Poliment\\\/\",\"link_it_it\":\"https:\\\/\\\/www.noris-blattgold.shop\\\/en\\\/Poliment\\\/\",\"link_target\":\"blank\"}}],\"name\":\"Button zum shop\"}]}]}]}],\"version\":\"4.5.32\"} --><\/p>\n","protected":false},"excerpt":{"rendered":"<p>Poliment Bolus Poliment Poliment ist eine besonders aufbereitete Tonerde (Bolus), die bei der Polimentvergoldung als Unterlage f\u00fcr das Blattgold dient. Diese Polimentschicht und die darunterliegende Kreidegrundierung bilden den Untergrund, der das Polieren des Goldes auf Hochglanz erm\u00f6glicht. Polimentvergoldungen k\u00f6nnen nur auf saugenden Untergr\u00fcnden ausgef\u00fchrt werden. K\u00f6lner Classic Poliment nass Es handelt sich um ein ungebundenes [&hellip;]<\/p>\n","protected":false},"author":1,"featured_media":0,"parent":0,"menu_order":0,"comment_status":"closed","ping_status":"closed","template":"full-width.php","meta":{"_acf_changed":false,"footnotes":""},"class_list":["post-5696","page","type-page","status-publish","hentry"],"acf":[],"_links":{"self":[{"href":"https:\/\/noris-blattgold.de\/it\/wp-json\/wp\/v2\/pages\/5696","targetHints":{"allow":["GET"]}}],"collection":[{"href":"https:\/\/noris-blattgold.de\/it\/wp-json\/wp\/v2\/pages"}],"about":[{"href":"https:\/\/noris-blattgold.de\/it\/wp-json\/wp\/v2\/types\/page"}],"author":[{"embeddable":true,"href":"https:\/\/noris-blattgold.de\/it\/wp-json\/wp\/v2\/users\/1"}],"replies":[{"embeddable":true,"href":"https:\/\/noris-blattgold.de\/it\/wp-json\/wp\/v2\/comments?post=5696"}],"version-history":[{"count":10,"href":"https:\/\/noris-blattgold.de\/it\/wp-json\/wp\/v2\/pages\/5696\/revisions"}],"predecessor-version":[{"id":23259,"href":"https:\/\/noris-blattgold.de\/it\/wp-json\/wp\/v2\/pages\/5696\/revisions\/23259"}],"wp:attachment":[{"href":"https:\/\/noris-blattgold.de\/it\/wp-json\/wp\/v2\/media?parent=5696"}],"curies":[{"name":"wp","href":"https:\/\/api.w.org\/{rel}","templated":true}]}}