{"id":6012,"date":"2018-03-06T15:43:33","date_gmt":"2018-03-06T15:43:33","guid":{"rendered":"http:\/\/noris-blattgold.de\/?page_id=6012"},"modified":"2026-01-30T08:03:55","modified_gmt":"2026-01-30T07:03:55","slug":"rapid-steinmetz","status":"publish","type":"page","link":"https:\/\/noris-blattgold.de\/hr\/rapid-steinmetz","title":{"rendered":"Rapid Steinmetz"},"content":{"rendered":"<h1>Rapid Steinmetz<\/h1>\n<h4>K\u00f6lner<\/h4>\n<h1>Rapid Steinmetz<br \/>\n<\/h1>\n<p><img decoding=\"async\" src=\"https:\/\/noris-blattgold.de\/wp-content\/uploads\/2018\/01\/separator.png\" alt=\"\"><\/p>\n<div>\n<p>Ein neues Acrylklebemittel f\u00fcr den Au\u00dfenbereich, speziell entwickelt f\u00fcr den Steinmetzbedarf, mit ganz besonderen Eigenschaften.<br \/>Das Klebemittel wird unverd\u00fcnnt und satt in zwei Schichten, dazwischen ca. 15 Min. Trocknungszeit, mit einem Pinsel aufgetragen. Wir empfehlen flache Synthetikhaarpinsel, z.B. unsere Artikel # 230-13ff. Bereits nach circa 15 min\u00fctiger Trocknung, ist es m\u00f6glich, je nach Umgebungstemperatur und Luftfeuchtigkeit, bis zu 3 Tagen hochgl\u00e4nzend zu vergolden. Wir empfehlen f\u00fcr den Au\u00dfenbereich unser Rosenoble Doppel Gold, 23,75 Karat. Sofern es sich um einen stark saugenden Untergrund \/ Stein handelt, k\u00f6nnen mehrere Schichten des Klebemittels aufgebracht werden. Dabei immer eine Schicht trocknen lassen bevor die n\u00e4chste Schicht aufgestrichen wird. Ein vorheriges Abdichten des Steines ist dann nicht mehr erforderlich. Das komfortable und sichere Arbeiten mit dem K\u00f6lner Rapid Steinmetz wird schnell \u00fcberzeugen. Vor allem Arbeiten drau\u00dfen auf der Baustelle oder\/und dem Friedhof k\u00f6nnen z\u00fcgig und trotzdem in h\u00f6chster Qualit\u00e4t durchgef\u00fchrt werden. F\u00fcr gr\u00f6\u00dfere Fl\u00e4chen kann K\u00f6lner Rapid Steinmetz nach Verd\u00fcnnung mit h\u00f6chstens 8% destilliertem Wasser auch gespritzt werden. Empfohlen ist ein Niederdruck-Spritzger\u00e4t mit einer D\u00fcsenweite von 1 \u2013 1,5 mm.<\/p>\n<\/div>\n<div>\n<p>    <img decoding=\"async\" src=\"\/wp-content\/uploads\/2026\/01\/Rapid_gelb_DSC0101_1000x1000.jpg\" alt=\"\"><\/p>\n<div>K\u00f6lner Rapid Steinmetz<\/div>\n<div>\n<p>K\u00f6lner Rapid wurde speziell f\u00fcr den Steinmetzbedarf entwickelt.\u00a0Trockenzeit nur 15 Minuten, Offenzeit garantiert bis zu 8 Stunden. Lieferbare Gebinde:<\/p>\n<p><em>Rapid Steinmetz gelb<\/em><span>\u00a0<\/span>\u2013 100 ml<br \/><em>Rapid Steinmetz klar<\/em><span>\u00a0<\/span>\u2013 100 ml<\/p>\n<\/div>\n<\/div>\n<p><p>\n        <a href=\"https:\/\/www.noris-blattgold.shop\/Klebemittel\/Koelner-Rapid-Steinmetz\/\">zum shop<\/a>\n    <\/p>\n<\/p>\n<p><!--more--><br \/>\n<!-- {\"type\":\"layout\",\"children\":[{\"type\":\"section\",\"props\":{\"header_transparent\":false,\"header_transparent_noplaceholder\":false,\"header_transparent_text_color\":\"light\",\"height\":\"viewport\",\"height_viewport\":50,\"image\":\"https:\\\/\\\/noris-blattgold.de\\\/wp-content\\\/uploads\\\/2026\\\/01\\\/Banner_Koelner_Rapid.png\",\"image_position\":\"top-center\",\"image_size\":\"cover\",\"media_focal_point\":\"top-center\",\"overlap\":false,\"padding\":\"large\",\"style\":\"default\",\"text_color\":\"light\",\"title_breakpoint\":\"xl\",\"title_position\":\"top-left\",\"title_rotation\":\"left\",\"vertical_align\":\"\",\"width\":\"default\"},\"children\":[{\"type\":\"row\",\"children\":[{\"type\":\"column\",\"props\":{\"image_position\":\"center-center\",\"position_sticky_breakpoint\":\"m\",\"width_medium\":\"1-1\"},\"children\":[{\"type\":\"headline\",\"props\":{\"content\":\"Rapid Steinmetz\",\"content_en_us\":\"Rapid Stonemason\\n\",\"content_es_es\":\"Rapid\",\"content_fr_fr\":\"Peinture rapide Marbrier\\n\",\"content_hr\":\"Rapid Steinmetz\\n\",\"content_it_it\":\"Rapid Steinmetz\\n\",\"text_align\":\"left\",\"title_element\":\"h1\",\"title_style\":\"h1\"}}]}]}],\"name\":\"Hero\"},{\"type\":\"section\",\"props\":{\"image_position\":\"center-center\",\"padding\":\"large\",\"style\":\"default\",\"title_breakpoint\":\"xl\",\"title_position\":\"top-left\",\"title_rotation\":\"left\",\"vertical_align\":\"middle\",\"width\":\"default\"},\"children\":[{\"type\":\"row\",\"children\":[{\"type\":\"column\",\"props\":{\"image_position\":\"center-center\",\"position_sticky_breakpoint\":\"m\"},\"children\":[{\"type\":\"headline\",\"props\":{\"content\":\"K\\u00f6lner\",\"content_en_us\":\"Powder\",\"content_es_es\":\"Polvo\",\"content_fr_fr\":\"Poudre\",\"content_hr\":\"Puder\",\"content_it_it\":\"Polvere\",\"text_align\":\"center\",\"title_color\":\"primary\",\"title_decoration\":\"line\",\"title_element\":\"h4\",\"title_font_family\":\"default\",\"title_style\":\"text-lead\"}},{\"type\":\"headline\",\"props\":{\"content\":\"Rapid Steinmetz\\n\",\"content_en_us\":\"Rapid Stonemason\\n\",\"content_es_es\":\"Rapid Steinmetz\\n\",\"content_fr_fr\":\"Peinture rapide Marbrier\\n\",\"content_hr\":\"Rapid Steinmetz\\n\",\"content_it_it\":\"Rapid Steinmetz\\n\",\"text_align\":\"center\",\"title_element\":\"h1\"}},{\"type\":\"image\",\"props\":{\"image\":\"https:\\\/\\\/noris-blattgold.de\\\/wp-content\\\/uploads\\\/2018\\\/01\\\/separator.png\",\"image_svg_color\":\"emphasis\",\"margin\":\"default\",\"text_align\":\"center\"}},{\"type\":\"text\",\"props\":{\"column_breakpoint\":\"m\",\"content\":\"\n\n<p>Ein neues Acrylklebemittel f\\u00fcr den Au\\u00dfenbereich, speziell entwickelt f\\u00fcr den Steinmetzbedarf, mit ganz besonderen Eigenschaften.<br \\\/>Das Klebemittel wird unverd\\u00fcnnt und satt in zwei Schichten, dazwischen ca. 15 Min. Trocknungszeit, mit einem Pinsel aufgetragen. Wir empfehlen flache Synthetikhaarpinsel, z.B. unsere Artikel # 230-13ff. Bereits nach circa 15 min\\u00fctiger Trocknung, ist es m\\u00f6glich, je nach Umgebungstemperatur und Luftfeuchtigkeit, bis zu 3 Tagen hochgl\\u00e4nzend zu vergolden. Wir empfehlen f\\u00fcr den Au\\u00dfenbereich unser Rosenoble Doppel Gold, 23,75 Karat. Sofern es sich um einen stark saugenden Untergrund \\\/ Stein handelt, k\\u00f6nnen mehrere Schichten des Klebemittels aufgebracht werden. Dabei immer eine Schicht trocknen lassen bevor die n\\u00e4chste Schicht aufgestrichen wird. Ein vorheriges Abdichten des Steines ist dann nicht mehr erforderlich. Das komfortable und sichere Arbeiten mit dem K\\u00f6lner Rapid Steinmetz wird schnell \\u00fcberzeugen. Vor allem Arbeiten drau\\u00dfen auf der Baustelle oder\\\/und dem Friedhof k\\u00f6nnen z\\u00fcgig und trotzdem in h\\u00f6chster Qualit\\u00e4t durchgef\\u00fchrt werden. F\\u00fcr gr\\u00f6\\u00dfere Fl\\u00e4chen kann K\\u00f6lner Rapid Steinmetz nach Verd\\u00fcnnung mit h\\u00f6chstens 8% destilliertem Wasser auch gespritzt werden. Empfohlen ist ein Niederdruck-Spritzger\\u00e4t mit einer D\\u00fcsenweite von 1 \\u2013 1,5 mm.<\\\/p>\",\"content_en_us\":\"K\\u00f6lner Rapid is specifically developed for stone mason requirements.<br \/>\\nThe adhesive is applied undiluted in two layers with a brush. After approximately 15 minutes of drying (depending on the thickness of the Rapid layer, temperature, and relative humidity), you can either apply a second layer of Rapid or you can start gilding. Beware that the Rapid layer must be completely dry before gilding. After that, you have 8 hours open time to make a high-quality gilding.<br \/>\\nIf it concerns a strongly absorbing surface, several layers of adhesive can be applied. Make sure that the layer is always completely dry before painting a next layer.\\nSealing of the stone is then no longer necessary. Working with K\\u00f6lner Rapid is comfortable and safe, and will quickly feel natural. Especially work outdoors can be done fast, yet with high quality, for example on site or\\\/and at the cemetery.\\nFor large surfaces, K\\u00f6lner Rapid can be sprayed as well after diluting it with no more than 8 % distilled water. A low pressure sprayer with a nozzle size of 1 \\u2013 1,5 mm is recommended.\\n\\n\",\"content_es_es\":\"Un nuevo adhesivo acr\\u00edlico para exteriores, especialmente desarrollado para canteros, con propiedades muy especiales.<br \/>\\nEl adhesivo se aplica sin diluir y se satura en dos capas, con un intervalo de aprox. 15 minutos. Tiempo de secado, aplicado con pincel. Recomendamos cepillos planos de pelo sint\\u00e9tico, por ejemplo, nuestros art\\u00edculos n\\u00ba 230-13 y siguientes. Tras unos 15 minutos de secado, es posible dorar con un brillo intenso durante un m\\u00e1ximo de 3 d\\u00edas, dependiendo de la temperatura ambiente y la humedad. Recomendamos nuestro doble de oro rosa oble, de 23,75 quilates para exteriores. Si el sustrato\\\/piedra es muy absorbente, pueden aplicarse varias capas de adhesivo. Deje secar siempre una capa antes de aplicar la siguiente. En ese caso, ya no es necesario sellar previamente la piedra. El trabajo c\\u00f3modo y seguro con la Colonia R\\u00e1pida Steinmetz le convencer\\u00e1 r\\u00e1pidamente. Especialmente los trabajos en el exterior de la obra o\\\/y el cementerio pueden realizarse con rapidez y siempre con la m\\u00e1xima calidad. Para superficies m\\u00e1s grandes, K\\u00f6lner Rapid Steinmetz tambi\\u00e9n puede pulverizarse despu\\u00e9s de diluirlo con un m\\u00e1ximo del 8% de agua destilada. Se recomienda utilizar un pulverizador de baja presi\\u00f3n con una boquilla de 1 a 1,5 mm de anchura.\",\"content_fr_fr\":\"Une peinture acrylique pour l\\u2019ext\\u00e9rieur, d\\u00e9velopp\\u00e9e sp\\u00e9cialement pour les besoins des marbriers, avec des propri\\u00e9t\\u00e9s sp\\u00e9cifiques.<br \/>\\nLa peinture est appliqu\\u00e9e non dilu\\u00e9e au pinceau, en 2 couches, s\\u00e9chage environ 15 minutes. Nous recommandons le pinceau synth\\u00e9tique (notre article # 230-13ff).<br \/>\\nEnviron 15 minutes apr\\u00e8s s\\u00e9chage, il est possible, selon la temp\\u00e9rature ambiante et l\\u2019humidit\\u00e9, de dorer jusqu\\u2019\\u00e0 3 jours.\\n\\n\",\"content_hr\":\"Novo akrilno ljepilo za vanjske radove posebno razvijeno za kamenoklesarske potrebe s vrlo posebnim svojstvima.<br \/>\\nLjepilo se nanosi nerazrije\\u0111eno i zasi\\u0107eno u dva sloja, izme\\u0111u cca 15 minuta. Vrijeme su\\u0161enja naneseno \\u010detkom. Preporu\\u010damo ravne \\u010detke od sinteti\\u010dke dlake, npr. na\\u0161 artikl # 230-13ff. Nakon 15-tak minuta su\\u0161enja mogu\\u0107e je pozlatiti u visokom sjaju do 3 dana, ovisno o temperaturi i vlazi okoline. Preporu\\u010dujemo na\\u0161e Rosenoble dvostruko zlato, 23,75 karata za vanjsku upotrebu. Ako je podloga\\\/kamen jako upijaju\\u0107a, mo\\u017ee se nanijeti nekoliko slojeva ljepila. Uvijek pustite da se jedan sloj osu\\u0161i prije nano\\u0161enja sljede\\u0107eg sloja. Tada vi\\u0161e nije potrebno prethodno brtviti kamen. Udoban i siguran rad s K\\u00f6lner Rapid Steinmetz brzo \\u0107e vas uvjeriti. Iznad svega, radovi vani na gradili\\u0161tu i\\\/ili groblju mogu se obaviti brzo i jo\\u0161 uvijek vrlo kvalitetno. Za ve\\u0107e povr\\u0161ine K\\u00f6lner Rapid Steinmetz tako\\u0111er se mo\\u017ee prskati nakon razrje\\u0111ivanja s najvi\\u0161e 8% destilirane vode. Preporu\\u010da se niskotla\\u010dni raspr\\u0161iva\\u010d sa \\u0161irinom mlaznice od 1 \\u2013 1,5 mm.\",\"content_it_it\":\"Un nuovo adesivo acrilico per esterni, sviluppato appositamente per gli scalpellini, con propriet\\u00e0 molto speciali.<br \/>\\nL\\u2019adesivo viene applicato non diluito e saturato in due mani, con un intervallo di circa 15 minuti. Tempo di asciugatura, applicato con un pennello. Si consiglia di utilizzare spazzole piatte in pelo sintetico, ad esempio i nostri articoli n. 230-13 e segg. Dopo un\\u2019asciugatura di circa 15 minuti, \\u00e8 possibile dorare a specchio per un massimo di 3 giorni, a seconda della temperatura e dell\\u2019umidit\\u00e0 dell\\u2019ambiente. Per l\\u2019uso esterno consigliamo il nostro oro rosa doppio, 23,75 carati. Se il supporto\\\/la pietra \\u00e8 molto assorbente, \\u00e8 possibile applicare pi\\u00f9 strati di adesivo. Lasciare sempre asciugare una mano prima di applicare la successiva. La sigillatura preventiva della pietra non \\u00e8 pi\\u00f9 necessaria. Il lavoro confortevole e sicuro con la Colonia Rapid Steinmetz vi convincer\\u00e0 rapidamente. Soprattutto i lavori all\\u2019esterno del cantiere e\\\/o del cimitero possono essere eseguiti rapidamente e sempre con la massima qualit\\u00e0. Per le superfici pi\\u00f9 grandi, K\\u00f6lner Rapid Steinmetz pu\\u00f2 essere spruzzato anche dopo una diluizione con un massimo dell\\u20198% di acqua distillata. Si consiglia di utilizzare uno spruzzatore a bassa pressione con un ugello di 1 \\u2013 1,5 mm.\\n\\n\",\"margin\":\"large\",\"text_align\":\"center\"}}]}]}],\"name\":\"\\u00dcberschrift - Header\"},{\"type\":\"section\",\"props\":{\"image_position\":\"center-center\",\"padding\":\"large\",\"padding_remove_top\":true,\"style\":\"default\",\"title_breakpoint\":\"xl\",\"title_position\":\"top-left\",\"title_rotation\":\"left\",\"vertical_align\":\"middle\",\"width\":\"default\"},\"children\":[{\"type\":\"row\",\"children\":[{\"type\":\"column\",\"props\":{\"image_position\":\"center-center\",\"position_sticky_breakpoint\":\"m\"},\"children\":[{\"type\":\"grid\",\"props\":{\"content_column_breakpoint\":\"m\",\"filter_align\":\"left\",\"filter_all\":true,\"filter_grid_breakpoint\":\"m\",\"filter_grid_width\":\"auto\",\"filter_position\":\"top\",\"filter_style\":\"tab\",\"grid_column_align\":true,\"grid_column_gap\":\"small\",\"grid_default\":\"1\",\"grid_divider\":true,\"grid_medium\":\"\",\"grid_row_gap\":\"small\",\"icon_width\":80,\"image_align\":\"left\",\"image_grid_breakpoint\":\"s\",\"image_grid_width\":\"1-3\",\"image_svg_color\":\"emphasis\",\"image_transition\":\"scale-up\",\"image_width\":400,\"item_animation\":true,\"lightbox\":true,\"lightbox_bg_close\":true,\"link_style\":\"default\",\"link_text\":\"\",\"margin\":\"default\",\"meta_align\":\"below-title\",\"meta_color\":\"primary\",\"meta_element\":\"div\",\"meta_margin\":\"remove\",\"meta_style\":\"text-large\",\"panel_image_no_padding\":true,\"panel_link\":true,\"panel_padding\":\"small\",\"show_content\":true,\"show_hover_image\":true,\"show_hover_video\":true,\"show_image\":true,\"show_link\":true,\"show_meta\":true,\"show_title\":true,\"show_video\":true,\"text_align\":\"left\",\"text_align_breakpoint\":\"s\",\"text_align_fallback\":\"center\",\"title_align\":\"top\",\"title_element\":\"div\",\"title_font_family\":\"primary\",\"title_grid_breakpoint\":\"m\",\"title_grid_width\":\"1-2\",\"title_hover_style\":\"reset\",\"title_style\":\"text-large\"},\"children\":[{\"type\":\"grid_item\",\"props\":{\"content\":\"\n\n<p>K\\u00f6lner Rapid wurde speziell f\\u00fcr den Steinmetzbedarf entwickelt.\\u00a0Trockenzeit nur 15 Minuten, Offenzeit garantiert bis zu 8 Stunden. Lieferbare Gebinde:<\\\/p>\\n\n\n<p><em>Rapid Steinmetz gelb<\\\/em><span>\\u00a0<\\\/span>\\u2013 100 ml<br \\\/><em>Rapid Steinmetz klar<\\\/em><span>\\u00a0<\\\/span>\\u2013 100 ml<\\\/p>\",\"content_en_us\":\"\n\n<p>K\\u00f6lner Rapid is specifically developed for stonemason requirements. Drying time only 15 minutes, open time up to 8 hours guarantee. Available containers:<\\\/p>\\n\n\n<p><em>Rapid Stonemason yellow<\\\/em><span>\\u00a0<\\\/span>\\u2013 100 ml<br \\\/><em>Rapid Stonemason clear<\\\/em><span>\\u00a0<\\\/span>\\u2013 100 ml<\\\/p>\",\"content_es_es\":\"\n\n<p>K\\u00f6lner Rapid se ha desarrollado especialmente para los requisitos de la canter\\u00eda. Tiempo de secado de s\\u00f3lo 15 minutos, tiempo abierto garantizado hasta 8 horas. Contenedores disponibles:<\\\/p>\\n\n\n<p><em>Rapid Steinmetz r\\u00e1pido<\\\/em><span>\\u00a0<\\\/span>\\u2013 100 ml<br \\\/><em>Rapid Steinmetz transparente<\\\/em><span>\\u00a0<\\\/span>\\u2013 100 ml<\\\/p>\",\"content_fr_fr\":\"\n\n<p>La peinture Rapid K\\u00f6lner a \\u00e9t\\u00e9 d\\u00e9velopp\\u00e9e sp\\u00e9cialement pour les besoins marbriers. S\\u00e9chage en 15 minutes seulement. Ouverture garantie jusqu\\u2019\\u00e0 8 heures. Conditionnement livrables:<\\\/p>\\n\n\n<p><em>Rapide Marbrier Jaune<\\\/em><span>\\u00a0<\\\/span>\\u2013 100 ml<br \\\/><em>Rapide Marbrier Clair<\\\/em><span>\\u00a0<\\\/span>\\u2013 100 ml<\\\/p>\",\"content_hr\":\"\n\n<p>K\\u00f6lner Rapid je posebno razvijen za potrebe klesara. Vrijeme su\\u0161enja samo 15 minuta, otvoreno vrijeme zajam\\u010deno do 8 sati. Dostupni spremnici:<\\\/p>\\n\n\n<p><em>Rapid klesarski \\u017euti<\\\/em><span>\\u00a0<\\\/span>\\u2013 100 ml<br \\\/><em>Rapid Steinmetz bistro<\\\/em><span>\\u00a0<\\\/span>\\u2013 100 ml<\\\/p>\",\"content_it_it\":\"\n\n<p>K\\u00f6lner Rapid \\u00e8 stato sviluppato appositamente per le esigenze della muratura. Tempo di asciugatura di soli 15 minuti, tempo di apertura garantito fino a 8 ore. Contenitori disponibili:<\\\/p>\\n\n\n<p><em>Giallo Rapid Steimetz<\\\/em><span>\\u00a0<\\\/span>\\u2013 100 ml<br \\\/><em>Trasparente Rapid Steinmetz<\\\/em><span>\\u00a0<\\\/span>\\u2013 100 ml<\\\/p>\",\"image\":\"wp-content\\\/uploads\\\/2026\\\/01\\\/Rapid_gelb_DSC0101_1000x1000.jpg\",\"title\":\"K\\u00f6lner Rapid Steinmetz\",\"title_en_us\":\"K\\u00f6lner Rapid Stonemason\",\"title_es_es\":\"K\\u00f6lner Rapid Steinmetz\",\"title_fr_fr\":\"Peinture Rapid Marbrier K\\u00f6lner\",\"title_hr\":\"K\\u00f6lner Rapid Steinmetz\",\"title_it_it\":\"K\\u00f6lner Rapid Steimetz\"}}]},{\"type\":\"button\",\"props\":{\"button_size\":\"large\",\"fullwidth\":false,\"grid_column_gap\":\"small\",\"grid_row_gap\":\"small\",\"margin\":\"large\",\"text_align\":\"center\"},\"children\":[{\"type\":\"button_item\",\"props\":{\"button_style\":\"primary\",\"content\":\"zum shop\",\"content_en_us\":\"to the shop\",\"content_es_es\":\"Ir a la tienda (EN)\",\"content_fr_fr\":\"Vers la boutique (EN)\",\"content_hr\":\"U trgovinu (EN)\",\"content_it_it\":\"Al negozio (EN)\",\"dialog_layout\":\"modal\",\"dialog_offcanvas_flip\":true,\"icon\":\"cart\",\"icon_align\":\"left\",\"link\":\"https:\\\/\\\/www.noris-blattgold.shop\\\/Klebemittel\\\/Koelner-Rapid-Steinmetz\\\/\",\"link_en_us\":\"https:\\\/\\\/www.noris-blattgold.shop\\\/en\\\/Adhesive\\\/Koelner-rapid-Stone-Mason\\\/\",\"link_es_es\":\"https:\\\/\\\/www.noris-blattgold.shop\\\/en\\\/Adhesive\\\/Koelner-rapid-Stone-Mason\\\/\",\"link_fr_fr\":\"https:\\\/\\\/www.noris-blattgold.shop\\\/en\\\/Adhesive\\\/Koelner-rapid-Stone-Mason\\\/\",\"link_hr\":\"https:\\\/\\\/www.noris-blattgold.shop\\\/en\\\/Adhesive\\\/Koelner-rapid-Stone-Mason\\\/\",\"link_it_it\":\"https:\\\/\\\/www.noris-blattgold.shop\\\/en\\\/Adhesive\\\/Koelner-rapid-Stone-Mason\\\/\",\"link_target\":\"blank\"}}],\"name\":\"Button zum shop\"}]}]}]}],\"version\":\"4.5.32\"} --><\/p>\n","protected":false},"excerpt":{"rendered":"<p>Rapid Steinmetz K\u00f6lner Rapid Steinmetz Ein neues Acrylklebemittel f\u00fcr den Au\u00dfenbereich, speziell entwickelt f\u00fcr den Steinmetzbedarf, mit ganz besonderen Eigenschaften.Das Klebemittel wird unverd\u00fcnnt und satt in zwei Schichten, dazwischen ca. 15 Min. Trocknungszeit, mit einem Pinsel aufgetragen. Wir empfehlen flache Synthetikhaarpinsel, z.B. unsere Artikel # 230-13ff. Bereits nach circa 15 min\u00fctiger Trocknung, ist es m\u00f6glich, [&hellip;]<\/p>\n","protected":false},"author":1,"featured_media":0,"parent":0,"menu_order":0,"comment_status":"closed","ping_status":"closed","template":"full-width.php","meta":{"_acf_changed":false,"footnotes":""},"class_list":["post-6012","page","type-page","status-publish","hentry"],"acf":[],"_links":{"self":[{"href":"https:\/\/noris-blattgold.de\/hr\/wp-json\/wp\/v2\/pages\/6012","targetHints":{"allow":["GET"]}}],"collection":[{"href":"https:\/\/noris-blattgold.de\/hr\/wp-json\/wp\/v2\/pages"}],"about":[{"href":"https:\/\/noris-blattgold.de\/hr\/wp-json\/wp\/v2\/types\/page"}],"author":[{"embeddable":true,"href":"https:\/\/noris-blattgold.de\/hr\/wp-json\/wp\/v2\/users\/1"}],"replies":[{"embeddable":true,"href":"https:\/\/noris-blattgold.de\/hr\/wp-json\/wp\/v2\/comments?post=6012"}],"version-history":[{"count":7,"href":"https:\/\/noris-blattgold.de\/hr\/wp-json\/wp\/v2\/pages\/6012\/revisions"}],"predecessor-version":[{"id":23327,"href":"https:\/\/noris-blattgold.de\/hr\/wp-json\/wp\/v2\/pages\/6012\/revisions\/23327"}],"wp:attachment":[{"href":"https:\/\/noris-blattgold.de\/hr\/wp-json\/wp\/v2\/media?parent=6012"}],"curies":[{"name":"wp","href":"https:\/\/api.w.org\/{rel}","templated":true}]}}