{"id":5804,"date":"2018-02-28T11:48:01","date_gmt":"2018-02-28T11:48:01","guid":{"rendered":"http:\/\/noris-blattgold.de\/?page_id=5804"},"modified":"2025-12-06T02:36:59","modified_gmt":"2025-12-06T01:36:59","slug":"vergoldermesser","status":"publish","type":"page","link":"https:\/\/noris-blattgold.de\/hr\/nozic-za-pozlatu","title":{"rendered":"No\u017ei\u0107 za pozlatu"},"content":{"rendered":"<h1>Vergoldermesser<\/h1>\n<h4>Werkzeuge<\/h4>\n<h1>Vergoldermesser<\/h1>\n<p><img decoding=\"async\" src=\"https:\/\/noris-blattgold.de\/wp-content\/uploads\/2018\/01\/separator.png\" alt=\"\"><\/p>\n<div>Vergoldermesser aus Edelstahl zum Schneiden des jeweiligen Materials auf dem Vergolderkissen. Vor dem Gebrauch ist die Klinge sorgf\u00e4ltig mit Ethanol zu entfetten. M\u00f6glichst die Klinge nicht ber\u00fchren, um den Kontakt mit Hautfett zu vermeiden.<\/p>\n<\/div>\n<ul>\n<li>\n<p>        <img decoding=\"async\" src=\"https:\/\/noris-blattgold.de\/wp-content\/uploads\/2018\/02\/19502100.jpg\" alt=\"\"><\/p>\n<div>Vergoldermesser<\/div>\n<div>Kleines Vergoldermesser aus Edelstahl geschmiedet, hochglanzpoliert. Doppelseitige Klinge in Holzgriff gefasst.<\/p>\n<\/div>\n<\/li>\n<li>\n<p>        <img decoding=\"async\" src=\"https:\/\/noris-blattgold.de\/wp-content\/uploads\/2018\/02\/19502101.jpg\" alt=\"\"><\/p>\n<div>Vergoldermesser<\/div>\n<div>Grosses Vergoldermesser aus Edelstahl geschmiedet, hochglanzpoliert. Doppelseitige Klinge in Holzgriff gefasst.<\/p>\n<\/div>\n<\/li>\n<li>\n<p>        <img decoding=\"async\" src=\"https:\/\/noris-blattgold.de\/wp-content\/uploads\/2018\/02\/19502102.jpg\" alt=\"\"><\/p>\n<div>Vergoldermesser<\/div>\n<div>Profi Vergoldermesser aus Edelstahl geschmiedet, hochglanzpoliert. Einseitige Klinge in Holzgriff gefasst.<\/p>\n<\/div>\n<\/li>\n<\/ul>\n<p><p>\n        <a href=\"https:\/\/www.noris-blattgold.shop\/Werkzeug\/Vergolderkissen-messer\/\">zum shop<\/a>\n    <\/p>\n<\/p>\n<p><!--more--><br \/>\n<!-- {\"type\":\"layout\",\"children\":[{\"type\":\"section\",\"props\":{\"header_transparent\":false,\"header_transparent_noplaceholder\":false,\"header_transparent_text_color\":\"light\",\"height\":\"viewport\",\"height_viewport\":50,\"image\":\"https:\\\/\\\/noris-blattgold.de\\\/wp-content\\\/uploads\\\/2018\\\/07\\\/vergoldermesser_1_title.jpg\",\"image_position\":\"top-center\",\"image_size\":\"cover\",\"media_focal_point\":\"top-center\",\"overlap\":false,\"padding\":\"large\",\"style\":\"default\",\"text_color\":\"light\",\"title_breakpoint\":\"xl\",\"title_position\":\"top-left\",\"title_rotation\":\"left\",\"vertical_align\":\"\",\"width\":\"default\"},\"children\":[{\"type\":\"row\",\"children\":[{\"type\":\"column\",\"props\":{\"image_position\":\"center-center\",\"position_sticky_breakpoint\":\"m\",\"width_medium\":\"1-1\"},\"children\":[{\"type\":\"headline\",\"props\":{\"content\":\"Vergoldermesser\",\"content_en_us\":\"Gilding knife\\n\",\"content_es_es\":\"Cuchillo dorador\\n\",\"content_fr_fr\":\"Couteau \\u00e0 dorer\\n\",\"content_hr\":\"no\\u017ei\\u0107 za pozlatu\\n\",\"content_it_it\":\"Coltello per doratura\\n\",\"text_align\":\"left\",\"title_element\":\"h1\",\"title_style\":\"h1\"}}]}]}],\"name\":\"Hero\"},{\"type\":\"section\",\"props\":{\"image_position\":\"center-center\",\"padding\":\"large\",\"style\":\"default\",\"title_breakpoint\":\"xl\",\"title_position\":\"top-left\",\"title_rotation\":\"left\",\"vertical_align\":\"middle\",\"width\":\"default\"},\"children\":[{\"type\":\"row\",\"children\":[{\"type\":\"column\",\"props\":{\"image_position\":\"center-center\",\"position_sticky_breakpoint\":\"m\"},\"children\":[{\"type\":\"headline\",\"props\":{\"content\":\"Werkzeuge\",\"content_en_us\":\"Tools\",\"content_es_es\":\"Herramientas\",\"content_fr_fr\":\"Outils\",\"content_hr\":\"Alati\",\"content_it_it\":\"Utensileria\",\"text_align\":\"center\",\"title_color\":\"primary\",\"title_decoration\":\"line\",\"title_element\":\"h4\",\"title_font_family\":\"default\",\"title_style\":\"text-lead\"}},{\"type\":\"headline\",\"props\":{\"content\":\"Vergoldermesser\",\"content_en_us\":\"Gilding knife\\n\",\"content_es_es\":\"Cuchillo dorador\\n\",\"content_fr_fr\":\"Couteau \\u00e0 dorer\\n\",\"content_hr\":\"no\\u017ei\\u0107 za pozlatu\\n\",\"content_it_it\":\"Coltello per doratura\\n\",\"text_align\":\"center\",\"title_element\":\"h1\"}},{\"type\":\"image\",\"props\":{\"image\":\"https:\\\/\\\/noris-blattgold.de\\\/wp-content\\\/uploads\\\/2018\\\/01\\\/separator.png\",\"image_svg_color\":\"emphasis\",\"margin\":\"default\",\"text_align\":\"center\"}},{\"type\":\"text\",\"props\":{\"column_breakpoint\":\"m\",\"content\":\"Vergoldermesser aus Edelstahl zum Schneiden des jeweiligen Materials auf dem Vergolderkissen. Vor dem Gebrauch ist die Klinge sorgf\\u00e4ltig mit Ethanol zu entfetten. M\\u00f6glichst die Klinge nicht ber\\u00fchren, um den Kontakt mit Hautfett zu vermeiden.\\n\\n\",\"content_en_us\":\"Stainless steel gilding knife for cutting the respective material on the gilding pad. Before use, carefully degrease the blade with ethanol. If possible, do not touch the blade to avoid contact with skin grease.\\n\\n\",\"content_es_es\":\"Cuchillo de dorado de acero inoxidable para cortar el material correspondiente en la almohadilla de dorado. Antes de usarla, desengrase cuidadosamente la cuchilla con etanol. Si es posible, no toque la cuchilla para evitar el contacto con la grasa de la piel.\\n\\n\",\"content_fr_fr\":\"Couteau \\u00e0 dorer en acier inoxydable pour d\\u00e9couper le mat\\u00e9riau concern\\u00e9 sur le tampon \\u00e0 dorer. Avant l\\u2019utilisation, la lame doit \\u00eatre soigneusement d\\u00e9graiss\\u00e9e \\u00e0 l\\u2019\\u00e9thanol. Si possible, ne pas toucher la lame pour \\u00e9viter le contact avec la graisse de la peau.\\n\\n\",\"content_hr\":\"No\\u017e za pozlatu od nehr\\u0111aju\\u0107eg \\u010delika za rezanje doti\\u010dnog materijala na podlozi za pozlatu. Prije uporabe, o\\u0161tricu je potrebno pa\\u017eljivo odmastiti etanolom. Ako je mogu\\u0107e, ne dirajte o\\u0161tricu kako biste izbjegli kontakt s ko\\u017enom masno\\u0107om.\\n\\n\",\"content_it_it\":\"Coltello per doratura in acciaio inossidabile per tagliare il rispettivo materiale sul tampone per doratura. Prima dell\\u2019uso, sgrassare accuratamente la lama con etanolo. Se possibile, non toccare la lama per evitare il contatto con il grasso della pelle.\\n\\n\",\"margin\":\"large\",\"text_align\":\"center\"}}]}]}],\"name\":\"\\u00dcberschrift - Header\"},{\"type\":\"section\",\"props\":{\"image_position\":\"center-center\",\"padding\":\"large\",\"padding_remove_top\":true,\"style\":\"default\",\"title_breakpoint\":\"xl\",\"title_position\":\"top-left\",\"title_rotation\":\"left\",\"vertical_align\":\"middle\",\"width\":\"default\"},\"children\":[{\"type\":\"row\",\"children\":[{\"type\":\"column\",\"props\":{\"image_position\":\"center-center\",\"position_sticky_breakpoint\":\"m\"},\"children\":[{\"type\":\"grid\",\"props\":{\"content_column_breakpoint\":\"m\",\"filter_align\":\"left\",\"filter_all\":true,\"filter_grid_breakpoint\":\"m\",\"filter_grid_width\":\"auto\",\"filter_position\":\"top\",\"filter_style\":\"tab\",\"grid_column_align\":true,\"grid_column_gap\":\"small\",\"grid_default\":\"1\",\"grid_divider\":false,\"grid_medium\":\"\",\"grid_row_gap\":\"small\",\"icon_width\":\"80\",\"image_align\":\"top\",\"image_grid_breakpoint\":\"s\",\"image_grid_width\":\"auto\",\"image_svg_color\":\"emphasis\",\"image_transition\":\"scale-up\",\"image_width\":650,\"item_animation\":true,\"lightbox\":true,\"lightbox_bg_close\":true,\"link_style\":\"default\",\"link_text\":\"\",\"margin\":\"default\",\"meta_align\":\"below-title\",\"meta_color\":\"primary\",\"meta_element\":\"div\",\"meta_margin\":\"remove\",\"meta_style\":\"text-large\",\"panel_image_no_padding\":true,\"panel_link\":true,\"panel_padding\":\"small\",\"show_content\":true,\"show_hover_image\":true,\"show_hover_video\":true,\"show_image\":true,\"show_link\":true,\"show_meta\":true,\"show_title\":true,\"show_video\":true,\"text_align\":\"left\",\"text_align_breakpoint\":\"s\",\"text_align_fallback\":\"center\",\"title_align\":\"top\",\"title_element\":\"div\",\"title_font_family\":\"primary\",\"title_grid_breakpoint\":\"m\",\"title_grid_width\":\"auto\",\"title_hover_style\":\"reset\",\"title_margin\":\"remove\",\"title_style\":\"h4\"},\"children\":[{\"type\":\"grid_item\",\"props\":{\"content\":\"Kleines Vergoldermesser aus Edelstahl geschmiedet, hochglanzpoliert. Doppelseitige Klinge in Holzgriff gefasst.\\n\\n\",\"content_en_us\":\"Small gilding knife forged from stainless steel, mirror polished. Double sided blade set in wooden handle.\\n\\n\",\"content_es_es\":\"Peque\\u00f1o cuchillo para dorar forjado en acero inoxidable, muy pulido. Hoja de doble filo engastada en mango de madera.\\n\\n\",\"content_fr_fr\":\"Petit couteau \\u00e0 dorer forg\\u00e9 en acier inoxydable, poli miroir. Lame double face sertie dans un manche en bois.\\n\\n\",\"content_hr\":\"Mali pozlatarski no\\u017e, kovan od nehr\\u0111aju\\u0107eg \\u010delika, visoko poliran. Dvostrana o\\u0161trica u drvenoj dr\\u0161ci.\\n\\n\",\"content_it_it\":\"Piccolo coltello da doratura forgiato in acciaio inossidabile, altamente lucidato. Lama a doppia faccia incastonata in un manico di legno.\\n\\n\",\"image\":\"https:\\\/\\\/noris-blattgold.de\\\/wp-content\\\/uploads\\\/2018\\\/02\\\/19502100.jpg\",\"title\":\"Vergoldermesser\",\"title_en_us\":\"Gilding knife\",\"title_es_es\":\"Cuchillo dorador\",\"title_fr_fr\":\"Couteau \\u00e0 dorer\",\"title_hr\":\"no\\u017ei\\u0107 za pozlatu\",\"title_it_it\":\"Coltello per doratura\"}},{\"type\":\"grid_item\",\"props\":{\"content\":\"Grosses Vergoldermesser aus Edelstahl geschmiedet, hochglanzpoliert. Doppelseitige Klinge in Holzgriff gefasst.\\n\\n\",\"content_en_us\":\"Large gilding knife forged from stainless steel, mirror polished. Double sided blade set in wooden handle.\\n\\n\",\"content_es_es\":\"Cuchillo dorador grande forjado en acero inoxidable, muy pulido. Hoja de doble filo engastada en mango de madera.\\n\\n\",\"content_fr_fr\":\"Grand couteau \\u00e0 dorer forg\\u00e9 en acier inoxydable, poli miroir. Lame double face sertie dans un manche en bois.\\n\\n\",\"content_hr\":\"Veliki pozlatarski no\\u017e, kovan od nehr\\u0111aju\\u0107eg \\u010delika, visoko poliran. Dvostrana o\\u0161trica u drvenoj dr\\u0161ci.\\n\\n\",\"content_it_it\":\"Grande coltello da doratura forgiato in acciaio inossidabile, altamente lucidato. Lama a doppia faccia incastonata in un manico di legno.\\n\\n\",\"image\":\"https:\\\/\\\/noris-blattgold.de\\\/wp-content\\\/uploads\\\/2018\\\/02\\\/19502101.jpg\",\"title\":\"Vergoldermesser\",\"title_en_us\":\"Gilding knife\",\"title_es_es\":\"Cuchillo dorador\",\"title_fr_fr\":\"Couteau \\u00e0 dorer\",\"title_hr\":\"no\\u017ei\\u0107 za pozlatu\",\"title_it_it\":\"Coltello per doratura\"}},{\"type\":\"grid_item\",\"props\":{\"content\":\"Profi Vergoldermesser aus Edelstahl geschmiedet, hochglanzpoliert. Einseitige Klinge in Holzgriff gefasst.\\n\\n\",\"content_en_us\":\"Professional gilding knife forged from stainless steel, mirror polished. Single-edged blade set in wooden handle.\\n\\n\",\"content_es_es\":\"Cuchillo dorador profesional forjado en acero inoxidable, muy pulido. Hoja de un solo filo engastada en un mango de madera.\\n\\n\",\"content_fr_fr\":\"Couteau \\u00e0 dorer professionnel en acier inoxydable forg\\u00e9, poli miroir. Lame unilat\\u00e9rale sertie dans un manche en bois.\\n\\n\",\"content_hr\":\"Profesionalni no\\u017e za pozlatu izra\\u0111en od kovanog nehr\\u0111aju\\u0107eg \\u010delika, visoko poliran. Jednostrana o\\u0161trica postavljena u drvenu dr\\u0161ku.\\n\\n\",\"content_it_it\":\"Coltello professionale per doratura forgiato in acciaio inossidabile, altamente lucidato. Lama a taglio singolo incastonata in un manico di legno.\\n\\n\",\"image\":\"https:\\\/\\\/noris-blattgold.de\\\/wp-content\\\/uploads\\\/2018\\\/02\\\/19502102.jpg\",\"title\":\"Vergoldermesser\",\"title_en_us\":\"Gilding knife\",\"title_es_es\":\"Cuchillo dorador\",\"title_fr_fr\":\"Couteau \\u00e0 dorer\",\"title_hr\":\"no\\u017ei\\u0107 za pozlatu\",\"title_it_it\":\"Coltello per doratura\"}}]},{\"type\":\"button\",\"props\":{\"button_size\":\"large\",\"fullwidth\":false,\"grid_column_gap\":\"small\",\"grid_row_gap\":\"small\",\"margin\":\"large\",\"text_align\":\"center\"},\"children\":[{\"type\":\"button_item\",\"props\":{\"button_style\":\"primary\",\"content\":\"zum shop\",\"content_en_us\":\"to the shop\",\"content_es_es\":\"Ir a la tienda (EN)\",\"content_fr_fr\":\"Vers la boutique (EN)\",\"content_hr\":\"U trgovinu (EN)\",\"content_it_it\":\"Al negozio (EN)\",\"dialog_layout\":\"modal\",\"dialog_offcanvas_flip\":true,\"icon\":\"cart\",\"icon_align\":\"left\",\"link\":\"https:\\\/\\\/www.noris-blattgold.shop\\\/Werkzeug\\\/Vergolderkissen-messer\\\/\",\"link_en_us\":\"https:\\\/\\\/www.noris-blattgold.shop\\\/en\\\/Tools\\\/Gilders-Cushion-knife\\\/\",\"link_es_es\":\"https:\\\/\\\/www.noris-blattgold.shop\\\/en\\\/Tools\\\/Gilders-Cushion-knife\\\/\",\"link_fr_fr\":\"https:\\\/\\\/www.noris-blattgold.shop\\\/en\\\/Tools\\\/Gilders-Cushion-knife\\\/\",\"link_hr\":\"https:\\\/\\\/www.noris-blattgold.shop\\\/en\\\/Tools\\\/Gilders-Cushion-knife\\\/\",\"link_it_it\":\"https:\\\/\\\/www.noris-blattgold.shop\\\/en\\\/Tools\\\/Gilders-Cushion-knife\\\/\",\"link_target\":\"blank\"}}],\"name\":\"Button zum shop\"}]}]}]}],\"version\":\"4.5.32\"} --><\/p>\n","protected":false},"excerpt":{"rendered":"<p>Vergoldermesser Werkzeuge Vergoldermesser Vergoldermesser aus Edelstahl zum Schneiden des jeweiligen Materials auf dem Vergolderkissen. Vor dem Gebrauch ist die Klinge sorgf\u00e4ltig mit Ethanol zu entfetten. M\u00f6glichst die Klinge nicht ber\u00fchren, um den Kontakt mit Hautfett zu vermeiden. Vergoldermesser Kleines Vergoldermesser aus Edelstahl geschmiedet, hochglanzpoliert. Doppelseitige Klinge in Holzgriff gefasst. Vergoldermesser Grosses Vergoldermesser aus Edelstahl geschmiedet, [&hellip;]<\/p>\n","protected":false},"author":1,"featured_media":0,"parent":0,"menu_order":0,"comment_status":"closed","ping_status":"closed","template":"full-width.php","meta":{"_acf_changed":false,"footnotes":""},"class_list":["post-5804","page","type-page","status-publish","hentry"],"acf":[],"_links":{"self":[{"href":"https:\/\/noris-blattgold.de\/hr\/wp-json\/wp\/v2\/pages\/5804","targetHints":{"allow":["GET"]}}],"collection":[{"href":"https:\/\/noris-blattgold.de\/hr\/wp-json\/wp\/v2\/pages"}],"about":[{"href":"https:\/\/noris-blattgold.de\/hr\/wp-json\/wp\/v2\/types\/page"}],"author":[{"embeddable":true,"href":"https:\/\/noris-blattgold.de\/hr\/wp-json\/wp\/v2\/users\/1"}],"replies":[{"embeddable":true,"href":"https:\/\/noris-blattgold.de\/hr\/wp-json\/wp\/v2\/comments?post=5804"}],"version-history":[{"count":6,"href":"https:\/\/noris-blattgold.de\/hr\/wp-json\/wp\/v2\/pages\/5804\/revisions"}],"predecessor-version":[{"id":23159,"href":"https:\/\/noris-blattgold.de\/hr\/wp-json\/wp\/v2\/pages\/5804\/revisions\/23159"}],"wp:attachment":[{"href":"https:\/\/noris-blattgold.de\/hr\/wp-json\/wp\/v2\/media?parent=5804"}],"curies":[{"name":"wp","href":"https:\/\/api.w.org\/{rel}","templated":true}]}}