{"id":5630,"date":"2018-02-20T09:07:22","date_gmt":"2018-02-20T09:07:22","guid":{"rendered":"http:\/\/noris-blattgold.de\/?page_id=5630"},"modified":"2025-12-06T02:29:48","modified_gmt":"2025-12-06T01:29:48","slug":"pudergold","status":"publish","type":"page","link":"https:\/\/noris-blattgold.de\/fr\/or-en-poudre","title":{"rendered":"Or en poudre"},"content":{"rendered":"<h1>Pudergold<\/h1>\n<h4>Pulver<br \/>\n<\/h4>\n<h1>Gold &#038; Silber<br \/>\n<\/h1>\n<p><img decoding=\"async\" src=\"https:\/\/noris-blattgold.de\/wp-content\/uploads\/2018\/01\/separator.png\" alt=\"\"><\/p>\n<div>Modernste technologische M\u00f6glichkeiten und strengste Qualit\u00e4tsvorgaben widerspiegeln sich im Glanz, sparsamen Verbrauch und hervorragender Verarbeitungsf\u00e4higkeit unseres Pudergoldes.<br \/>\nMuschelgold ist Pudergold mit Gummi Arabicum aufbereitet und in Kunststoffd\u00f6schen verpackt. Der Begriff Muschelgold kommt daher, da fr\u00fcher dies tats\u00e4chlich in Muschelschalen gef\u00fcllt war. Es ist wasserl\u00f6slich und kann wie Wasserfarbe aufgetragen werden.\n<\/div>\n<ul>\n<li>\n<p>        <img decoding=\"async\" src=\"https:\/\/noris-blattgold.de\/wp-content\/uploads\/2018\/02\/Pudergold_1-350x350.jpg\" alt=\"\"><\/p>\n<div>Pudergold \/ Pudersilber<\/div>\n<div>\n<p>Modernste technologische M\u00f6glichkeiten und strengste Qualit\u00e4tsvorgaben widerspiegeln sich im Glanz, sparsamen Verbrauch und hervorrangender Verarbeitungsf\u00e4higkeit unseres Pudergoldes. Lieferbar in 2 Gramm, 5 Gramm oder 10 Gramm Packungen.Pudergold wird in folgenden Karatzahlen angeboten:<\/p>\n<p>Weissgold 12 Karat<br \/>Hellgr\u00fcngold 16 Karat<br \/>Citrongold 18 Karat<br \/>Orangegold 22 Karat<br \/>Dukatengold 23 Karat<br \/>Dukaten Poliergold 23,5 Karat<br \/>Rosenoble Gold 23,75 Karat<br \/>Pudersilber 99,9% Reinheit<\/p>\n<\/div>\n<\/li>\n<li>\n<p>        <img decoding=\"async\" src=\"https:\/\/noris-blattgold.de\/wp-content\/uploads\/2018\/02\/Muschelgold-300x300.jpg\" alt=\"\"><\/p>\n<div>Muschelgold \/ Muschelsilber<\/div>\n<div>\n<p>Muschelgold ist Pudergold mit Gummi Arabicum aufbereitet und in Kunststoffd\u00f6schen verpackt. Fr\u00fcher wurde Muschelgold tats\u00e4chlich in Muschelschalen gef\u00fcllt. Es ist wasserl\u00f6slich und kann wie Wasserfarbe verarbeitet werden. Muschelgold ist wie folgt lieferbar:<\/p>\n<p>Muschelgold klein 23,75 Karat<br \/>Muschelgold mittel 23,75 Karat<br \/>Muschelgold gross 23,75 Karat<br \/>Muschelweissgold 12 Karat<br \/>Muschelsilber klein<br \/>Muschelsilber mittel<br \/>Muschelsilber gross<\/p>\n<\/div>\n<\/li>\n<li>\n<p>        <img decoding=\"async\" src=\"https:\/\/noris-blattgold.de\/wp-content\/uploads\/2018\/02\/Malergoldmuschel_1-300x180.jpg\" alt=\"\"><\/p>\n<div>Malergoldmuschel \/ Malersilbermuschel<\/div>\n<div>\n<p>Malergoldmuschel oder Malersilbermuschel in runden N\u00e4pfchen, Echtgold 23,75 oder Echtsilber mit Metallpulver aufbereitet. Lieferbare Gebinde:<\/p>\n<p>Malergoldmuschel klein 23,75 Karat<br \/>Malergoldmuschel gross 23,75 Karat<br \/>Malersilbermuschel 99,9% Reinheit<\/p>\n<\/div>\n<\/li>\n<li>\n<p>        <img decoding=\"async\" src=\"https:\/\/noris-blattgold.de\/wp-content\/uploads\/2018\/02\/Malergoldlack_1-300x250.jpg\" alt=\"\"><\/p>\n<div>Malergold \/ Malergoldlack<\/div>\n<div>\n<p>Malergold ist Echtgold 23,75 Karat mit Metallpulver aufbereitet. Es ist in folgenden Gebinden erh\u00e4ltlich:<\/p>\n<p>Malergold Pulver<br \/>Malergoldlack fl\u00fcssig<\/p>\n<\/div>\n<\/li>\n<\/ul>\n<p><p>\n        <a href=\"https:\/\/www.noris-blattgold.shop\/Blattgold\/Pudergold-und-silber\/\">zum shop<\/a>\n    <\/p>\n<\/p>\n<p><!--more--><br \/>\n<!-- {\"type\":\"layout\",\"children\":[{\"type\":\"section\",\"props\":{\"header_transparent\":false,\"header_transparent_noplaceholder\":false,\"header_transparent_text_color\":\"light\",\"height\":\"viewport\",\"height_viewport\":50,\"image\":\"https:\\\/\\\/noris-blattgold.de\\\/wp-content\\\/uploads\\\/2018\\\/06\\\/pudergold_title.jpg\",\"image_position\":\"top-center\",\"image_size\":\"cover\",\"media_focal_point\":\"top-center\",\"overlap\":false,\"padding\":\"large\",\"style\":\"default\",\"text_color\":\"light\",\"title_breakpoint\":\"xl\",\"title_position\":\"top-left\",\"title_rotation\":\"left\",\"vertical_align\":\"\",\"width\":\"default\"},\"children\":[{\"type\":\"row\",\"children\":[{\"type\":\"column\",\"props\":{\"image_position\":\"center-center\",\"position_sticky_breakpoint\":\"m\",\"width_medium\":\"1-1\"},\"children\":[{\"type\":\"headline\",\"props\":{\"content\":\"Pudergold\",\"content_en_us\":\"Powder Gold\\n\",\"content_es_es\":\"Oro en polvo\\n\",\"content_fr_fr\":\"Poudre d\\u2019or\\n\",\"content_hr\":\"zlato u prahu\\n\",\"content_it_it\":\"Oro in polvere\\n\",\"text_align\":\"left\",\"title_element\":\"h1\",\"title_style\":\"h1\"}}]}]}],\"name\":\"Hero\"},{\"type\":\"section\",\"props\":{\"image_position\":\"center-center\",\"padding\":\"large\",\"style\":\"default\",\"title_breakpoint\":\"xl\",\"title_position\":\"top-left\",\"title_rotation\":\"left\",\"vertical_align\":\"middle\",\"width\":\"default\"},\"children\":[{\"type\":\"row\",\"children\":[{\"type\":\"column\",\"props\":{\"image_position\":\"center-center\",\"position_sticky_breakpoint\":\"m\"},\"children\":[{\"type\":\"headline\",\"props\":{\"content\":\"Pulver\\n\",\"content_en_us\":\"Powder\",\"content_es_es\":\"Polvo\",\"content_fr_fr\":\"Poudre\",\"content_hr\":\"Puder\",\"content_it_it\":\"Polvere\",\"text_align\":\"center\",\"title_color\":\"primary\",\"title_decoration\":\"line\",\"title_element\":\"h4\",\"title_font_family\":\"default\",\"title_style\":\"text-lead\"}},{\"type\":\"headline\",\"props\":{\"content\":\"Gold & Silber\\n\",\"content_en_us\":\"Gold & Silver\\n\",\"content_es_es\":\"Oro & Plata\\n\",\"content_fr_fr\":\"Or & Argent\\n\",\"content_hr\":\"Zlato & Srebro\\n\",\"content_it_it\":\"Oro & argento\\n\",\"text_align\":\"center\",\"title_element\":\"h1\"}},{\"type\":\"image\",\"props\":{\"image\":\"https:\\\/\\\/noris-blattgold.de\\\/wp-content\\\/uploads\\\/2018\\\/01\\\/separator.png\",\"image_svg_color\":\"emphasis\",\"margin\":\"default\",\"text_align\":\"center\"}},{\"type\":\"text\",\"props\":{\"column_breakpoint\":\"m\",\"content\":\"Modernste technologische M\\u00f6glichkeiten und strengste Qualit\\u00e4tsvorgaben widerspiegeln sich im Glanz, sparsamen Verbrauch und hervorragender Verarbeitungsf\\u00e4higkeit unseres Pudergoldes.<br \/>\\nMuschelgold ist Pudergold mit Gummi Arabicum aufbereitet und in Kunststoffd\\u00f6schen verpackt. Der Begriff Muschelgold kommt daher, da fr\\u00fcher dies tats\\u00e4chlich in Muschelschalen gef\\u00fcllt war. Es ist wasserl\\u00f6slich und kann wie Wasserfarbe aufgetragen werden.\\n\",\"content_en_us\":\"State-of-the-art technological possibilities and strict quality standards, reflected in the gloss, economical consumption and excellent processing ability of our powder gold.<br \/>\\nShell gold is powder gold prepared in gum arabic and portioned in plastic jars. In former times, the gold was actually filled in shells. It is water soluble and can be applied like watercolours.\\n\",\"content_es_es\":\"Las posibilidades tecnol\\u00f3gicas m\\u00e1s avanzadas y las especificaciones de calidad m\\u00e1s estrictas se reflejan en el brillo, el consumo econ\\u00f3mico y la excelente trabajabilidad de nuestro oro en polvo.<br \/>\\nEl oro de concha es oro en polvo preparado con goma ar\\u00e1biga y envasado en tarros de pl\\u00e1stico. El t\\u00e9rmino oro de concha se debe a que antiguamente se rellenaba con conchas. Es soluble en agua y puede aplicarse como una acuarela.\",\"content_fr_fr\":\"Les possibilit\\u00e9s technologiques modernes et des contr\\u00f4les qualit\\u00e9s stricts permettent de proposer des poudres d\\u2019or d\\u2019une qualit\\u00e9 exceptionnelle. Sa finesse est garante d\\u2019une \\u00e9conomie importante \\u00e0 l\\u2019usage.<br \/>\\nL\\u2019or coquille se compose de poudre d\\u2019or amalgam\\u00e9e avec de la gomme arabique et conditionn\\u00e9 dans des petits godets plastique. Le nom \\u00ab or coquille \\u00bbvient de l\\u2019\\u00e9poque ancienne \\u00e0 laquelle ce m\\u00e9lange \\u00e9tait fait dans la coquille de mollusques. Il est soluble \\u00e0 l\\u2019eau et peut \\u00eatre appliqu\\u00e9e comme une aquarelle.\\n\",\"content_hr\":\"Najnovije tehnolo\\u0161ke mogu\\u0107nosti i najstro\\u017ee specifikacije kvalitete ogledaju se u sjaju, ekonomi\\u010dnoj potro\\u0161nji i izvrsnim svojstvima obrade na\\u0161eg zlata u prahu.<br \/>\\nShell gold je zlato u prahu pripremljeno s arapskom gumom i pakirano u plasti\\u010dne staklenke. Izraz \\u0161koljkasto zlato dolazi od \\u010dinjenice da se u pro\\u0161losti ono zapravo punilo \\u0161koljkama. Topiv je u vodi i mo\\u017ee se nanositi kao vodena boja.\",\"content_it_it\":\"Le possibilit\\u00e0 tecnologiche pi\\u00f9 avanzate e le specifiche di qualit\\u00e0 pi\\u00f9 rigorose si riflettono nella brillantezza, nel consumo economico e nell\\u2019eccellente lavorabilit\\u00e0 dell\\u2019oro in polvere.<br \/>\\nL\\u2019oro in conchiglia \\u00e8 oro in polvere preparato con gomma arabica e confezionato in barattoli di plastica. Il termine oro conchiglia deriva dal fatto che in passato veniva riempito di conchiglie. \\u00c8 solubile in acqua e pu\\u00f2 essere applicato come un acquerello.\",\"margin\":\"large\",\"text_align\":\"center\"}}]}]}],\"name\":\"\\u00dcberschrift - Header\"},{\"type\":\"section\",\"props\":{\"image_position\":\"center-center\",\"padding\":\"large\",\"padding_remove_top\":true,\"style\":\"default\",\"title_breakpoint\":\"xl\",\"title_position\":\"top-left\",\"title_rotation\":\"left\",\"vertical_align\":\"middle\",\"width\":\"default\"},\"children\":[{\"type\":\"row\",\"children\":[{\"type\":\"column\",\"props\":{\"image_position\":\"center-center\",\"position_sticky_breakpoint\":\"m\"},\"children\":[{\"type\":\"grid\",\"props\":{\"content_column_breakpoint\":\"m\",\"filter_align\":\"left\",\"filter_all\":true,\"filter_grid_breakpoint\":\"m\",\"filter_grid_width\":\"auto\",\"filter_position\":\"top\",\"filter_style\":\"tab\",\"grid_column_align\":true,\"grid_column_gap\":\"small\",\"grid_default\":\"1\",\"grid_divider\":true,\"grid_medium\":\"\",\"grid_row_gap\":\"small\",\"icon_width\":80,\"image_align\":\"left\",\"image_grid_breakpoint\":\"s\",\"image_grid_width\":\"1-3\",\"image_svg_color\":\"emphasis\",\"image_transition\":\"scale-up\",\"image_width\":400,\"item_animation\":true,\"lightbox\":true,\"lightbox_bg_close\":true,\"link_style\":\"default\",\"link_text\":\"\",\"margin\":\"default\",\"meta_align\":\"below-title\",\"meta_color\":\"primary\",\"meta_element\":\"div\",\"meta_margin\":\"remove\",\"meta_style\":\"text-large\",\"panel_image_no_padding\":true,\"panel_link\":true,\"panel_padding\":\"small\",\"show_content\":true,\"show_hover_image\":true,\"show_hover_video\":true,\"show_image\":true,\"show_link\":true,\"show_meta\":true,\"show_title\":true,\"show_video\":true,\"text_align\":\"left\",\"text_align_breakpoint\":\"s\",\"text_align_fallback\":\"center\",\"title_align\":\"top\",\"title_element\":\"div\",\"title_font_family\":\"primary\",\"title_grid_breakpoint\":\"m\",\"title_grid_width\":\"1-2\",\"title_hover_style\":\"reset\",\"title_style\":\"text-large\"},\"children\":[{\"type\":\"grid_item\",\"props\":{\"content\":\"\n\n<p>Modernste technologische M\\u00f6glichkeiten und strengste Qualit\\u00e4tsvorgaben widerspiegeln sich im Glanz, sparsamen Verbrauch und hervorrangender Verarbeitungsf\\u00e4higkeit unseres Pudergoldes. Lieferbar in 2 Gramm, 5 Gramm oder 10 Gramm Packungen.Pudergold wird in folgenden Karatzahlen angeboten:<\\\/p>\\n\n\n<p>Weissgold 12 Karat<br \\\/>Hellgr\\u00fcngold 16 Karat<br \\\/>Citrongold 18 Karat<br \\\/>Orangegold 22 Karat<br \\\/>Dukatengold 23 Karat<br \\\/>Dukaten Poliergold 23,5 Karat<br \\\/>Rosenoble Gold 23,75 Karat<br \\\/>Pudersilber 99,9% Reinheit<\\\/p>\",\"content_en_us\":\"\n\n<p>State-of-the-art technological possibilities and strict quality standards, reflected in the gloss, economical consumption and excellent processing ability of our powder gold and powder silver. Available in 2 Gram, 5 Gram oder 10 Gram. Powder gold is avalaible in following carats:<\\\/p>\\n\n\n<p>White Gold 12 Carat<br \\\/>Green Gold light 16 Carat<br \\\/>Lemon Gold 18 Carat<br \\\/>Orange Gold 22 Carat<br \\\/>Ducate Gold 23 Carat<br \\\/>Ducate Polish Gold 23,5 Carat<br \\\/>Rosenoble Gold 23,75 Carat<br \\\/>Powder Silver 99,9% Fineness<\\\/p>\",\"content_es_es\":\"\n\n<p>Las \\u00faltimas posibilidades tecnol\\u00f3gicas y las especificaciones de calidad m\\u00e1s estrictas se reflejan en el brillo, el consumo econ\\u00f3mico y la excelente trabajabilidad de nuestro oro en polvo. Disponible en paquetes de 2 gramos, 5 gramos o 10 gramos.El oro en polvo se ofrece en los siguientes n\\u00fameros de quilates:<\\\/p>\\n\n\n<p>Oro blanco 12 quilates<br \\\/>Oro verde claro 16 quilates<br \\\/>Citrone oro 18 quilates<br \\\/>Oro naranja 22 quilates<br \\\/>Ducado de oro de 23 quilates<br \\\/>Ducado de oro pulido de 23,5 quilates<br \\\/>Oro rosa de 23,75 quilates<br \\\/>Plata en polvo 99,9% de pureza<\\\/p>\",\"content_fr_fr\":\"\n\n<p>Les possibilit\\u00e9s technologiques modernes et des contr\\u00f4les qualit\\u00e9s stricts ont une incidence sur la brillance, la consommation et le rendu exceptionnels de notre poudre d\\u2019or. Livrable en 2 grammes, 5 grammes ou 10 grammes. L\\u2019or en poudre existe dans les carats suivants :<\\\/p>\\n\n\n<p>Or blanc 12 Carat<br \\\/>Or vert clair 16 Carat<br \\\/>Or citron 18 Carat<br \\\/>Or orange 22 Carat<br \\\/>Or ducate 23 Carat<br \\\/>Or ducate double 23,5 Carat<br \\\/>Or double rosenoble 23,75 Carat<br \\\/>Poudre Argent 99,9% Puret\\u00e9<\\\/p>\",\"content_hr\":\"\n\n<p>Najsuvremenije tehnolo\\u0161ke mogu\\u0107nosti i najstro\\u017ee specifikacije kvalitete ogledaju se u sjaju, ekonomi\\u010dnoj potro\\u0161nji i izvrsnoj obradivosti na\\u0161eg zlata u prahu. Dostupno u pakiranjima od 2 grama, 5 grama ili 10 grama. Zlato u prahu nudi se u sljede\\u0107im brojevima karata:<\\\/p>\\n\n\n<p>12 karatno bijelo zlato<br \\\/>16k svijetlozeleno zlato<br \\\/>18 karatno citron zlato<br \\\/>22 karatno naran\\u010dasto zlato<br \\\/>Dukat zlatni 23 karata<br \\\/>Dukat bru\\u0161eno zlato 23,5 karata<br \\\/>Rosenoble zlato 23,75 karata<br \\\/>Srebro u prahu \\u010disto\\u0107e 99,9%.<\\\/p>\",\"content_it_it\":\"\n\n<p>Le pi\\u00f9 recenti possibilit\\u00e0 tecnologiche e le pi\\u00f9 severe specifiche di qualit\\u00e0 si riflettono nella brillantezza, nel consumo economico e nell\\u2019eccellente lavorabilit\\u00e0 del nostro oro in polvere. Disponibile in confezioni da 2, 5 o 10 grammi.L\\u2019oro in polvere \\u00e8 offerto nei seguenti numeri di carati:<\\\/p>\\n\n\n<p>Oro bianco 12 carati<br \\\/>Oro verde chiaro 16 carati<br \\\/>Oro citrino 18 carati<br \\\/>Oro arancione 22 carati<br \\\/>Oro ducato 23 carati<br \\\/>Oro lucido ducato 23,5 carati<br \\\/>Oro rosa 23,75 carati<br \\\/>Polvere d\\u2019argento con purezza del 99,9%<\\\/p>\",\"image\":\"https:\\\/\\\/noris-blattgold.de\\\/wp-content\\\/uploads\\\/2018\\\/02\\\/Pudergold_1-350x350.jpg\",\"title\":\"Pudergold \\\/ Pudersilber\",\"title_en_us\":\"Powder Gold \\\/ Powder Silver\",\"title_es_es\":\"Oro en polvo \\\/ Plata en polvo\",\"title_fr_fr\":\"Poudre d\\u2019or \\\/ Poudre d\\u2019argent\",\"title_hr\":\"Zlato u prahu \\\/ srebro u prahu\",\"title_it_it\":\"Oro in polvere \\\/ Argento in polvere\"}},{\"type\":\"grid_item\",\"props\":{\"content\":\"\n\n<p>Muschelgold ist Pudergold mit Gummi Arabicum aufbereitet und in Kunststoffd\\u00f6schen verpackt. Fr\\u00fcher wurde Muschelgold tats\\u00e4chlich in Muschelschalen gef\\u00fcllt. Es ist wasserl\\u00f6slich und kann wie Wasserfarbe verarbeitet werden. Muschelgold ist wie folgt lieferbar:<\\\/p>\\n\n\n<p>Muschelgold klein 23,75 Karat<br \\\/>Muschelgold mittel 23,75 Karat<br \\\/>Muschelgold gross 23,75 Karat<br \\\/>Muschelweissgold 12 Karat<br \\\/>Muschelsilber klein<br \\\/>Muschelsilber mittel<br \\\/>Muschelsilber gross<\\\/p>\",\"content_en_us\":\"\n\n<p>Shell gold is powder gold prepared in gum arabic and portioned in plastic jars. In former times, the gold was actually filled in shells. It is water soluble and can be applied like watercolours:<\\\/p>\\n\n\n<p>Shell Gold small 23,75 Carat<br \\\/>Shell Gold medium 23,75 Carat<br \\\/>Shell Gold large 23,75 Carat<br \\\/>Shell Gold White 12 Carat<br \\\/>Shell Silver small<br \\\/>Shell Silver medium<br \\\/>Shell Silver large<\\\/p>\",\"content_es_es\":\"\n\n<p>El oro de concha es oro en polvo preparado con goma ar\\u00e1biga y envasado en tarros de pl\\u00e1stico. Antiguamente, el oro de concha se rellenaba en conchas. Es soluble en agua y puede procesarse como la pintura al agua. El oro de concha est\\u00e1 disponible de la siguiente manera:<\\\/p>\\n\n\n<p>Concha de oro peque\\u00f1a 23,75 quilates<br \\\/>Concha de oro mediana 23,75 quilates<br \\\/>Concha de oro grande 23,75 quilates<br \\\/>Concha oro blanco 12 quilates<br \\\/>Concha plata peque\\u00f1a<br \\\/>Concha plata mediana<br \\\/>Concha plata grande<\\\/p>\",\"content_fr_fr\":\"\n\n<p>L\\u2019or coquille se compose de poudre d\\u2019or amalgam\\u00e9e avec de la gomme arabique et conditionn\\u00e9 dans des petits godets plastique. Livrable en:<\\\/p>\\n\n\n<p>Or coquille petit 23,75 Carat<br \\\/>Or coquille moyen 23,75 Carat<br \\\/>Or coquille gros 23,75 Carat<br \\\/>Or blanc coquille 12 Carat<br \\\/>Argent coquille petit<br \\\/>Argent coquille moyen<br \\\/>Argent coquille gros<\\\/p>\",\"content_hr\":\"\n\n<p>Shell gold je zlato u prahu pripremljeno s arapskom gumom i pakirano u plasti\\u010dne staklenke. U pro\\u0161losti se zlato od \\u0161koljki zapravo punilo u \\u0161koljke. Topiv je u vodi i mo\\u017ee se koristiti kao vodena boja. Shell gold je dostupan na sljede\\u0107i na\\u010din:<\\\/p>\\n\n\n<p>Malo zlato od \\u0161koljki 23,75 karata<br \\\/>Zlato od \\u0161koljke srednje 23,75 karata<br \\\/>Veliko zlato od ljuske 23,75 karata<br \\\/>\\u0160koljka bijelo zlato 12 karata<br \\\/>\\u0160koljka srebrna mala<br \\\/>\\u0160koljka srebrna srednja<br \\\/>\\u0160koljka srebrna velika<\\\/p>\",\"content_it_it\":\"\n\n<p>L\\u2019oro in conchiglia \\u00e8 oro in polvere preparato con gomma arabica e confezionato in barattoli di plastica. In passato, l\\u2019oro delle conchiglie veniva effettivamente riempito nelle conchiglie. \\u00c8 solubile in acqua e pu\\u00f2 essere lavorato come una vernice a base d\\u2019acqua. L\\u2019oro delle conchiglie \\u00e8 disponibile come segue:<\\\/p>\\n\n\n<p>Conchiglia d\\u2019oro piccola 23,75 carati<br \\\/>Conchiglia d\\u2019oro media 23,75 carati<br \\\/>Conchiglia d\\u2019oro grande 23,75 carati<br \\\/>Conchiglia d\\u2019oro bianco 12 carati<br \\\/>Conchiglia argento piccola<br \\\/>Conchiglia argento medio<br \\\/>Conchiglia argento grande<\\\/p>\",\"image\":\"https:\\\/\\\/noris-blattgold.de\\\/wp-content\\\/uploads\\\/2018\\\/02\\\/Muschelgold-300x300.jpg\",\"title\":\"Muschelgold \\\/ Muschelsilber\",\"title_en_us\":\"Shell Gold \\\/ Shell Silver\",\"title_es_es\":\"Concha oro \\\/ concha plata\",\"title_fr_fr\":\"Or coquille \\\/ Argent coquille\",\"title_hr\":\"Shell Gold \\\/ Shell Silver\",\"title_it_it\":\"Oro conchiglia \\\/ argento conchiglia\"}},{\"type\":\"grid_item\",\"props\":{\"content\":\"\n\n<p>Malergoldmuschel oder Malersilbermuschel in runden N\\u00e4pfchen, Echtgold 23,75 oder Echtsilber mit Metallpulver aufbereitet. Lieferbare Gebinde:<\\\/p>\\n\n\n<p>Malergoldmuschel klein 23,75 Karat<br \\\/>Malergoldmuschel gross 23,75 Karat<br \\\/>Malersilbermuschel 99,9% Reinheit<\\\/p>\",\"content_en_us\":\"\n\n<p>Painters gold shell or painters silver shell in small round bowls; genuine gold 23,75 carat or genuine silver prepared with metal powder. Available containers:<\\\/p>\\n\n\n<p>Painters Gold Shell small 23,75 Carat<br \\\/>Painters Gold Shell large 23,75 Carat<br \\\/>Painters Silver Shell 99,9% Fineness<\\\/p>\",\"content_es_es\":\"\n\n<p>Concha de oro de pintor o concha de plata de pintor en copas redondas, oro aut\\u00e9ntico 23,75 o plata aut\\u00e9ntica preparada con polvo met\\u00e1lico. Contenedores disponibles:<\\\/p>\\n\n\n<p>Concha de oro de pintor peque\\u00f1a 23,75 quilates<br \\\/>Concha de oro de pintor grande 23,75 quilates<br \\\/>C\\u00e1scara de plata de pintor 99,9% de pureza<\\\/p>\",\"content_fr_fr\":\"\n\n<p>Poudre metallique doree ou argentee en coquille ronde, Or v\\u00e9ritable 23,75 Cts ou Argent pur avec poudre m\\u00e9tal. Conditionnement:<\\\/p>\\n\n\n<p>Dorure \\u00e0 la coquille Beaux-Arts petit 23,75 Carat<br \\\/>Dorure \\u00e0 la coquille Beaux-Arts gros 23,75 Carat<br \\\/>Argenture \\u00e0 la coquille Beaux-Arts 99,9% Puret\\u00e9<\\\/p>\",\"content_hr\":\"\n\n<p>Slikarska zlatna \\u0161koljka ili slikarska srebrna \\u0161koljka u okruglim \\u010da\\u0161ama, pravo zlato 23,75 ili pravo srebro pripremljeno metalnim prahom. Dostupni spremnici:<\\\/p>\\n\n\n<p>Slikarska zlatna \\u0161koljka, mala, 23,75 karata<br \\\/>Slikarska zlatna \\u0161koljka, velika, 23,75 karata<br \\\/>Slikarska srebrna \\u0161koljka \\u010disto\\u0107e 99,9%.<\\\/p>\",\"content_it_it\":\"\n\n<p>Conchiglia d\\u2019oro per pittori o conchiglia d\\u2019argento per pittori in coppe rotonde, oro vero 23,75 o argento vero preparato con polvere metallica. Contenitori disponibili:<\\\/p>\\n\n\n<p>Conchiglia d\\u2019oro da pittore piccola 23,75 carati<br \\\/>Conchiglia d\\u2019oro da pittore grande 23,75 carati<br \\\/>Guscio d\\u2019argento per pittori con purezza del 99,9%.<\\\/p>\",\"image\":\"https:\\\/\\\/noris-blattgold.de\\\/wp-content\\\/uploads\\\/2018\\\/02\\\/Malergoldmuschel_1-300x180.jpg\",\"title\":\"Malergoldmuschel \\\/ Malersilbermuschel\",\"title_en_us\":\"Painters gold shell \\\/ Painters silver shell\",\"title_es_es\":\"Concha dorada de pintor \\\/ Concha plateada de pintor\",\"title_fr_fr\":\"Poudre metallique en coquille Beaux-Arts \\\/ Argent en coquille Beaux-Arts\",\"title_hr\":\"Slikareva zlatna \\u0161koljka \\\/ Slikareva srebrna \\u0161koljka\",\"title_it_it\":\"Conchiglia d\\u2019oro del pittore \\\/ Conchiglia d\\u2019argento del pittore\"}},{\"type\":\"grid_item\",\"props\":{\"content\":\"\n\n<p>Malergold ist Echtgold 23,75 Karat mit Metallpulver aufbereitet. Es ist in folgenden Gebinden erh\\u00e4ltlich:<\\\/p>\\n\n\n<p>Malergold Pulver<br \\\/>Malergoldlack fl\\u00fcssig<\\\/p>\",\"content_en_us\":\"\n\n<p>Painters gold is genuine gold 23,75 carat prepared with metal powder. Available in following containers:<\\\/p>\\n\n\n<p>Painters Gold Powder 10 gram<br \\\/>Painters Gold Varnish 30 ml<br \\\/>Painters Gold Varnish 125 ml<\\\/p>\",\"content_es_es\":\"\n\n<p>El oro de pintor es oro aut\\u00e9ntico de 23,75 quilates procesado con polvo met\\u00e1lico. Est\\u00e1 disponible en los siguientes envases:<\\\/p>\\n\n\n<p>Polvo de oro de pintor<br \\\/>Laca l\\u00edquida dorada de pintor<\\\/p>\",\"content_fr_fr\":\"\n\n<p>Cette dorure est un m\\u00e9lange d\\u2019or v\\u00e9ritable 23,75 carat + de la poudre de m\\u00e9tal.<br \\\/>Conditionnement :<\\\/p>\\n\n\n<p>Poudre doree<br \\\/>Vernis liquide pour Dorure Beaux-Arts<\\\/p>\",\"content_hr\":\"\n\n<p>Slikarevo zlato je pravo zlato od 23,75 karata pripremljeno metalnim prahom. Dostupan je u sljede\\u0107im spremnicima:<\\\/p>\\n\n\n<p>Slikarski zlatni prah<br \\\/>Teku\\u0107a slikarska zlatna boja<\\\/p>\",\"content_it_it\":\"\n\n<p>L\\u2019oro del pittore \\u00e8 oro vero da 23,75 carati lavorato con polvere di metallo. \\u00c8 disponibile nei seguenti contenitori:<\\\/p>\\n\n\n<p>Polvere d\\u2019oro per pittori<br \\\/>Vernice liquida oro per pittori<\\\/p>\",\"image\":\"https:\\\/\\\/noris-blattgold.de\\\/wp-content\\\/uploads\\\/2018\\\/02\\\/Malergoldlack_1-300x250.jpg\",\"title\":\"Malergold \\\/ Malergoldlack\",\"title_en_us\":\"Painters Gold \\\/ Painters Gold Varnish\",\"title_es_es\":\"Oro de pintor \\\/ Laca Oro de pintor\",\"title_fr_fr\":\"Dorure beaux-arts \\\/ Vernis\",\"title_hr\":\"Slikarsko zlato \\\/ slikarski zlatni lak\",\"title_it_it\":\"Oro del pittore \\\/ Lacca oro del pittore\"}}]},{\"type\":\"button\",\"props\":{\"button_size\":\"large\",\"fullwidth\":false,\"grid_column_gap\":\"small\",\"grid_row_gap\":\"small\",\"margin\":\"large\",\"text_align\":\"center\"},\"children\":[{\"type\":\"button_item\",\"props\":{\"button_style\":\"primary\",\"content\":\"zum shop\",\"content_en_us\":\"To the shop\",\"content_es_es\":\"Ir a la tienda (EN)\",\"content_fr_fr\":\"Vers la boutique (EN)\",\"content_hr\":\"U trgovinu (EN)\",\"content_it_it\":\"Al negozio (EN)\",\"dialog_layout\":\"modal\",\"dialog_offcanvas_flip\":true,\"icon\":\"cart\",\"icon_align\":\"left\",\"link\":\"https:\\\/\\\/www.noris-blattgold.shop\\\/Blattgold\\\/Pudergold-und-silber\\\/\",\"link_en_us\":\"https:\\\/\\\/www.noris-blattgold.shop\\\/en\\\/Gold-Leaf-Silver-Leaf\\\/Powder-Gold-and-Powder-Silver\\\/\",\"link_es_es\":\"https:\\\/\\\/www.noris-blattgold.shop\\\/en\\\/Gold-Leaf-Silver-Leaf\\\/Powder-Gold-and-Powder-Silver\\\/\",\"link_fr_fr\":\"https:\\\/\\\/www.noris-blattgold.shop\\\/en\\\/Gold-Leaf-Silver-Leaf\\\/Powder-Gold-and-Powder-Silver\\\/\",\"link_hr\":\"https:\\\/\\\/www.noris-blattgold.shop\\\/en\\\/Gold-Leaf-Silver-Leaf\\\/Powder-Gold-and-Powder-Silver\\\/\",\"link_it_it\":\"https:\\\/\\\/www.noris-blattgold.shop\\\/en\\\/Gold-Leaf-Silver-Leaf\\\/Powder-Gold-and-Powder-Silver\\\/\",\"link_target\":\"blank\"}}],\"name\":\"Button zum shop\"}]}]}]}],\"version\":\"4.5.32\"} --><\/p>\n","protected":false},"excerpt":{"rendered":"<p>Pudergold Pulver Gold &#038; Silber Modernste technologische M\u00f6glichkeiten und strengste Qualit\u00e4tsvorgaben widerspiegeln sich im Glanz, sparsamen Verbrauch und hervorragender Verarbeitungsf\u00e4higkeit unseres Pudergoldes. Muschelgold ist Pudergold mit Gummi Arabicum aufbereitet und in Kunststoffd\u00f6schen verpackt. Der Begriff Muschelgold kommt daher, da fr\u00fcher dies tats\u00e4chlich in Muschelschalen gef\u00fcllt war. Es ist wasserl\u00f6slich und kann wie Wasserfarbe aufgetragen werden. [&hellip;]<\/p>\n","protected":false},"author":1,"featured_media":0,"parent":0,"menu_order":0,"comment_status":"closed","ping_status":"closed","template":"full-width.php","meta":{"_acf_changed":false,"footnotes":""},"class_list":["post-5630","page","type-page","status-publish","hentry"],"acf":[],"_links":{"self":[{"href":"https:\/\/noris-blattgold.de\/fr\/wp-json\/wp\/v2\/pages\/5630","targetHints":{"allow":["GET"]}}],"collection":[{"href":"https:\/\/noris-blattgold.de\/fr\/wp-json\/wp\/v2\/pages"}],"about":[{"href":"https:\/\/noris-blattgold.de\/fr\/wp-json\/wp\/v2\/types\/page"}],"author":[{"embeddable":true,"href":"https:\/\/noris-blattgold.de\/fr\/wp-json\/wp\/v2\/users\/1"}],"replies":[{"embeddable":true,"href":"https:\/\/noris-blattgold.de\/fr\/wp-json\/wp\/v2\/comments?post=5630"}],"version-history":[{"count":10,"href":"https:\/\/noris-blattgold.de\/fr\/wp-json\/wp\/v2\/pages\/5630\/revisions"}],"predecessor-version":[{"id":23147,"href":"https:\/\/noris-blattgold.de\/fr\/wp-json\/wp\/v2\/pages\/5630\/revisions\/23147"}],"wp:attachment":[{"href":"https:\/\/noris-blattgold.de\/fr\/wp-json\/wp\/v2\/media?parent=5630"}],"curies":[{"name":"wp","href":"https:\/\/api.w.org\/{rel}","templated":true}]}}