{"id":7628,"date":"2020-07-27T11:57:58","date_gmt":"2020-07-27T11:57:58","guid":{"rendered":"https:\/\/noris-blattgold.de\/?page_id=7628"},"modified":"2025-12-06T06:02:46","modified_gmt":"2025-12-06T05:02:46","slug":"stellenangebote","status":"publish","type":"page","link":"https:\/\/noris-blattgold.de\/es\/carrera-profesional","title":{"rendered":"Carrera profesional"},"content":{"rendered":"<h1>Karriere<\/h1>\n<h4>Noris Blattgoldfabrik<\/h4>\n<h1>Karriere<\/h1>\n<p><img decoding=\"async\" src=\"https:\/\/noris-blattgold.de\/wp-content\/uploads\/2018\/01\/separator.png\" alt=\"\"><\/p>\n<h4>Zur Verst\u00e4rkung unseres Teams suchen wir<br \/>\n<\/h4>\n<div>\n<\/div>\n<div>\n<h3>Im \u00dcberblick<\/h3>\n<\/div>\n<h2>NORIS Blattgold<\/h2>\n<h1>in Zahlen<\/h1>\n<p><img decoding=\"async\" src=\"https:\/\/noris-blattgold.de\/wp-content\/uploads\/2018\/01\/separator.png\" alt=\"\"><\/p>\n<ul>\n<li>\n<h3>Tradition seit<\/h3>\n<p>1876<\/p>\n<\/li>\n<li>\n<h3>Mitarbeiter<\/h3>\n<p>125<\/p>\n<\/li>\n<li>\n<h3>Produktionsfl\u00e4che in qm<\/h3>\n<p>4200<\/p>\n<\/li>\n<\/ul>\n<p><!--more--><br \/>\n<!-- {\"type\":\"layout\",\"children\":[{\"type\":\"section\",\"props\":{\"header_transparent\":false,\"header_transparent_noplaceholder\":false,\"header_transparent_text_color\":\"light\",\"height\":\"viewport\",\"height_viewport\":50,\"image\":\"https:\\\/\\\/noris-blattgold.de\\\/wp-content\\\/uploads\\\/2018\\\/10\\\/imprint_title.jpg\",\"image_position\":\"top-center\",\"image_size\":\"cover\",\"media_focal_point\":\"top-center\",\"overlap\":false,\"padding\":\"none\",\"style\":\"default\",\"text_color\":\"dark\",\"title_breakpoint\":\"xl\",\"title_position\":\"top-left\",\"title_rotation\":\"left\",\"vertical_align\":\"middle\",\"width\":\"default\"},\"children\":[{\"type\":\"row\",\"children\":[{\"type\":\"column\",\"props\":{\"image_position\":\"center-center\",\"position_sticky_breakpoint\":\"m\",\"width_medium\":\"1-1\"},\"children\":[{\"type\":\"headline\",\"props\":{\"content\":\"Karriere\",\"content_en_us\":\"Career\",\"content_es_es\":\"Carrera profesional\\n\",\"content_fr_fr\":\"Carri\\u00e8re\",\"content_hr\":\"Karijera\",\"content_it_it\":\"Carriera\",\"text_align\":\"left\",\"title_element\":\"h1\",\"title_style\":\"h1\"}}]}]}],\"name\":\"Hero\"},{\"type\":\"section\",\"props\":{\"image_position\":\"center-center\",\"padding\":\"large\",\"style\":\"default\",\"title_breakpoint\":\"xl\",\"title_position\":\"top-left\",\"title_rotation\":\"left\",\"vertical_align\":\"middle\",\"width\":\"default\"},\"children\":[{\"type\":\"row\",\"children\":[{\"type\":\"column\",\"props\":{\"image_position\":\"center-center\",\"position_sticky_breakpoint\":\"m\"},\"children\":[{\"type\":\"headline\",\"props\":{\"content\":\"Noris Blattgoldfabrik\",\"text_align\":\"center\",\"title_color\":\"primary\",\"title_decoration\":\"line\",\"title_element\":\"h4\",\"title_font_family\":\"default\",\"title_style\":\"text-lead\"}},{\"type\":\"headline\",\"props\":{\"content\":\"Karriere\",\"content_en_us\":\"Career\",\"content_es_es\":\"Carrera profesional\\n\",\"content_fr_fr\":\"Carri\\u00e8re\\n\",\"content_hr\":\"Karijera\",\"content_it_it\":\"Carriera\",\"text_align\":\"center\",\"title_element\":\"h1\"}},{\"type\":\"image\",\"props\":{\"image\":\"https:\\\/\\\/noris-blattgold.de\\\/wp-content\\\/uploads\\\/2018\\\/01\\\/separator.png\",\"image_svg_color\":\"emphasis\",\"margin\":\"default\",\"text_align\":\"center\"}}]}]}],\"name\":\"\\u00dcberschrift - Header\"},{\"type\":\"section\",\"props\":{\"image_position\":\"center-center\",\"style\":\"default\",\"title_breakpoint\":\"xl\",\"title_position\":\"top-left\",\"title_rotation\":\"left\",\"vertical_align\":\"middle\",\"width\":\"default\"},\"children\":[{\"type\":\"row\",\"props\":{\"layout\":\"3-5,2-5\"},\"children\":[{\"type\":\"column\",\"props\":{\"image_position\":\"center-center\",\"position_sticky_breakpoint\":\"m\",\"width_medium\":\"3-5\"},\"children\":[{\"type\":\"headline\",\"props\":{\"content\":\"Zur Verst\\u00e4rkung unseres Teams suchen wir\\n\",\"content_en_us\":\"To strengthen our team we are looking for\\n\\n\",\"content_es_es\":\"Para reforzar nuestro equipo buscamos\\n\\n\",\"content_fr_fr\":\"Pour renforcer notre \\u00e9quipe, nous recherchons\\n\\n\",\"content_hr\":\"Nastojimo oja\\u010dati na\\u0161 tim\\n\\n\",\"content_it_it\":\"Per rafforzare il nostro team stiamo cercando\\n\\n\",\"text_align\":\"left\",\"title_color\":\"primary\",\"title_element\":\"h4\",\"title_font_family\":\"default\",\"title_style\":\"text-lead\"}},{\"type\":\"grid\",\"props\":{\"content_column_breakpoint\":\"m\",\"filter_align\":\"left\",\"filter_all\":true,\"filter_grid_breakpoint\":\"m\",\"filter_grid_width\":\"auto\",\"filter_position\":\"top\",\"filter_style\":\"tab\",\"grid_default\":\"1\",\"grid_medium\":\"\",\"icon_width\":80,\"image_align\":\"top\",\"image_grid_breakpoint\":\"m\",\"image_grid_width\":\"1-2\",\"image_svg_color\":\"emphasis\",\"item_animation\":true,\"lightbox_bg_close\":true,\"link_style\":\"default\",\"link_text\":\"Read more\",\"margin\":\"default\",\"meta_align\":\"below-title\",\"meta_element\":\"div\",\"meta_style\":\"text-meta\",\"panel_padding\":\"default\",\"panel_style\":\"card-primary\",\"show_content\":true,\"show_hover_image\":true,\"show_hover_video\":true,\"show_image\":true,\"show_link\":true,\"show_meta\":true,\"show_title\":true,\"show_video\":true,\"title_align\":\"top\",\"title_element\":\"h3\",\"title_grid_breakpoint\":\"m\",\"title_grid_width\":\"1-2\",\"title_hover_style\":\"reset\"},\"children\":[{\"type\":\"grid_item\",\"props\":{\"content\":\"\n\n<p><strong>Ihre Aufgaben:<\\\/strong><br \\\/>Beschneiden von Blattgold<\\\/p>\\n\n\n<p><strong>Ihr Profil:<\\\/strong><br \\\/>Berufserfahrung<br \\\/>Zuverl\\u00e4ssigkeit und Motivation<br \\\/>Feinmotorisches Geschick und Genauigkeit<\\\/p>\\n\n\n<p><strong>Wir bieten:<\\\/strong><br \\\/>\\u00dcberdurchschnittliche Bezahlung<br \\\/>Ein sehr gutes Betriebsklima<br \\\/>Auch Heimarbeit m\\u00f6glich<\\\/p>\\n\n\n<p>Wir freuen uns \\u00fcber aussagekr\\u00e4ftige Bewerbungen inkl. Lebenslauf.<\\\/p>\\n\n\n<p>Bewerbung bitte per Mail an:<span>\\u00a0<\\\/span><a href=\\\"mailto:bewerbung@noris-blattgold.de\\\" target=\\\"_blank\\\" rel=\\\"noopener\\\">bewerbung@noris-blattgold.de<\\\/a><\\\/p>\",\"content_en_us\":\"\n\n<div class=\\\"wpb_text_column wpb_content_element\\\">\\n\n\n<div class=\\\"wpb_wrapper\\\">\\n\n\n<p><strong>Your tasks:<\\\/strong><span>\\u00a0<\\\/span>Trimming of gold leaf<span>\\u00a0<\\\/span><strong>Your profile:<\\\/strong><span>\\u00a0<\\\/span>Professional experience Reliability and motivation Fine motor skills and accuracy<span>\\u00a0<\\\/span><strong>We offer:<\\\/strong><span>\\u00a0<\\\/span>Above-average pay A very good working atmosphere Working from home is also possible We look forward to receiving informative applications including. Resume. Please apply by mail to:<span>\\u00a0<\\\/span><a href=\\\"mailto:bewerbung@noris-blattgold.de\\\" target=\\\"_blank\\\" rel=\\\"noopener\\\">bewerbung@noris-blattgold.de<\\\/a><\\\/p>\\n<\\\/div>\\n<\\\/div>\",\"content_es_es\":\"\n\n<p><strong>Tus tareas:<\\\/strong><br \\\/>Recorte de pan de oro<\\\/p>\\n\n\n<p><strong>Tu perfil:<\\\/strong><br \\\/>Experiencia laboral<br \\\/>Fiabilidad y motivaci\\u00f3n<br \\\/>Motricidad fina y precisi\\u00f3n<\\\/p>\\n\n\n<p><strong>Ofrecemos:<\\\/strong><br \\\/>Salario superior a la media<br \\\/>Muy buen ambiente de trabajo<br \\\/>Posibilidad de trabajo a domicilio<\\\/p>\\n\n\n<p>Esperamos recibir solicitudes informativas incl. Curriculum vitae.<\\\/p>\\n\n\n<p>Env\\u00ede su solicitud por correo electr\\u00f3nico a:<span>\\u00a0<\\\/span><a href=\\\"mailto:bewerbung@noris-blattgold.de\\\" target=\\\"_blank\\\" rel=\\\"noopener\\\">bewerbung@noris-blattgold.de<\\\/a><\\\/p>\",\"content_fr_fr\":\"\n\n<p><strong>Vos t\\u00e2ches :<\\\/strong><br \\\/>D\\u00e9coupe de feuilles d\\u2019or<\\\/p>\\n\n\n<p><strong>Votre profil :<\\\/strong><br \\\/>Exp\\u00e9rience professionnelle<br \\\/>Fiabilit\\u00e9 et motivation<br \\\/>Habilet\\u00e9 motrice fine et pr\\u00e9cision<\\\/p>\\n\n\n<p><strong>Nous offrons :<\\\/strong><br \\\/>Une r\\u00e9mun\\u00e9ration sup\\u00e9rieure \\u00e0 la moyenne<br \\\/>Une tr\\u00e8s bonne ambiance de travail<br \\\/>Travail \\u00e0 domicile \\u00e9galement possible<\\\/p>\\n\n\n<p>Nous nous r\\u00e9jouissons de recevoir des candidatures pertinentes incluant CV.<\\\/p>\\n\n\n<p>Veuillez envoyer votre candidature par e-mail \\u00e0 :<span>\\u00a0<\\\/span><a href=\\\"mailto:bewerbung@noris-blattgold.de\\\" target=\\\"_blank\\\" rel=\\\"noopener\\\">bewerbung@noris-blattgold.de<\\\/a><\\\/p>\",\"content_hr\":\"\n\n<div class=\\\"wpb_text_column wpb_content_element\\\">\\n\n\n<div class=\\\"wpb_wrapper\\\">\\n\n\n<p><strong>Va\\u0161i zadaci:<\\\/strong><span>\\u00a0<\\\/span>Obrezivanje zlatnih listi\\u0107a<span>\\u00a0<\\\/span><strong>Va\\u0161 profil:<\\\/strong><span>\\u00a0<\\\/span>Profesionalno iskustvo Pouzdanost i motivacija Fina motorika i to\\u010dnost<span>\\u00a0<\\\/span><strong>Nudimo:<\\\/strong><span>\\u00a0<\\\/span>Iznadprosje\\u010dnu pla\\u0107u Vrlo dobru radnu atmosferu Mogu\\u0107 je i rad kod ku\\u0107e Radujemo se primanju zna\\u010dajnih prijava uklj. CV. Prijavite se e-po\\u0161tom na:<span>\\u00a0<\\\/span><a href=\\\"mailto:bewerbung@noris-blattgold.de\\\" target=\\\"_blank\\\" rel=\\\"noopener\\\">bewerbung@noris-blattgold.de<\\\/a><\\\/p>\\n<\\\/div>\\n<\\\/div>\",\"content_it_it\":\"\n\n<p><strong>I vostri compiti:<\\\/strong><br \\\/>Rifinitura della foglia d\\u2019oro<\\\/p>\\n\n\n<p><strong>Il vostro profilo:<\\\/strong><br \\\/>Esperienza lavorativa<br \\\/>Affidabilit\\u00e0 e motivazione<br \\\/>Capacit\\u00e0 motorie fini e precisione<\\\/p>\\n\n\n<p><strong>Offriamo:<\\\/strong><br \\\/>Retribuzione superiore alla media<br \\\/>Un\\u2019ottima atmosfera di lavoro<br \\\/>Possibilit\\u00e0 di lavoro a domicilio<\\\/p>\\n\n\n<p>Siamo ansiosi di ricevere candidature informative. Curriculum vitae.<\\\/p>\\n\n\n<p>Si prega di inviare la propria candidatura via e-mail a:<span>\\u00a0<\\\/span><a href=\\\"mailto:bewerbung@noris-blattgold.de\\\" target=\\\"_blank\\\" rel=\\\"noopener\\\">bewerbung@noris-blattgold.de<\\\/a><\\\/p>\",\"status\":\"disabled\",\"title\":\"Gelernte Zuschneider f\\u00fcr Blattgold (m\\\/w\\\/d)\",\"title_en_us\":\"To strengthen our team we are looking for\",\"title_es_es\":\"Cortadores formados para pan de oro (h\\\/m)\",\"title_fr_fr\":\"D\\u00e9coupeur qualifi\\u00e9 de feuilles d\\u2019or (h\\\/f)\",\"title_hr\":\"Obu\\u010deni reza\\u010d zlatnih listi\\u0107a (m\\\/\\u017e\\\/d)\",\"title_it_it\":\"Tagliatori formati per la foglia d\\u2019oro (m\\\/f\\\/d)\"}},{\"type\":\"grid_item\",\"source\":{\"query\":{\"name\":\"stellenanzeigens.customStellenanzeigens\",\"arguments\":{\"users\":[],\"users_operator\":\"IN\",\"offset\":0,\"limit\":10,\"order\":\"date\",\"order_direction\":\"DESC\"}},\"props\":{\"title\":{\"name\":\"title\"},\"content\":{\"arguments\":{\"show_intro_text\":true},\"name\":\"content\"},\"title_en_us\":{\"name\":\"field.title_en\"},\"content_en_us\":{\"name\":\"field.inhalt_en\"},\"title_fr_fr\":{\"name\":\"field.titel_fr\"},\"content_fr_fr\":{\"name\":\"field.inhalt_fr\"},\"title_hr\":{\"name\":\"field.titel_hr\"},\"content_hr\":{\"name\":\"field.inhalt_hr\"},\"title_it_it\":{\"name\":\"field.titel_it\"},\"content_it_it\":{\"name\":\"field.inhalt_it\"},\"title_es_es\":{\"name\":\"field.title_es\"},\"content_es_es\":{\"name\":\"field.inhalt_es\"}}}}]}]},{\"type\":\"column\",\"props\":{\"image_position\":\"center-center\",\"position_sticky_breakpoint\":\"m\",\"width_medium\":\"2-5\"},\"children\":[{\"type\":\"panel\",\"props\":{\"block_align\":\"center\",\"content_column_breakpoint\":\"m\",\"icon_width\":80,\"image_align\":\"top\",\"image_grid_breakpoint\":\"m\",\"image_grid_width\":\"1-2\",\"image_svg_color\":\"emphasis\",\"link_style\":\"default\",\"link_text\":\"Read more\",\"margin\":\"default\",\"meta_align\":\"below-title\",\"meta_element\":\"div\",\"meta_style\":\"text-meta\",\"panel_padding\":\"large\",\"panel_style\":\"tile-primary\",\"text_align\":\"center\",\"title\":\"Im \\u00dcberblick\",\"title_align\":\"top\",\"title_element\":\"h3\",\"title_en_us\":\"Review\",\"title_es_es\":\"De un vistazo\",\"title_fr_fr\":\"Vue d'ensemble\",\"title_grid_breakpoint\":\"m\",\"title_grid_width\":\"1-2\",\"title_hover_style\":\"reset\",\"title_hr\":\"Na prvi pogled\",\"title_it_it\":\"In sintesi\"}},{\"type\":\"headline\",\"props\":{\"content\":\"NORIS Blattgold\",\"content_en_us\":\"NORIS Gold Leaf\\n\",\"content_fr_fr\":\"Feuille d'or NORIS\\n\",\"margin_remove_bottom\":true,\"text_align\":\"center\",\"title_element\":\"h2\"}},{\"type\":\"headline\",\"props\":{\"content\":\"in Zahlen\",\"content_en_us\":\"figures\",\"content_es_es\":\"en n\\u00fameros\\n\",\"content_fr_fr\":\"Chiffrable\",\"content_hr\":\"u brojkama\\n\",\"content_it_it\":\"in numeri\\n\",\"margin\":\"remove-vertical\",\"text_align\":\"center\",\"title_element\":\"h1\",\"title_style\":\"text-meta\"}},{\"type\":\"image\",\"props\":{\"image\":\"https:\\\/\\\/noris-blattgold.de\\\/wp-content\\\/uploads\\\/2018\\\/01\\\/separator.png\",\"image_svg_color\":\"emphasis\",\"margin\":\"default\",\"text_align\":\"center\"}},{\"type\":\"grid\",\"props\":{\"content_column_breakpoint\":\"m\",\"content_style\":\"heading-medium\",\"filter_align\":\"left\",\"filter_all\":true,\"filter_grid_breakpoint\":\"m\",\"filter_grid_width\":\"auto\",\"filter_position\":\"top\",\"filter_style\":\"tab\",\"grid_default\":\"1\",\"grid_medium\":\"\",\"icon_width\":80,\"image_align\":\"top\",\"image_grid_breakpoint\":\"m\",\"image_grid_width\":\"1-2\",\"image_svg_color\":\"emphasis\",\"item_animation\":true,\"lightbox_bg_close\":true,\"link_style\":\"default\",\"link_text\":\"Read more\",\"margin\":\"default\",\"meta_align\":\"below-title\",\"meta_color\":\"primary\",\"meta_element\":\"div\",\"meta_style\":\"heading-medium\",\"panel_padding\":\"default\",\"panel_style\":\"card-hover\",\"show_content\":true,\"show_hover_image\":false,\"show_hover_video\":false,\"show_image\":false,\"show_link\":false,\"show_meta\":true,\"show_title\":true,\"show_video\":false,\"text_align\":\"center\",\"title_align\":\"top\",\"title_element\":\"h3\",\"title_font_family\":\"default\",\"title_grid_breakpoint\":\"m\",\"title_grid_width\":\"1-2\",\"title_hover_style\":\"reset\"},\"children\":[{\"type\":\"grid_item\",\"props\":{\"content\":\"\",\"meta\":\"1876\",\"title\":\"Tradition seit\",\"title_en_us\":\"Tradition since\",\"title_es_es\":\"Tradici\\u00f3n desde\",\"title_fr_fr\":\"Tradition depuis\",\"title_hr\":\"tradicija od\",\"title_it_it\":\"Tradizione da\"}},{\"type\":\"grid_item\",\"props\":{\"content\":\"\",\"meta\":\"125\",\"title\":\"Mitarbeiter\",\"title_en_us\":\"Employees\",\"title_es_es\":\"Empleados\",\"title_fr_fr\":\"Collaborateur\",\"title_hr\":\"Zaposlenici\",\"title_it_it\":\"I dipendenti\"}},{\"type\":\"grid_item\",\"props\":{\"content\":\"\",\"meta\":\"4200\",\"title\":\"Produktionsfl\\u00e4che in qm\",\"title_en_us\":\"Production area in sqm\",\"title_es_es\":\"Superficie de producci\\u00f3n en m2\",\"title_fr_fr\":\"Surface de production en m2\",\"title_hr\":\"Proizvodni prostor u m2\",\"title_it_it\":\"Area di produzione in mq\"}}]}]}]}]}],\"version\":\"4.5.32\"} --><\/p>\n","protected":false},"excerpt":{"rendered":"<p>Karriere Noris Blattgoldfabrik Karriere Zur Verst\u00e4rkung unseres Teams suchen wir Im \u00dcberblick NORIS Blattgold in Zahlen Tradition seit 1876 Mitarbeiter 125 Produktionsfl\u00e4che in qm 4200<\/p>\n","protected":false},"author":1,"featured_media":0,"parent":0,"menu_order":0,"comment_status":"closed","ping_status":"closed","template":"full-width.php","meta":{"_acf_changed":false,"footnotes":""},"class_list":["post-7628","page","type-page","status-publish","hentry"],"acf":[],"_links":{"self":[{"href":"https:\/\/noris-blattgold.de\/es\/wp-json\/wp\/v2\/pages\/7628","targetHints":{"allow":["GET"]}}],"collection":[{"href":"https:\/\/noris-blattgold.de\/es\/wp-json\/wp\/v2\/pages"}],"about":[{"href":"https:\/\/noris-blattgold.de\/es\/wp-json\/wp\/v2\/types\/page"}],"author":[{"embeddable":true,"href":"https:\/\/noris-blattgold.de\/es\/wp-json\/wp\/v2\/users\/1"}],"replies":[{"embeddable":true,"href":"https:\/\/noris-blattgold.de\/es\/wp-json\/wp\/v2\/comments?post=7628"}],"version-history":[{"count":11,"href":"https:\/\/noris-blattgold.de\/es\/wp-json\/wp\/v2\/pages\/7628\/revisions"}],"predecessor-version":[{"id":23185,"href":"https:\/\/noris-blattgold.de\/es\/wp-json\/wp\/v2\/pages\/7628\/revisions\/23185"}],"wp:attachment":[{"href":"https:\/\/noris-blattgold.de\/es\/wp-json\/wp\/v2\/media?parent=7628"}],"curies":[{"name":"wp","href":"https:\/\/api.w.org\/{rel}","templated":true}]}}