{"id":21070,"date":"2023-04-13T16:38:09","date_gmt":"2023-04-13T14:38:09","guid":{"rendered":"https:\/\/noris-blattgold.de\/kontakt"},"modified":"2025-12-06T07:10:11","modified_gmt":"2025-12-06T06:10:11","slug":"kontakt","status":"publish","type":"page","link":"https:\/\/noris-blattgold.de\/es\/contacte-con","title":{"rendered":"Contacto con"},"content":{"rendered":"<h1>Kontakt<\/h1>\n<h4>Kontaktieren Sie<\/h4>\n<h1>Noris Blattgold GmbH<br \/>\n<\/h1>\n<ul>\n<li>\n<h3>ADRESSE<\/h3>\n<div>Noris-Blattgold GmbH<br \/>\nRennm\u00fchle 3<br \/>\n91126 Schwabach<br \/>\nDeutschland<\/div>\n<\/li>\n<li>\n<h3>KONTAKT<\/h3>\n<div>Telefon: <a href=\"tel.:+490912298930\">+49 (0)9122 \/ 9 89 30<\/a><br \/>\nTelefax: +49 (0)9122 \/ 7 32 45<br \/>\nE-Mail: <a href=\"\/%20info@noris-blattgold.de\">info@noris-blattgold.de<\/a><br \/>\nInternet: <a href=\"https:\/\/noris-blattgold.de\/\">www.noris-blattgold.de<\/a><\/div>\n<\/li>\n<\/ul>\n<div>\n<div class=\"wpcf7 no-js\" id=\"wpcf7-f6-o1\" lang=\"de-DE\" dir=\"ltr\" data-wpcf7-id=\"6\">\n<div class=\"screen-reader-response\"><p role=\"status\" aria-live=\"polite\" aria-atomic=\"true\"><\/p> <ul><\/ul><\/div>\n<form action=\"\/es\/wp-json\/wp\/v2\/pages\/21070#wpcf7-f6-o1\" method=\"post\" class=\"wpcf7-form init\" aria-label=\"Kontaktformular\" novalidate=\"novalidate\" data-status=\"init\">\n<fieldset class=\"hidden-fields-container\"><input type=\"hidden\" name=\"_wpcf7\" value=\"6\" \/><input type=\"hidden\" name=\"_wpcf7_version\" value=\"6.1.5\" \/><input type=\"hidden\" name=\"_wpcf7_locale\" value=\"de_DE\" \/><input type=\"hidden\" name=\"_wpcf7_unit_tag\" value=\"wpcf7-f6-o1\" \/><input type=\"hidden\" name=\"_wpcf7_container_post\" value=\"0\" \/><input type=\"hidden\" name=\"_wpcf7_posted_data_hash\" value=\"\" \/>\n<\/fieldset>\n<p><label> Name (required)<br \/>\n<span class=\"wpcf7-form-control-wrap\" data-name=\"your-name\"><input size=\"40\" maxlength=\"400\" class=\"wpcf7-form-control wpcf7-text wpcf7-validates-as-required\" aria-required=\"true\" aria-invalid=\"false\" value=\"\" type=\"text\" name=\"your-name\" \/><\/span> <\/label>\n<\/p>\n<p><label> Email (required)<br \/>\n<span class=\"wpcf7-form-control-wrap\" data-name=\"your-email\"><input size=\"40\" maxlength=\"400\" class=\"wpcf7-form-control wpcf7-email wpcf7-validates-as-required wpcf7-text wpcf7-validates-as-email\" aria-required=\"true\" aria-invalid=\"false\" value=\"\" type=\"email\" name=\"your-email\" \/><\/span> <\/label>\n<\/p>\n<p><label> Betreff<br \/>\n<span class=\"wpcf7-form-control-wrap\" data-name=\"your-subject\"><input size=\"40\" maxlength=\"400\" class=\"wpcf7-form-control wpcf7-text\" aria-invalid=\"false\" value=\"\" type=\"text\" name=\"your-subject\" \/><\/span> <\/label>\n<\/p>\n<p><label> Nachricht<br \/>\n<span class=\"wpcf7-form-control-wrap\" data-name=\"your-message\"><textarea cols=\"40\" rows=\"10\" maxlength=\"2000\" class=\"wpcf7-form-control wpcf7-textarea\" aria-invalid=\"false\" name=\"your-message\"><\/textarea><\/span> <\/label>\n<\/p>\n<p><input class=\"wpcf7-form-control wpcf7-submit has-spinner\" type=\"submit\" value=\"Senden\" \/>\n<\/p><div class=\"wpcf7-response-output\" aria-hidden=\"true\"><\/div>\n<\/form>\n<\/div>\n<\/div>\n<p><img decoding=\"async\" src=\"https:\/\/noris-blattgold.de\/wp-content\/uploads\/2018\/03\/Foyer.jpg\" alt=\"\"><\/p>\n<h4>was k\u00f6nnen wir f\u00fcr Sie tun<\/h4>\n<div>Haben Sie gesch\u00e4ftliche Anfragen zu unseren Leistungen, Produkten, Preise oder allgemeine Fragen zu Noris Blattgold GmbH. Kontaktieren Sie uns, wir freuen uns auf Sie.<\/div>\n<h4>follow us<\/h4>\n<ul>\n<li><a href=\"https:\/\/de-de.facebook.com\/noris.blattgold\/\">facebook<\/a>\n<\/li>\n<li><a href=\"https:\/\/www.instagram.com\/norisblattgold\/\">instagram<\/a>\n<\/li>\n<li><a href=\"https:\/\/www.youtube.com\/@NorisBlattgoldGmbH\">youtube<\/a>\n<\/li>\n<\/ul>\n<p><!--more--><br \/>\n<!-- {\"type\":\"layout\",\"children\":[{\"type\":\"section\",\"props\":{\"header_transparent\":false,\"header_transparent_noplaceholder\":false,\"header_transparent_text_color\":\"light\",\"height\":\"viewport\",\"height_viewport\":50,\"image\":\"https:\\\/\\\/noris-blattgold.de\\\/wp-content\\\/uploads\\\/2018\\\/10\\\/imprint_title.jpg\",\"image_position\":\"top-center\",\"image_size\":\"cover\",\"media_focal_point\":\"top-center\",\"overlap\":false,\"padding\":\"none\",\"style\":\"default\",\"text_color\":\"dark\",\"title_breakpoint\":\"xl\",\"title_position\":\"top-left\",\"title_rotation\":\"left\",\"vertical_align\":\"middle\",\"width\":\"default\"},\"children\":[{\"type\":\"row\",\"children\":[{\"type\":\"column\",\"props\":{\"image_position\":\"center-center\",\"position_sticky_breakpoint\":\"m\",\"width_medium\":\"1-1\"},\"children\":[{\"type\":\"headline\",\"props\":{\"content\":\"Kontakt\",\"content_en_us\":\"Contact\",\"content_es_es\":\"Contacte\\n\",\"content_fr_fr\":\"Contact\",\"content_hr\":\"Kontaktirajte \",\"content_it_it\":\"Contatto\",\"text_align\":\"left\",\"title_element\":\"h1\",\"title_style\":\"h1\"}}]}]}],\"name\":\"Hero\"},{\"type\":\"section\",\"props\":{\"image_position\":\"center-center\",\"padding\":\"large\",\"style\":\"default\",\"title_breakpoint\":\"xl\",\"title_position\":\"top-left\",\"title_rotation\":\"left\",\"vertical_align\":\"middle\",\"width\":\"default\"},\"children\":[{\"type\":\"row\",\"children\":[{\"type\":\"column\",\"props\":{\"image_position\":\"center-center\",\"position_sticky_breakpoint\":\"m\",\"width_xlarge\":\"1-2\"},\"children\":[{\"type\":\"headline\",\"props\":{\"content\":\"Kontaktieren Sie\",\"content_en_us\":\"Contact\",\"content_es_es\":\"Contacte con\\n\",\"content_fr_fr\":\"Contact\",\"content_hr\":\"Kontaktirajte nas\\n\",\"content_it_it\":\"Contatto\\n\",\"margin_remove_bottom\":true,\"title_color\":\"primary\",\"title_element\":\"h4\",\"title_font_family\":\"default\"}},{\"type\":\"headline\",\"props\":{\"content\":\"Noris Blattgold GmbH\\n\",\"margin\":\"large\",\"margin_remove_top\":true,\"title_element\":\"h1\"}},{\"type\":\"grid\",\"props\":{\"content_column_breakpoint\":\"m\",\"filter_align\":\"left\",\"filter_all\":true,\"filter_grid_breakpoint\":\"m\",\"filter_grid_width\":\"auto\",\"filter_position\":\"top\",\"filter_style\":\"tab\",\"grid_default\":\"1\",\"grid_medium\":\"2\",\"icon_width\":80,\"image_align\":\"top\",\"image_grid_breakpoint\":\"m\",\"image_grid_width\":\"1-2\",\"image_svg_color\":\"emphasis\",\"item_animation\":true,\"lightbox_bg_close\":true,\"link_style\":\"default\",\"link_text\":\"Read more\",\"margin\":\"large\",\"meta_align\":\"below-title\",\"meta_element\":\"div\",\"meta_style\":\"text-meta\",\"show_content\":true,\"show_hover_image\":true,\"show_hover_video\":true,\"show_image\":true,\"show_link\":true,\"show_meta\":true,\"show_title\":true,\"show_video\":true,\"title_align\":\"top\",\"title_color\":\"primary\",\"title_element\":\"h3\",\"title_font_family\":\"default\",\"title_grid_breakpoint\":\"m\",\"title_grid_width\":\"1-2\",\"title_hover_style\":\"reset\",\"title_style\":\"h2\"},\"children\":[{\"type\":\"grid_item\",\"props\":{\"content\":\"Noris-Blattgold GmbH<br \/>\\nRennm\\u00fchle 3<br \/>\\n91126 Schwabach<br \/>\\nDeutschland\",\"content_en_us\":\"Noris-Blattgold GmbH<br \/>\\nRennm\\u00fchle 3<br \/>\\n91126 Schwabach<br \/>\\nGermany\",\"content_es_es\":\"Noris-Blattgold GmbH<br \/>\\nRennm\\u00fchle 3<br \/>\\n91126 Schwabach<br \/>\\nAlemania\",\"content_fr_fr\":\"Noris-Blattgold GmbH<br \/>\\nRennm\\u00fchle 3<br \/>\\n91126 Schwabach<br \/>\\nAllemagne\",\"content_hr\":\"Noris-Blattgold GmbH<br \/>\\nRennm\\u00fchle 3<br \/>\\n91126 Schwabach<br \/>\\nNjema\\u010dka\",\"content_it_it\":\"Noris-Blattgold GmbH<br \/>\\nRennm\\u00fchle 3<br \/>\\n91126 Schwabach<br \/>\\nGermania\",\"title\":\"ADRESSE\",\"title_en_us\":\"ADRESS\",\"title_hr\":\"Adresa\",\"title_it_it\":\"INDIRIZZO\"}},{\"type\":\"grid_item\",\"props\":{\"content\":\"Telefon: <a href=\\\"tel.:+490912298930\\\">+49 (0)9122 \\\/ 9 89 30<\\\/a><br \/>\\nTelefax: +49 (0)9122 \\\/ 7 32 45<br \/>\\nE-Mail: <a href=\\\" info@noris-blattgold.de\\\">info@noris-blattgold.de<\\\/a><br \/>\\nInternet: <a href=\\\"https:\\\/\\\/noris-blattgold.de\\\/\\\">www.noris-blattgold.de<\\\/a><br \/>\",\"content_en_us\":\"phone: <a href=\\\"tel.:+490912298930\\\">+49 (0)9122 \\\/ 9 89 30<\\\/a><br \/>\\nfax: +49 (0)9122 \\\/ 7 32 45<br \/>\\ne-mail: <a href=\\\" info@noris-blattgold.de\\\">info@noris-blattgold.de<\\\/a><br \/>\\nweb: <a href=\\\"https:\\\/\\\/noris-blattgold.de\\\/\\\">www.noris-blattgold.de<\\\/a><br \/>\",\"content_es_es\":\"Tel\\u00e9fono: <a href=\\\"tel.:+490912298930\\\">+49 (0)9122 \\\/ 9 89 30<\\\/a><br \/>\\nFax: +49 (0)9122 \\\/ 7 32 45<br \/>\\nCorreo electr\\u00f3nico: <a href=\\\" info@noris-blattgold.de\\\">info@noris-blattgold.de<\\\/a><br \/>\\nInternet: <a href=\\\"https:\\\/\\\/noris-blattgold.de\\\/\\\">www.noris-blattgold.de<\\\/a><br \/>\",\"content_fr_fr\":\"t\\u00e9l\\u00e9phone: <a href=\\\"tel.:+490912298930\\\">+49 (0)9122 \\\/ 9 89 30<\\\/a><br \/>\\nfax: +49 (0)9122 \\\/ 7 32 45<br \/>\\ne-mail: <a href=\\\" info@noris-blattgold.de\\\">info@noris-blattgold.de<\\\/a><br \/>\\nInternet: <a href=\\\"https:\\\/\\\/noris-blattgold.de\\\/\\\">www.noris-blattgold.de<\\\/a><br \/>\",\"content_hr\":\"telefon: <a href=\\\"tel.:+490912298930\\\">+49 (0)9122 \\\/ 9 89 30<\\\/a><br \/>\\nfaks: +49 (0)9122 \\\/ 7 32 45<br \/>\\nE-Mail: <a href=\\\" info@noris-blattgold.de\\\">info@noris-blattgold.de<\\\/a><br \/>\\nInternet: <a href=\\\"https:\\\/\\\/noris-blattgold.de\\\/\\\">www.noris-blattgold.de<\\\/a><br \/>\",\"content_it_it\":\"telefono: <a href=\\\"tel.:+490912298930\\\">+49 (0)9122 \\\/ 9 89 30<\\\/a><br \/>\\nfax: +49 (0)9122 \\\/ 7 32 45<br \/>\\ne-mail: <a href=\\\" info@noris-blattgold.de\\\">info@noris-blattgold.de<\\\/a><br \/>\\nInternet: <a href=\\\"https:\\\/\\\/noris-blattgold.de\\\/\\\">www.noris-blattgold.de<\\\/a><br \/>\",\"title\":\"KONTAKT\",\"title_en_us\":\"CONTACT\",\"title_es_es\":\"CONTACTO\",\"title_fr_fr\":\"CONTACT\",\"title_it_it\":\"CONTATTO\"}}]},{\"type\":\"text\",\"props\":{\"column_breakpoint\":\"m\",\"content\":\"[contact-form-7 id=\\\"16d9e2d\\\" title=\\\"Kontaktformular\\\"]\",\"content_en_us\":\"[contact-form-7 id=\\\"99051b5\\\" title=\\\"Contact Form\\\"]\",\"content_fr_fr\":\"[contact-form-7 id=\\\"8fdf1b5\\\" title=\\\"Formulaire de contact\\\"]\",\"margin\":\"default\"}}]},{\"type\":\"column\",\"props\":{\"image_position\":\"center-center\",\"position_sticky_breakpoint\":\"m\",\"width_xlarge\":\"1-2\"},\"children\":[{\"type\":\"image\",\"props\":{\"image\":\"https:\\\/\\\/noris-blattgold.de\\\/wp-content\\\/uploads\\\/2018\\\/03\\\/Foyer.jpg\",\"image_svg_color\":\"emphasis\",\"margin\":\"default\"}},{\"type\":\"headline\",\"props\":{\"content\":\"was k\\u00f6nnen wir f\\u00fcr Sie tun\",\"content_en_us\":\"what can we do for you\\n\",\"content_es_es\":\"qu\\u00e9 podemos hacer por usted\\n\",\"content_fr_fr\":\"ce que nous pouvons faire pour vous\\n\",\"content_hr\":\"\\u0160to mo\\u017eemo u\\u010diniti za vas\\n\",\"content_it_it\":\"cosa possiamo fare per voi\\n\",\"margin_remove_bottom\":true,\"title_color\":\"primary\",\"title_element\":\"h4\",\"title_font_family\":\"default\"}},{\"type\":\"text\",\"props\":{\"column_breakpoint\":\"m\",\"content\":\"Haben Sie gesch\\u00e4ftliche Anfragen zu unseren Leistungen, Produkten, Preise oder allgemeine Fragen zu Noris Blattgold GmbH. Kontaktieren Sie uns, wir freuen uns auf Sie.\",\"content_en_us\":\"Do you have business inquiries about our services, products, prices or general questions about Noris Blattgold GmbH. Please contact us, we are looking forward to hearing from you.\\n\\n\",\"content_es_es\":\"\\u00bfTiene alguna consulta comercial sobre nuestros servicios, productos, precios o preguntas generales sobre Noris Blattgold GmbH? P\\u00f3ngase en contacto con nosotros, estaremos encantados de atenderle.\\n\\n\",\"content_fr_fr\":\"Vous avez des questions commerciales sur nos services, nos produits, nos prix ou des questions g\\u00e9n\\u00e9rales sur Noris Blattgold GmbH. N'h\\u00e9sitez pas \\u00e0 nous contacter, nous nous ferons un plaisir de vous r\\u00e9pondre.\\n\\n\",\"content_hr\":\"Imate li poslovnih upita o na\\u0161im uslugama, proizvodima, cijenama ili op\\u0107ih pitanja o Noris Blattgold GmbH. Kontaktirajte nas, veselimo se va\\u0161em dolasku.\\n\\n\",\"content_it_it\":\"Avete richieste commerciali sui nostri servizi, prodotti, prezzi o domande generali su Noris Blattgold GmbH. Contattateci, saremo lieti di ascoltarvi.\\n\\n\",\"margin\":\"default\",\"text_align\":\"justify\"}},{\"type\":\"headline\",\"props\":{\"content\":\"follow us\",\"content_es_es\":\"s\\u00edguenos\",\"content_fr_fr\":\"suivez-nous\\n\",\"content_hr\":\"prati nas\\n\",\"content_it_it\":\"seguiteci\",\"margin_remove_bottom\":true,\"title_color\":\"primary\",\"title_element\":\"h4\",\"title_font_family\":\"default\"}},{\"type\":\"social\",\"props\":{\"grid\":\"horizontal\",\"grid_column_gap\":\"small\",\"grid_row_gap\":\"small\",\"image_svg_inline\":true,\"link_style\":\"button\",\"margin\":\"default\"},\"children\":[{\"type\":\"social_item\",\"props\":{\"link\":\"https:\\\/\\\/de-de.facebook.com\\\/noris.blattgold\\\/\"}},{\"type\":\"social_item\",\"props\":{\"link\":\"https:\\\/\\\/www.instagram.com\\\/norisblattgold\\\/\"}},{\"type\":\"social_item\",\"props\":{\"link\":\"https:\\\/\\\/www.youtube.com\\\/@NorisBlattgoldGmbH\"}}]}]}],\"props\":{\"layout\":\"1-2,1-2\"}}],\"name\":\"\\u00dcberschrift - Header\"}],\"version\":\"4.5.32\"} --><\/p>\n","protected":false},"excerpt":{"rendered":"<p>Kontakt Kontaktieren Sie Noris Blattgold GmbH ADRESSE Noris-Blattgold GmbH Rennm\u00fchle 3 91126 Schwabach Deutschland KONTAKT Telefon: +49 (0)9122 \/ 9 89 30 Telefax: +49 (0)9122 \/ 7 32 45 E-Mail: info@noris-blattgold.de Internet: www.noris-blattgold.de was k\u00f6nnen wir f\u00fcr Sie tun Haben Sie gesch\u00e4ftliche Anfragen zu unseren Leistungen, Produkten, Preise oder allgemeine Fragen zu Noris Blattgold GmbH. [&hellip;]<\/p>\n","protected":false},"author":1,"featured_media":0,"parent":0,"menu_order":0,"comment_status":"closed","ping_status":"closed","template":"","meta":{"_acf_changed":false,"footnotes":""},"class_list":["post-21070","page","type-page","status-publish","hentry"],"acf":[],"_links":{"self":[{"href":"https:\/\/noris-blattgold.de\/es\/wp-json\/wp\/v2\/pages\/21070","targetHints":{"allow":["GET"]}}],"collection":[{"href":"https:\/\/noris-blattgold.de\/es\/wp-json\/wp\/v2\/pages"}],"about":[{"href":"https:\/\/noris-blattgold.de\/es\/wp-json\/wp\/v2\/types\/page"}],"author":[{"embeddable":true,"href":"https:\/\/noris-blattgold.de\/es\/wp-json\/wp\/v2\/users\/1"}],"replies":[{"embeddable":true,"href":"https:\/\/noris-blattgold.de\/es\/wp-json\/wp\/v2\/comments?post=21070"}],"version-history":[{"count":3,"href":"https:\/\/noris-blattgold.de\/es\/wp-json\/wp\/v2\/pages\/21070\/revisions"}],"predecessor-version":[{"id":23139,"href":"https:\/\/noris-blattgold.de\/es\/wp-json\/wp\/v2\/pages\/21070\/revisions\/23139"}],"wp:attachment":[{"href":"https:\/\/noris-blattgold.de\/es\/wp-json\/wp\/v2\/media?parent=21070"}],"curies":[{"name":"wp","href":"https:\/\/api.w.org\/{rel}","templated":true}]}}