{"id":6046,"date":"2018-03-08T07:59:45","date_gmt":"2018-03-08T07:59:45","guid":{"rendered":"http:\/\/noris-blattgold.de\/?page_id=6046"},"modified":"2026-04-04T13:50:01","modified_gmt":"2026-04-04T11:50:01","slug":"katalog","status":"publish","type":"page","link":"https:\/\/noris-blattgold.de\/en\/catalogue","title":{"rendered":"Catalogue"},"content":{"rendered":"<h1>Katalog<\/h1>\n<h4>NORIS<\/h4>\n<h1>Katalog<\/h1>\n<p><img decoding=\"async\" src=\"https:\/\/noris-blattgold.de\/wp-content\/uploads\/2018\/01\/separator.png\" alt=\"\"><\/p>\n<div>\n<p>Alles f\u00fcr das Vergolderhandwerk. Unser aktueller Katalog pr\u00e4sentiert auf mehr als 90 Seiten ein umfangreiches Angebot f\u00fcr den Vergolder, Restaurator, Steinmetz uvm.<br \/>Durch eigene Herstellung von Blattgold, Blattsilber, Blattmetallen, Pudergold und Pudersilber in Pl\u00e4ttchenform, Muschelgold usw. sowie einigen Vergolderartikeln in unseren modernst ausgestatteten Fabrikationsanlagen, sind wir bereits f\u00fcnf Generationen hindurch in der Lage, unseren Kunden gleichbleibende Spitzenqualit\u00e4t einer gro\u00dfen Produktionspalette anbieten zu k\u00f6nnen. Hohe Branchenkenntnisse erm\u00f6glichen es uns, Ihre Interessen voll wahrzunehmen.<\/p>\n<\/div>\n<p><img decoding=\"async\" src=\"https:\/\/noris-blattgold.de\/wp-content\/uploads\/2026\/02\/Noris-Katalog-Website-Bild-2026.jpg\" alt=\"\"><\/p>\n<h1>zum Download<\/h1>\n<p><p>\n        <a href=\"https:\/\/noris-blattgold.de\/wp-content\/uploads\/2026\/04\/2026_04_03_NORIS_ohne_Preise_web.pdf\">PDF (3,5 MB)<\/a>\n    <\/p>\n<\/p>\n<p><p>\n        <a href=\"https:\/\/www.noris-blattgold.shop\">Noris Blattgold Shop<\/a>\n    <\/p>\n<\/p>\n<p><!--more--><br \/>\n<!-- {\"type\":\"layout\",\"children\":[{\"type\":\"section\",\"props\":{\"header_transparent\":false,\"header_transparent_noplaceholder\":false,\"header_transparent_text_color\":\"light\",\"height\":\"viewport\",\"height_viewport\":50,\"image\":\"https:\/\/noris-blattgold.de\/wp-content\/uploads\/2026\/02\/Noris-Katalog-Website-Bild-2026_3.jpg\",\"image_position\":\"top-center\",\"image_size\":\"cover\",\"media_focal_point\":\"top-center\",\"overlap\":false,\"padding_bottom\":\"none\",\"padding_top\":\"none\",\"style\":\"default\",\"text_color\":\"dark\",\"title_breakpoint\":\"xl\",\"title_position\":\"top-left\",\"title_rotation\":\"left\",\"vertical_align\":\"middle\",\"width\":\"default\"},\"children\":[{\"type\":\"row\",\"children\":[{\"type\":\"column\",\"props\":{\"image_position\":\"center-center\",\"position_sticky_breakpoint\":\"m\",\"width_medium\":\"1-1\"},\"children\":[{\"type\":\"headline\",\"props\":{\"content\":\"Katalog\",\"content_en_us\":\"Catalog\",\"content_es_es\":\"Cat\u00e1logo\",\"content_fr_fr\":\"Catalogue\",\"content_hr\":\"Katalog\",\"content_it_it\":\"Catalogo\",\"image_align\":\"left\",\"image_margin\":\"xsmall\",\"text_align\":\"left\",\"title_element\":\"h1\",\"title_style\":\"h1\"}}]}]}],\"name\":\"Hero\"},{\"type\":\"section\",\"props\":{\"image_position\":\"center-center\",\"padding_bottom\":\"large\",\"padding_top\":\"large\",\"style\":\"default\",\"title_breakpoint\":\"xl\",\"title_position\":\"top-left\",\"title_rotation\":\"left\",\"vertical_align\":\"middle\",\"width\":\"default\"},\"children\":[{\"type\":\"row\",\"children\":[{\"type\":\"column\",\"props\":{\"image_position\":\"center-center\",\"position_sticky_breakpoint\":\"m\"},\"children\":[{\"type\":\"headline\",\"props\":{\"content\":\"NORIS\",\"image_align\":\"left\",\"image_margin\":\"xsmall\",\"text_align\":\"center\",\"title_color\":\"primary\",\"title_decoration\":\"line\",\"title_element\":\"h4\",\"title_font_family\":\"default\",\"title_style\":\"text-lead\"}},{\"type\":\"headline\",\"props\":{\"content\":\"Katalog\",\"content_en_us\":\"Catalog\",\"content_es_es\":\"Cat\u00e1logo\",\"content_fr_fr\":\"Catalogue\",\"content_hr\":\"Katalog\",\"content_it_it\":\"Catalogo\",\"image_align\":\"left\",\"image_margin\":\"xsmall\",\"text_align\":\"center\",\"title_element\":\"h1\"}},{\"type\":\"image\",\"props\":{\"image\":\"https:\/\/noris-blattgold.de\/wp-content\/uploads\/2018\/01\/separator.png\",\"image_svg_color\":\"emphasis\",\"margin_bottom\":\"default\",\"margin_top\":\"default\",\"text_align\":\"center\"}}]}]}],\"name\":\"\u00dcberschrift - Header\"},{\"type\":\"section\",\"props\":{\"image_position\":\"center-center\",\"style\":\"default\",\"title_breakpoint\":\"xl\",\"title_position\":\"top-left\",\"title_rotation\":\"left\",\"vertical_align\":\"middle\",\"width\":\"default\"},\"children\":[{\"type\":\"row\",\"props\":{\"layout\":\"1-2,1-2\"},\"children\":[{\"type\":\"column\",\"props\":{\"image_position\":\"center-center\",\"position_sticky_breakpoint\":\"m\",\"vertical_align\":\"middle\",\"width_medium\":\"1-2\"},\"children\":[{\"type\":\"text\",\"props\":{\"column_breakpoint\":\"m\",\"content\":\"\n\n<p>Alles f\u00fcr das Vergolderhandwerk. Unser aktueller Katalog pr\u00e4sentiert auf mehr als 90 Seiten ein umfangreiches Angebot f\u00fcr den Vergolder, Restaurator, Steinmetz uvm.<br \/>Durch eigene Herstellung von Blattgold, Blattsilber, Blattmetallen, Pudergold und Pudersilber in Pl\u00e4ttchenform, Muschelgold usw. sowie einigen Vergolderartikeln in unseren modernst ausgestatteten Fabrikationsanlagen, sind wir bereits f\u00fcnf Generationen hindurch in der Lage, unseren Kunden gleichbleibende Spitzenqualit\u00e4t einer gro\u00dfen Produktionspalette anbieten zu k\u00f6nnen. Hohe Branchenkenntnisse erm\u00f6glichen es uns, Ihre Interessen voll wahrzunehmen.<\/p>\n\n\",\"content_en_us\":\"\n\n<p>Everything for the gilding trade. Our current catalog presents on 88 pages an extensive offer for the gilder, restorer, stonemason and many more.<br \/>Through our own production of gold leaf, silver leaf, metal leaf, powder gold and powder silver in plate form, shell gold, etc., as well as some gilding items in our state-of-the-art equipped manufacturing facilities, we have been able to offer our customers consistent top quality of a wide production range for five generations. A high level of industry knowledge enables us to fully safeguard your interests.<\/p>\n\n\",\"content_es_es\":\"\n\n<p>Todo para el oficio del dorador. Nuestro cat\u00e1logo actual presenta en m\u00e1s de 90 p\u00e1ginas una amplia gama para doradores, restauradores, canteros y muchos m\u00e1s.<br \/>A trav\u00e9s de nuestra propia producci\u00f3n de pan de oro, pan de plata, pan de metal, oro en polvo y plata en polvo en forma de placa, oro de concha, etc., as\u00ed como algunos art\u00edculos de dorado en nuestras modernas instalaciones de fabricaci\u00f3n, hemos podido ofrecer a nuestros clientes una calidad superior constante en una amplia gama de productos durante cinco generaciones. Nuestro elevado conocimiento del sector nos permite salvaguardar plenamente sus intereses.<\/p>\n\n\",\"content_fr_fr\":\"\n\n<p>Tout pour l'artisanat de la dorure. Notre catalogue actuel pr\u00e9sente sur 88 pages une offre compl\u00e8te pour le doreur, le restaurateur, le tailleur de pierre, etc.<br \/>Gr\u00e2ce \u00e0 notre propre production de feuilles d\u2019or, de feuilles d\u2019argent, de feuilles m\u00e9talliques, d\u2019or en poudre et d\u2019argent en poudre en forme de plaque, d\u2019or en coquille, etc., ainsi que de quelques articles de dorure dans nos installations de fabrication ultramodernes, nous sommes en mesure, depuis cinq g\u00e9n\u00e9rations d\u00e9j\u00e0, d\u2019offrir \u00e0 nos clients une qualit\u00e9 sup\u00e9rieure constante dans une large gamme de production. Une grande connaissance du secteur nous permet de d\u00e9fendre pleinement vos int\u00e9r\u00eats.<\/p>\n\n\",\"content_hr\":\"Sve za pozlatara. Na vi\u0161e od 90 stranica, na\u0161 trenutni katalog predstavlja opse\u017enu ponudu za pozlatara, restauratora, klesara i mnoge druge.<br \/>\\nVlastitom proizvodnjom zlatnih listi\u0107a, srebrnih listi\u0107a, metalnih listi\u0107a, zlata u prahu i srebra u prahu u obliku ljuskica, ljuskastog zlata itd., kao i nekih predmeta za pozlatu u na\u0161im najsuvremenijim proizvodnim pogonima, uspjeli smo na\u0161im kupcima nudimo dosljednu vrhunsku kvalitetu iz \u0161irokog asortimana proizvoda za pet generacija. Opse\u017eno poznavanje industrije omogu\u0107uje nam da u potpunosti sagledamo Va\u0161e interese.\",\"content_it_it\":\"\n\n<p>Tutto per l'arte della doratura. In pi\u00f9 di 90 pagine, il nostro attuale catalogo presenta una vasta gamma per doratori, restauratori, scalpellini e molti altri.<br \/>Attraverso la nostra produzione di foglia d\u2019oro, foglia d\u2019argento, foglia di metallo, oro in polvere e argento in polvere a scaglie, oro in conchiglia ecc. nonch\u00e9 alcuni articoli di doratura nei nostri impianti di produzione all\u2019avanguardia, siamo stati in grado di offrire ai nostri clienti una qualit\u00e0 superiore costante da una vasta gamma di prodotti da cinque generazioni. La vasta conoscenza del settore ci consente di percepire pienamente i vostri interessi.<\/p>\n\n\",\"margin_bottom\":\"large\",\"margin_top\":\"large\",\"text_align\":\"left\"}}]},{\"type\":\"column\",\"props\":{\"image_position\":\"center-center\",\"position_sticky_breakpoint\":\"m\",\"width_medium\":\"1-2\"},\"children\":[{\"type\":\"image\",\"props\":{\"image\":\"https:\/\/noris-blattgold.de\/wp-content\/uploads\/2026\/02\/Noris-Katalog-Website-Bild-2026.jpg\",\"image_svg_color\":\"emphasis\",\"margin_bottom\":\"default\",\"margin_top\":\"default\"}}]}]}]},{\"type\":\"section\",\"props\":{\"image_position\":\"center-center\",\"padding_bottom\":\"large\",\"padding_top\":\"large\",\"style\":\"primary\",\"title_breakpoint\":\"xl\",\"title_position\":\"top-left\",\"title_rotation\":\"left\",\"vertical_align\":\"middle\",\"width\":\"small\"},\"children\":[{\"type\":\"row\",\"props\":{\"layout\":\"1-2,1-2\"},\"children\":[{\"type\":\"column\",\"props\":{\"image_position\":\"center-center\",\"position_sticky_breakpoint\":\"m\",\"width_small\":\"1-2\"},\"children\":[{\"type\":\"headline\",\"props\":{\"content\":\"zum Download\",\"content_en_us\":\"TO THE DOWNLOAD\",\"content_es_es\":\"A LA DESCARGA\",\"content_fr_fr\":\"ZUM T\u00c9L\u00c9CHARGER\",\"content_hr\":\"ZA PREUZIMANJE\",\"content_it_it\":\"AL DOWNLOAD\",\"image_align\":\"left\",\"image_margin\":\"xsmall\",\"text_align\":\"left\",\"text_align_breakpoint\":\"s\",\"text_align_fallback\":\"center\",\"title_element\":\"h1\"}}]},{\"type\":\"column\",\"props\":{\"image_position\":\"center-center\",\"position_sticky_breakpoint\":\"m\",\"width_small\":\"1-2\"},\"children\":[{\"type\":\"button\",\"props\":{\"button_size\":\"large\",\"fullwidth\":false,\"grid_column_gap\":\"small\",\"grid_row_gap\":\"small\",\"margin_bottom\":\"default\",\"margin_top\":\"default\",\"text_align\":\"right\",\"text_align_breakpoint\":\"s\",\"text_align_fallback\":\"center\"},\"children\":[{\"type\":\"button_item\",\"props\":{\"button_style\":\"default\",\"content\":\"PDF (3,5 MB)\",\"dialog_layout\":\"modal\",\"dialog_offcanvas_flip\":true,\"icon_align\":\"left\",\"link\":\"https:\/\/noris-blattgold.de\/wp-content\/uploads\/2026\/04\/2026_04_03_NORIS_ohne_Preise_web.pdf\",\"link_target\":true}}]}]}]}]},{\"type\":\"section\",\"props\":{\"image_position\":\"center-center\",\"padding_bottom\":\"large\",\"padding_top\":\"large\",\"style\":\"default\",\"title_breakpoint\":\"xl\",\"title_position\":\"top-left\",\"title_rotation\":\"left\",\"vertical_align\":\"middle\",\"width\":\"default\"},\"children\":[{\"type\":\"row\",\"children\":[{\"type\":\"column\",\"props\":{\"image_position\":\"center-center\",\"position_sticky_breakpoint\":\"m\"},\"children\":[{\"type\":\"button\",\"props\":{\"button_size\":\"large\",\"fullwidth\":false,\"grid_column_gap\":\"small\",\"grid_row_gap\":\"small\",\"margin_bottom\":\"default\",\"margin_top\":\"default\",\"text_align\":\"center\",\"text_align_fallback\":\"center\"},\"children\":[{\"type\":\"button_item\",\"props\":{\"button_style\":\"primary\",\"content\":\"Noris Blattgold Shop\",\"content_en_us\":\"Noris gold leaf store\",\"content_es_es\":\"Tienda Noris Gold Leaf\",\"content_fr_fr\":\"Boutique Noris Blattgold\",\"content_hr\":\"Noris Gold Leaf Shop\",\"content_it_it\":\"Negozio di foglia d'oro Noris\",\"dialog_layout\":\"modal\",\"dialog_offcanvas_flip\":true,\"icon\":\"cart\",\"icon_align\":\"left\",\"link\":\"https:\/\/www.noris-blattgold.shop\",\"link_en_us\":\"https:\/\/www.noris-blattgold.shop\/en\/\",\"link_es_es\":\"https:\/\/www.noris-blattgold.shop\/en\/\",\"link_fr_fr\":\"https:\/\/www.noris-blattgold.shop\/en\/\",\"link_hr\":\"https:\/\/www.noris-blattgold.shop\/en\/\",\"link_it_it\":\"https:\/\/www.noris-blattgold.shop\/en\/\",\"link_target\":true}}]}]}]}]}],\"version\":\"5.0.25\"} --><\/p>\n","protected":false},"excerpt":{"rendered":"<p>Katalog NORIS Katalog Alles f\u00fcr das Vergolderhandwerk. Unser aktueller Katalog pr\u00e4sentiert auf mehr als 90 Seiten ein umfangreiches Angebot f\u00fcr den Vergolder, Restaurator, Steinmetz uvm.Durch eigene Herstellung von Blattgold, Blattsilber, Blattmetallen, Pudergold und Pudersilber in Pl\u00e4ttchenform, Muschelgold usw. sowie einigen Vergolderartikeln in unseren modernst ausgestatteten Fabrikationsanlagen, sind wir bereits f\u00fcnf Generationen hindurch in der Lage, [&hellip;]<\/p>\n","protected":false},"author":1,"featured_media":0,"parent":0,"menu_order":0,"comment_status":"closed","ping_status":"closed","template":"","meta":{"_acf_changed":false,"footnotes":""},"class_list":["post-6046","page","type-page","status-publish","hentry"],"acf":[],"_links":{"self":[{"href":"https:\/\/noris-blattgold.de\/en\/wp-json\/wp\/v2\/pages\/6046","targetHints":{"allow":["GET"]}}],"collection":[{"href":"https:\/\/noris-blattgold.de\/en\/wp-json\/wp\/v2\/pages"}],"about":[{"href":"https:\/\/noris-blattgold.de\/en\/wp-json\/wp\/v2\/types\/page"}],"author":[{"embeddable":true,"href":"https:\/\/noris-blattgold.de\/en\/wp-json\/wp\/v2\/users\/1"}],"replies":[{"embeddable":true,"href":"https:\/\/noris-blattgold.de\/en\/wp-json\/wp\/v2\/comments?post=6046"}],"version-history":[{"count":10,"href":"https:\/\/noris-blattgold.de\/en\/wp-json\/wp\/v2\/pages\/6046\/revisions"}],"predecessor-version":[{"id":23348,"href":"https:\/\/noris-blattgold.de\/en\/wp-json\/wp\/v2\/pages\/6046\/revisions\/23348"}],"wp:attachment":[{"href":"https:\/\/noris-blattgold.de\/en\/wp-json\/wp\/v2\/media?parent=6046"}],"curies":[{"name":"wp","href":"https:\/\/api.w.org\/{rel}","templated":true}]}}