{"id":5834,"date":"2018-03-01T09:22:41","date_gmt":"2018-03-01T09:22:41","guid":{"rendered":"http:\/\/noris-blattgold.de\/?page_id=5834"},"modified":"2025-12-06T02:11:47","modified_gmt":"2025-12-06T01:11:47","slug":"blattsilber","status":"publish","type":"page","link":"https:\/\/noris-blattgold.de\/en\/silver-leaf","title":{"rendered":"Silver leaf"},"content":{"rendered":"<h1>Blattsilber<br \/>\n<\/h1>\n<h4>Eigene Fertigung<\/h4>\n<h1>Blattsilber<br \/>\n<\/h1>\n<p><img decoding=\"async\" src=\"https:\/\/noris-blattgold.de\/wp-content\/uploads\/2018\/01\/separator.png\" alt=\"\"><\/p>\n<div>Blattsilber in erstklassiger Qualit\u00e4t aus eigener Produktion in verschiedenen Blattst\u00e4rken, sowie in Normalst\u00e4rke in Lose und Transfer. Die Standardgr\u00f6\u00dfe betr\u00e4gt 95 x 95 mm, andere Ma\u00dfe sind auf Anfrage m\u00f6glich. Das Blattsilber liegt zu 25 Blatt im B\u00fcchlein aus Seidenpapier. 10 B\u00fcchlein ergeben ein Buch mit 250 Blatt.<\/p>\n<\/div>\n<ul>\n<li>\n<p>        <img decoding=\"async\" src=\"https:\/\/noris-blattgold.de\/wp-content\/uploads\/2018\/02\/Blattsilber-300x124.jpg\" alt=\"\"><\/p>\n<div>Blattsilber Lose<\/div>\n<p>99,9% Reinheit<\/p>\n<\/li>\n<li>\n<p>        <img decoding=\"async\" src=\"https:\/\/noris-blattgold.de\/wp-content\/uploads\/2018\/02\/Blattsilber-300x124.jpg\" alt=\"\"><\/p>\n<div>Blattsilber Transfer<\/div>\n<p>99,9% Reinheit<\/p>\n<\/li>\n<li>\n<p>        <img decoding=\"async\" src=\"https:\/\/noris-blattgold.de\/wp-content\/uploads\/2018\/02\/Blattsilber-300x124.jpg\" alt=\"\"><\/p>\n<div>Blattsilber Extra Weich<\/div>\n<p>99,9% Reinheit<\/p>\n<\/li>\n<li>\n<p>        <img decoding=\"async\" src=\"https:\/\/noris-blattgold.de\/wp-content\/uploads\/2018\/02\/Blattsilber-300x124.jpg\" alt=\"\"><\/p>\n<div>Echtsilberfolie ca. 0,3 gr\/Blatt<\/div>\n<p>99,9% Reinheit<\/p>\n<\/li>\n<\/ul>\n<p><p>\n        <a href=\"https:\/\/www.noris-blattgold.shop\/Blattgold\/Blattsilber\/\">zum shop<\/a>\n    <\/p>\n<\/p>\n<p><!--more--><br \/>\n<!-- {\"type\":\"layout\",\"children\":[{\"type\":\"section\",\"props\":{\"header_transparent\":false,\"header_transparent_noplaceholder\":false,\"header_transparent_text_color\":\"light\",\"height\":\"viewport\",\"height_viewport\":50,\"image\":\"https:\\\/\\\/noris-blattgold.de\\\/wp-content\\\/uploads\\\/2018\\\/04\\\/blattsilber_title.jpg\",\"image_position\":\"top-center\",\"image_size\":\"cover\",\"media_focal_point\":\"top-center\",\"overlap\":false,\"padding\":\"large\",\"style\":\"default\",\"text_color\":\"light\",\"title_breakpoint\":\"xl\",\"title_position\":\"top-left\",\"title_rotation\":\"left\",\"vertical_align\":\"\",\"width\":\"default\"},\"children\":[{\"type\":\"row\",\"children\":[{\"type\":\"column\",\"props\":{\"image_position\":\"center-center\",\"position_sticky_breakpoint\":\"m\",\"width_medium\":\"1-1\"},\"children\":[{\"type\":\"headline\",\"props\":{\"content\":\"Blattsilber\\n\",\"content_en_us\":\"Silver leaf\\n\",\"content_es_es\":\"Hoja de plata\\n\",\"content_fr_fr\":\"Feuille d\\u2019argent\\n\",\"content_hr\":\"Srebrni list\\n\",\"content_it_it\":\"Foglia d\\u2019argento\\n\",\"text_align\":\"left\",\"title_element\":\"h1\",\"title_style\":\"h1\"}}]}]}],\"name\":\"Hero\"},{\"type\":\"section\",\"props\":{\"image_position\":\"center-center\",\"padding\":\"large\",\"style\":\"default\",\"title_breakpoint\":\"xl\",\"title_position\":\"top-left\",\"title_rotation\":\"left\",\"vertical_align\":\"middle\",\"width\":\"default\"},\"children\":[{\"type\":\"row\",\"children\":[{\"type\":\"column\",\"props\":{\"image_position\":\"center-center\",\"position_sticky_breakpoint\":\"m\"},\"children\":[{\"type\":\"headline\",\"props\":{\"content\":\"Eigene Fertigung\",\"content_en_us\":\"In-house production\",\"content_es_es\":\"Producci\\u00f3n propia\\n\",\"content_fr_fr\":\"Production interne\",\"content_hr\":\"Vlastita proizvodnja\\n\",\"content_it_it\":\"Produzione propria\\n\",\"text_align\":\"center\",\"title_color\":\"primary\",\"title_decoration\":\"line\",\"title_element\":\"h4\",\"title_font_family\":\"default\",\"title_style\":\"text-lead\"}},{\"type\":\"headline\",\"props\":{\"content\":\"Blattsilber\\n\",\"content_en_us\":\"Silver leaf\\n\",\"content_es_es\":\"Hoja de plata\\n\",\"content_fr_fr\":\"Feuille d\\u2019argent\\n\",\"content_hr\":\"Srebrni list\\n\",\"content_it_it\":\"Foglia d'argento\\n\",\"text_align\":\"center\",\"title_element\":\"h1\"}},{\"type\":\"image\",\"props\":{\"image\":\"https:\\\/\\\/noris-blattgold.de\\\/wp-content\\\/uploads\\\/2018\\\/01\\\/separator.png\",\"image_svg_color\":\"emphasis\",\"margin\":\"default\",\"text_align\":\"center\"}},{\"type\":\"text\",\"props\":{\"column_breakpoint\":\"m\",\"content\":\"Blattsilber in erstklassiger Qualit\\u00e4t aus eigener Produktion in verschiedenen Blattst\\u00e4rken, sowie in Normalst\\u00e4rke in Lose und Transfer. Die Standardgr\\u00f6\\u00dfe betr\\u00e4gt 95 x 95 mm, andere Ma\\u00dfe sind auf Anfrage m\\u00f6glich. Das Blattsilber liegt zu 25 Blatt im B\\u00fcchlein aus Seidenpapier. 10 B\\u00fcchlein ergeben ein Buch mit 250 Blatt.\\n\\n\",\"content_en_us\":\"Silver leaf in first-class quality from our own production in various leaf thicknesses, as well as in normal thickness in lots and transfer. The standard size is 95 x 95 mm, other dimensions are possible on request. The silver leaf is 25 sheets in the booklet of tissue paper. 10 booklets make a book with 250 sheets.\\n\\n\",\"content_es_es\":\"Hoja de plata de primera calidad de producci\\u00f3n propia en diversos grosores de hoja, as\\u00ed como en grosor normal en lotes y transferencias. El tama\\u00f1o est\\u00e1ndar es de 95 x 95 mm, otras dimensiones son posibles bajo pedido. El pan de plata son 25 hojas en un cuadernillo de papel de seda. 10 cuadernillos forman un libro de 250 hojas.\\n\\n\",\"content_fr_fr\":\"Feuilles d\\u2019argent de premi\\u00e8re qualit\\u00e9 de notre propre production en diff\\u00e9rentes \\u00e9paisseurs de feuilles, ainsi qu\\u2019en \\u00e9paisseur normale en vrac et en transfert. La taille standard est de 95 x 95 mm, d\\u2019autres dimensions sont possibles sur demande. La feuille d\\u2019argent se trouve par 25 feuilles dans un livret en papier de soie. 10 livrets donnent un livre de 250 feuilles.\\n\\n\",\"content_hr\":\"Srebrno li\\u0161\\u0107e prvoklasne kvalitete iz vlastite proizvodnje u raznim debljinama lista, kao iu normalnim debljinama u lotovima i transferu. Standardna veli\\u010dina je 95 x 95 mm, a druge dimenzije su mogu\\u0107e na upit. U knji\\u017eici od svilenog papira nalazi se 25 listova srebrnog li\\u0161\\u0107a. 10 knji\\u017eica \\u010dini knjigu od 250 listova.\\n\\n\",\"content_it_it\":\"Foglia d\\u2019argento di prima qualit\\u00e0 di nostra produzione in vari spessori di foglia, nonch\\u00e9 in spessore normale in lotti e trasferimenti. Il formato standard \\u00e8 di 95 x 95 mm, altre dimensioni sono possibili su richiesta. La foglia d\\u2019argento \\u00e8 contenuta in 25 fogli in un libretto di carta velina. 10 libretti formano un libro con 250 fogli.\\n\\n\",\"margin\":\"large\",\"text_align\":\"center\"}}]}]}],\"name\":\"\\u00dcberschrift - Header\"},{\"type\":\"section\",\"props\":{\"image_position\":\"center-center\",\"padding\":\"large\",\"padding_remove_top\":true,\"style\":\"default\",\"title_breakpoint\":\"xl\",\"title_position\":\"top-left\",\"title_rotation\":\"left\",\"vertical_align\":\"middle\",\"width\":\"default\"},\"children\":[{\"type\":\"row\",\"children\":[{\"type\":\"column\",\"props\":{\"image_position\":\"center-center\",\"position_sticky_breakpoint\":\"m\"},\"children\":[{\"type\":\"grid\",\"props\":{\"content_column_breakpoint\":\"m\",\"filter_align\":\"left\",\"filter_all\":true,\"filter_grid_breakpoint\":\"m\",\"filter_grid_width\":\"auto\",\"filter_position\":\"top\",\"filter_style\":\"tab\",\"grid_column_align\":true,\"grid_column_gap\":\"small\",\"grid_default\":\"1\",\"grid_medium\":\"4\",\"grid_row_gap\":\"small\",\"grid_small\":\"2\",\"icon_width\":80,\"image_align\":\"top\",\"image_grid_breakpoint\":\"m\",\"image_grid_width\":\"1-2\",\"image_svg_color\":\"emphasis\",\"image_transition\":\"scale-up\",\"image_width\":400,\"item_animation\":true,\"lightbox\":true,\"lightbox_bg_close\":true,\"link_style\":\"default\",\"link_text\":\"\",\"margin\":\"default\",\"meta_align\":\"below-title\",\"meta_color\":\"primary\",\"meta_element\":\"div\",\"meta_margin\":\"remove\",\"meta_style\":\"text-large\",\"panel_image_no_padding\":true,\"panel_link\":true,\"panel_padding\":\"small\",\"panel_style\":\"tile-muted\",\"show_content\":true,\"show_hover_image\":true,\"show_hover_video\":true,\"show_image\":true,\"show_link\":true,\"show_meta\":true,\"show_title\":true,\"show_video\":true,\"text_align\":\"center\",\"title_align\":\"top\",\"title_element\":\"div\",\"title_font_family\":\"primary\",\"title_grid_breakpoint\":\"m\",\"title_grid_width\":\"1-2\",\"title_hover_style\":\"reset\",\"title_style\":\"text-large\"},\"children\":[{\"type\":\"grid_item\",\"props\":{\"image\":\"https:\\\/\\\/noris-blattgold.de\\\/wp-content\\\/uploads\\\/2018\\\/02\\\/Blattsilber-300x124.jpg\",\"meta\":\"99,9% Reinheit\",\"meta_en_us\":\"99.9% purity\",\"meta_es_es\":\"99,9% de pureza\",\"meta_fr_fr\":\"Puret\\u00e9 de 99,9\",\"meta_hr\":\"99,9% \\u010disto\\u0107e\",\"meta_it_it\":\"99,9% di purezza\",\"title\":\"Blattsilber Lose\",\"title_en_us\":\"Silver leaf lots\",\"title_es_es\":\"Lotes de pan de plata\",\"title_fr_fr\":\"Feuille d\\u2019argent Lots\",\"title_hr\":\"Srebrni listi\\u0107i slobodni\",\"title_it_it\":\"Lotti in foglia d\\u2019argento\"}},{\"type\":\"grid_item\",\"props\":{\"image\":\"https:\\\/\\\/noris-blattgold.de\\\/wp-content\\\/uploads\\\/2018\\\/02\\\/Blattsilber-300x124.jpg\",\"meta\":\"99,9% Reinheit\",\"meta_en_us\":\"99.9% purity\",\"meta_es_es\":\"99,9% de pureza\",\"meta_fr_fr\":\"Puret\\u00e9 de 99,9\",\"meta_hr\":\"99,9% \\u010disto\\u0107e\",\"meta_it_it\":\"99,9% di purezza\",\"title\":\"Blattsilber Transfer\",\"title_en_us\":\"Silver leaf transfer\",\"title_es_es\":\"Lotes de pan de plata\",\"title_fr_fr\":\"Transfert de feuilles d\\u2019argent\",\"title_hr\":\"Transfer srebrnog lista\",\"title_it_it\":\"Trasferimento in foglia d\\u2019argento\"}},{\"type\":\"grid_item\",\"props\":{\"image\":\"https:\\\/\\\/noris-blattgold.de\\\/wp-content\\\/uploads\\\/2018\\\/02\\\/Blattsilber-300x124.jpg\",\"meta\":\"99,9% Reinheit\",\"meta_en_us\":\"99.9% purity\",\"meta_es_es\":\"99,9% de pureza\",\"meta_fr_fr\":\"Puret\\u00e9 de 99,9\",\"meta_hr\":\"99,9% \\u010disto\\u0107e\",\"meta_it_it\":\"99,9% di purezza\",\"title\":\"Blattsilber Extra Weich\",\"title_en_us\":\"Silver Leaf Extra Soft\",\"title_es_es\":\"Lotes de pan de plata\",\"title_fr_fr\":\"Feuille d\\u2019argent extra souple\",\"title_hr\":\"srebrni listi\\u0107i ekstra mekani\",\"title_it_it\":\"Foglia d\\u2019argento Extra Soft\"}},{\"type\":\"grid_item\",\"props\":{\"image\":\"https:\\\/\\\/noris-blattgold.de\\\/wp-content\\\/uploads\\\/2018\\\/02\\\/Blattsilber-300x124.jpg\",\"meta\":\"99,9% Reinheit\",\"meta_en_us\":\"99.9% purity\",\"meta_es_es\":\"99,9% de pureza\",\"meta_fr_fr\":\"Puret\\u00e9 de 99,9\",\"meta_hr\":\"99,9% \\u010disto\\u0107e\",\"meta_it_it\":\"99,9% di purezza\",\"title\":\"Echtsilberfolie ca. 0,3 gr\\\/Blatt\",\"title_en_us\":\"Real silver foil approx. 0.3 gr\\\/sheet\",\"title_es_es\":\"L\\u00e1mina de plata aut\\u00e9ntica aprox. 0,3 gr\\\/hoja\",\"title_fr_fr\":\"feuille d\\u2019argent v\\u00e9ritable env. 0,3 gr\\\/feuille\",\"title_hr\":\"Prava srebrna folija cca 0,3 g\\\/arku\",\"title_it_it\":\"Foglio d\\u2019argento vero, circa 0,3 grammi per foglio\"}}]},{\"type\":\"button\",\"props\":{\"button_size\":\"large\",\"fullwidth\":false,\"grid_column_gap\":\"small\",\"grid_row_gap\":\"small\",\"margin\":\"large\",\"text_align\":\"center\"},\"children\":[{\"type\":\"button_item\",\"props\":{\"button_style\":\"primary\",\"content\":\"zum shop\",\"content_en_us\":\"to the shop\",\"content_es_es\":\"Ir a la tienda (EN)\",\"content_fr_fr\":\"Vers la boutique (EN)\",\"content_hr\":\"U trgovinu (EN)\",\"content_it_it\":\"Al negozio (EN)\",\"dialog_layout\":\"modal\",\"dialog_offcanvas_flip\":true,\"icon\":\"cart\",\"icon_align\":\"left\",\"link\":\"https:\\\/\\\/www.noris-blattgold.shop\\\/Blattgold\\\/Blattsilber\\\/\",\"link_en_us\":\"https:\\\/\\\/www.noris-blattgold.shop\\\/en\\\/Gold-Leaf-Silver-Leaf\\\/Silver-Leaf\\\/\",\"link_es_es\":\"https:\\\/\\\/www.noris-blattgold.shop\\\/en\\\/Gold-Leaf-Silver-Leaf\\\/Silver-Leaf\\\/\",\"link_fr_fr\":\"https:\\\/\\\/www.noris-blattgold.shop\\\/en\\\/Gold-Leaf-Silver-Leaf\\\/Silver-Leaf\\\/\",\"link_hr\":\"https:\\\/\\\/www.noris-blattgold.shop\\\/en\\\/Gold-Leaf-Silver-Leaf\\\/Silver-Leaf\\\/\",\"link_it_it\":\"https:\\\/\\\/www.noris-blattgold.shop\\\/en\\\/Gold-Leaf-Silver-Leaf\\\/Silver-Leaf\\\/\",\"link_target\":\"blank\"}}],\"name\":\"Button zum shop\"},{\"type\":\"button\",\"props\":{\"button_size\":\"large\",\"grid_column_gap\":\"small\",\"grid_row_gap\":\"small\",\"margin\":\"large\",\"margin_remove_top\":false,\"status\":\"disabled\",\"text_align\":\"center\"},\"children\":[{\"type\":\"button_item\",\"props\":{\"button_style\":\"primary\",\"content\":\"Technisches Datenblatt\",\"content_en_us\":\"Technical data sheet\",\"content_es_es\":\"Ficha t\\u00e9cnica\",\"content_fr_fr\":\"Fiche technique\",\"content_hr\":\"Tehni\\u010dki list\",\"content_it_it\":\"Scheda tecnica\",\"dialog_layout\":\"modal\",\"dialog_offcanvas_flip\":true,\"icon\":\"file-pdf\",\"icon_align\":\"left\",\"link\":\"https:\\\/\\\/noris-blattgold.de\\\/wp-content\\\/uploads\\\/2022\\\/05\\\/Technisches-Merkblatt-Blattmetall-Blattkupfer-Blattalu-Oxydmetall-Noris.pdf\",\"link_target\":\"blank\"}}]}]}]}]}],\"version\":\"4.5.32\"} --><\/p>\n","protected":false},"excerpt":{"rendered":"<p>Blattsilber Eigene Fertigung Blattsilber Blattsilber in erstklassiger Qualit\u00e4t aus eigener Produktion in verschiedenen Blattst\u00e4rken, sowie in Normalst\u00e4rke in Lose und Transfer. Die Standardgr\u00f6\u00dfe betr\u00e4gt 95 x 95 mm, andere Ma\u00dfe sind auf Anfrage m\u00f6glich. Das Blattsilber liegt zu 25 Blatt im B\u00fcchlein aus Seidenpapier. 10 B\u00fcchlein ergeben ein Buch mit 250 Blatt. Blattsilber Lose 99,9% [&hellip;]<\/p>\n","protected":false},"author":1,"featured_media":0,"parent":0,"menu_order":0,"comment_status":"closed","ping_status":"closed","template":"full-width.php","meta":{"_acf_changed":false,"footnotes":""},"class_list":["post-5834","page","type-page","status-publish","hentry"],"acf":[],"_links":{"self":[{"href":"https:\/\/noris-blattgold.de\/en\/wp-json\/wp\/v2\/pages\/5834","targetHints":{"allow":["GET"]}}],"collection":[{"href":"https:\/\/noris-blattgold.de\/en\/wp-json\/wp\/v2\/pages"}],"about":[{"href":"https:\/\/noris-blattgold.de\/en\/wp-json\/wp\/v2\/types\/page"}],"author":[{"embeddable":true,"href":"https:\/\/noris-blattgold.de\/en\/wp-json\/wp\/v2\/users\/1"}],"replies":[{"embeddable":true,"href":"https:\/\/noris-blattgold.de\/en\/wp-json\/wp\/v2\/comments?post=5834"}],"version-history":[{"count":9,"href":"https:\/\/noris-blattgold.de\/en\/wp-json\/wp\/v2\/pages\/5834\/revisions"}],"predecessor-version":[{"id":23126,"href":"https:\/\/noris-blattgold.de\/en\/wp-json\/wp\/v2\/pages\/5834\/revisions\/23126"}],"wp:attachment":[{"href":"https:\/\/noris-blattgold.de\/en\/wp-json\/wp\/v2\/media?parent=5834"}],"curies":[{"name":"wp","href":"https:\/\/api.w.org\/{rel}","templated":true}]}}