{"id":5790,"date":"2018-02-28T10:48:05","date_gmt":"2018-02-28T10:48:05","guid":{"rendered":"http:\/\/noris-blattgold.de\/?page_id=5790"},"modified":"2025-12-06T02:35:19","modified_gmt":"2025-12-06T01:35:19","slug":"vergolderkissen","status":"publish","type":"page","link":"https:\/\/noris-blattgold.de\/en\/gilders-cushion","title":{"rendered":"Gilding cushion"},"content":{"rendered":"<h1>Vergolderkissen<\/h1>\n<h4>K\u00f6lner<\/h4>\n<h1>Vergolderkissen<\/h1>\n<p><img decoding=\"async\" src=\"https:\/\/noris-blattgold.de\/wp-content\/uploads\/2018\/01\/separator.png\" alt=\"\"><\/p>\n<div>Feinstes Kalbsleder und eine spezielle Polsterung garantiert einen feinen Schnitt mit dem Vergoldermesser.<br \/>\nZwei verschiedene Gr\u00f6\u00dfen in je drei Ausf\u00fchrungen erm\u00f6glichen einen professionellen Einsatz. Die Gr\u00f6\u00dfe 15 x 25 cm eignet sich hervorragend f\u00fcr alle Blattgoldsorten bis 90 x 90 mm und die gro\u00dfen Vergolderkissen sind bestens f\u00fcr echtes Blattgold in Sondergr\u00f6\u00dfen und Schlagmetalle geeignet. Mit oder ohne Windschutz k\u00f6nnen Sie nach dem Einsatzort w\u00e4hlen. Bei der Ausf\u00fchrung ohne Daumenschlaufe und Windschutz besitzt das Schneidekissen eine plane Unterseite.<\/p>\n<\/div>\n<ul>\n<li>\n<p>        <img decoding=\"async\" src=\"https:\/\/noris-blattgold.de\/wp-content\/uploads\/2018\/02\/19002200.jpg\" alt=\"\"><\/p>\n<div>K\u00f6lner Vergolderkissen<\/div>\n<div>Masse 15 x 25 cm inkl. Messerhalterung<\/p>\n<\/div>\n<\/li>\n<li>\n<p>        <img decoding=\"async\" src=\"https:\/\/noris-blattgold.de\/wp-content\/uploads\/2018\/02\/19002201.jpg\" alt=\"\"><\/p>\n<div>K\u00f6lner Vergolderkissen<\/div>\n<div>Masse 15 x 25 cm inkl. Messerhalterung und Daumenschlaufe<\/p>\n<\/div>\n<\/li>\n<li>\n<p>        <img decoding=\"async\" src=\"https:\/\/noris-blattgold.de\/wp-content\/uploads\/2018\/02\/19002202.jpg\" alt=\"\"><\/p>\n<div>K\u00f6lner Vergolderkissen<\/div>\n<div>Masse 15 x 25 cm inkl. Messerhalterung, Daumenschlaufe und Windschutz<\/p>\n<\/div>\n<\/li>\n<li>\n<p>        <img decoding=\"async\" src=\"https:\/\/noris-blattgold.de\/wp-content\/uploads\/2018\/02\/19002203.jpg\" alt=\"\"><\/p>\n<div>K\u00f6lner Vergolderkissen<\/div>\n<div>Masse 25 x 30 cm inkl. Messerhalterung<\/p>\n<\/div>\n<\/li>\n<li>\n<p>        <img decoding=\"async\" src=\"https:\/\/noris-blattgold.de\/wp-content\/uploads\/2018\/02\/19002204.jpg\" alt=\"\"><\/p>\n<div>K\u00f6lner Vergolderkissen<\/div>\n<div>Masse 25 x 30 cm inkl. Messerhalterung und Daumenschlaufe<\/p>\n<\/div>\n<\/li>\n<li>\n<p>        <img decoding=\"async\" src=\"https:\/\/noris-blattgold.de\/wp-content\/uploads\/2018\/02\/19002205.jpg\" alt=\"\"><\/p>\n<div>K\u00f6lner Vergolderkissen<\/div>\n<div>Masse 25 x 30 cm inkl. Messerhalterung, Daumenschlaufe und Windschutz<\/p>\n<\/div>\n<\/li>\n<\/ul>\n<p><p>\n        <a href=\"https:\/\/www.noris-blattgold.shop\/Werkzeug\/Vergolderkissen-messer\/\">zum shop<\/a>\n    <\/p>\n<\/p>\n<p><!--more--><br \/>\n<!-- {\"type\":\"layout\",\"children\":[{\"type\":\"section\",\"props\":{\"header_transparent\":false,\"header_transparent_noplaceholder\":false,\"header_transparent_text_color\":\"light\",\"height\":\"viewport\",\"height_viewport\":50,\"image\":\"https:\\\/\\\/noris-blattgold.de\\\/wp-content\\\/uploads\\\/2018\\\/07\\\/vergolderkissen_title.jpg\",\"image_position\":\"top-center\",\"image_size\":\"cover\",\"media_focal_point\":\"top-center\",\"overlap\":false,\"padding\":\"large\",\"style\":\"default\",\"text_color\":\"light\",\"title_breakpoint\":\"xl\",\"title_position\":\"top-left\",\"title_rotation\":\"left\",\"vertical_align\":\"\",\"width\":\"default\"},\"children\":[{\"type\":\"row\",\"children\":[{\"type\":\"column\",\"props\":{\"image_position\":\"center-center\",\"position_sticky_breakpoint\":\"m\",\"width_medium\":\"1-1\"},\"children\":[{\"type\":\"headline\",\"props\":{\"content\":\"Vergolderkissen\",\"content_en_us\":\"Gilders Cushion\\n\",\"content_es_es\":\"Coj\\u00edn dorado\\n\",\"content_fr_fr\":\"Coussin \\u00e0 dorer\\n\",\"content_hr\":\"pozla\\u0107eni jastuk\\n\",\"content_it_it\":\"Cuscino per doratura\\n\",\"text_align\":\"left\",\"title_element\":\"h1\",\"title_style\":\"h1\"}}]}]}],\"name\":\"Hero\"},{\"type\":\"section\",\"props\":{\"image_position\":\"center-center\",\"padding\":\"large\",\"style\":\"default\",\"title_breakpoint\":\"xl\",\"title_position\":\"top-left\",\"title_rotation\":\"left\",\"vertical_align\":\"middle\",\"width\":\"default\"},\"children\":[{\"type\":\"row\",\"children\":[{\"type\":\"column\",\"props\":{\"image_position\":\"center-center\",\"position_sticky_breakpoint\":\"m\"},\"children\":[{\"type\":\"headline\",\"props\":{\"content\":\"K\\u00f6lner\",\"content_en_us\":\"K\\u00f6lner\",\"content_es_es\":\"K\\u00f6lner\",\"content_fr_fr\":\"K\\u00f6lner\",\"content_hr\":\"K\\u00f6lner\",\"content_it_it\":\"K\\u00f6lner\",\"text_align\":\"center\",\"title_color\":\"primary\",\"title_decoration\":\"line\",\"title_element\":\"h4\",\"title_font_family\":\"default\",\"title_style\":\"text-lead\"}},{\"type\":\"headline\",\"props\":{\"content\":\"Vergolderkissen\",\"content_en_us\":\"Gilders Cushion\\n\",\"content_es_es\":\"Coj\\u00edn dorado\\n\",\"content_fr_fr\":\"Coussin \\u00e0 dorer\\n\",\"content_hr\":\"Pozla\\u0107eni jastuk\\n\",\"content_it_it\":\"Cuscino doratore\\n\",\"text_align\":\"center\",\"title_element\":\"h1\"}},{\"type\":\"image\",\"props\":{\"image\":\"https:\\\/\\\/noris-blattgold.de\\\/wp-content\\\/uploads\\\/2018\\\/01\\\/separator.png\",\"image_svg_color\":\"emphasis\",\"margin\":\"default\",\"text_align\":\"center\"}},{\"type\":\"text\",\"props\":{\"column_breakpoint\":\"m\",\"content\":\"Feinstes Kalbsleder und eine spezielle Polsterung garantiert einen feinen Schnitt mit dem Vergoldermesser.<br \/>\\nZwei verschiedene Gr\\u00f6\\u00dfen in je drei Ausf\\u00fchrungen erm\\u00f6glichen einen professionellen Einsatz. Die Gr\\u00f6\\u00dfe 15 x 25 cm eignet sich hervorragend f\\u00fcr alle Blattgoldsorten bis 90 x 90 mm und die gro\\u00dfen Vergolderkissen sind bestens f\\u00fcr echtes Blattgold in Sondergr\\u00f6\\u00dfen und Schlagmetalle geeignet. Mit oder ohne Windschutz k\\u00f6nnen Sie nach dem Einsatzort w\\u00e4hlen. Bei der Ausf\\u00fchrung ohne Daumenschlaufe und Windschutz besitzt das Schneidekissen eine plane Unterseite.\\n\\n\",\"content_en_us\":\"Finest calf leather and a special upholstery guarantees a fine cut with the gilding knife.<br \/>\\nTwo different sizes in three versions allows an professional use. The size 15 x 25 cm is ideal for all types of gold leaf up to 90 x 90 mm and the larger sizes of gilder cushions are best suited for genuine gold leaf in special sizes and imitation leaf. Optional including windshield.\\nThe Table Gilders Cushion comes with no windshield and no thumb straps and is designed to lay flat on a table while working.\\n\\n\",\"content_es_es\":\"La piel de becerro m\\u00e1s fina y un acolchado especial garantizan un corte fino con el cuchillo de dorar.<br \/>\\nDos tama\\u00f1os diferentes en tres versiones cada uno permiten un uso profesional. El tama\\u00f1o de 15 x 25 cm es ideal para todo tipo de pan de oro de hasta 90 x 90 mm y las almohadillas de dorado grandes son las m\\u00e1s adecuadas para pan de oro aut\\u00e9ntico en tama\\u00f1os especiales y metales de impacto. Con o sin cortavientos, se puede elegir seg\\u00fan el lugar de uso. En la versi\\u00f3n sin presilla para el pulgar ni protecci\\u00f3n contra el viento, la almohadilla de corte tiene la parte inferior plana.\\n\\n\",\"content_fr_fr\":\"Un cuir de veau de grande qualit\\u00e9 ainsi qu\\u2019un rembourrage sp\\u00e9cial garantissent une belle coupe avec le couteau \\u00e0 dorer.<br \/>\\nDeux tailles diff\\u00e9rentes rendent possibles l\\u2019utilisation professionnelle. La taille 15 x 25 cm convient parfaitement pour toutes les sortes de feuilles d\\u2019or jusqu\\u2019\\u00e0 90\\u00d790 mm et les plus grands coussins conviennent aux feuilles d\\u2019or et de m\\u00e9tal battu de grand format. Vous pouvez choisir avec ou sans parchemin. La version sans le parchemin ni passe-pouce a une surface inf\\u00e9rieure plate.\\n\\n\",\"content_hr\":\"Najfinija tele\\u0107a ko\\u017ea i posebna podstava jam\\u010de fino rezanje no\\u017eem za pozlatu.<br \/>\\nDvije razli\\u010dite veli\\u010dine u tri verzije omogu\\u0107uju profesionalnu uporabu. Veli\\u010dina od 15 x 25 cm idealna je za sve vrste zlatnih listi\\u0107a do 90 x 90 mm, a veliki pozla\\u0107eni jastu\\u010di\\u0107i idealni su za prave zlatne listi\\u0107e u posebnim veli\\u010dinama i li\\u0161\\u0107e. Mo\\u017eete birati sa ili bez vjetrobranskog stakla, ovisno o lokaciji. U verziji bez om\\u010de za palac i za\\u0161tite od vjetra, rezna plo\\u010da ima ravnu donju stranu.\\n\\n\",\"content_it_it\":\"La finissima pelle di vitello e una speciale imbottitura garantiscono un taglio preciso con il coltello da doratura.<br \/>\\nDue diverse dimensioni in tre versioni consentono un uso professionale. Il formato 15 x 25 cm \\u00e8 ideale per tutti i tipi di foglia d\\u2019oro fino a 90 x 90 mm e i tamponi per doratura grandi sono pi\\u00f9 adatti per la foglia d\\u2019oro vero in formati speciali e metalli d\\u2019impatto. Con o senza frangivento, si pu\\u00f2 scegliere in base al luogo di utilizzo. Nella versione senza passante per il pollice e protezione antivento, il cuscinetto di taglio ha la parte inferiore piatta.\\n\\n\",\"margin\":\"large\",\"text_align\":\"center\"}}]}]}],\"name\":\"\\u00dcberschrift - Header\"},{\"type\":\"section\",\"props\":{\"image_position\":\"center-center\",\"padding\":\"large\",\"padding_remove_top\":true,\"style\":\"default\",\"title_breakpoint\":\"xl\",\"title_position\":\"top-left\",\"title_rotation\":\"left\",\"vertical_align\":\"middle\",\"width\":\"default\"},\"children\":[{\"type\":\"row\",\"children\":[{\"type\":\"column\",\"props\":{\"image_position\":\"center-center\",\"position_sticky_breakpoint\":\"m\"},\"children\":[{\"type\":\"grid\",\"props\":{\"content_column_breakpoint\":\"m\",\"filter_align\":\"left\",\"filter_all\":true,\"filter_grid_breakpoint\":\"m\",\"filter_grid_width\":\"auto\",\"filter_position\":\"top\",\"filter_style\":\"tab\",\"grid_column_align\":true,\"grid_column_gap\":\"small\",\"grid_default\":\"1\",\"grid_divider\":false,\"grid_medium\":\"3\",\"grid_row_gap\":\"small\",\"grid_small\":\"2\",\"icon_width\":\"80\",\"image_align\":\"top\",\"image_grid_breakpoint\":\"s\",\"image_grid_width\":\"2-5\",\"image_svg_color\":\"emphasis\",\"image_transition\":\"scale-up\",\"image_width\":400,\"item_animation\":true,\"lightbox\":true,\"lightbox_bg_close\":true,\"link_style\":\"default\",\"link_text\":\"\",\"margin\":\"default\",\"meta_align\":\"below-title\",\"meta_color\":\"primary\",\"meta_element\":\"div\",\"meta_margin\":\"remove\",\"meta_style\":\"text-large\",\"panel_image_no_padding\":true,\"panel_link\":true,\"panel_padding\":\"small\",\"show_content\":true,\"show_hover_image\":true,\"show_hover_video\":true,\"show_image\":true,\"show_link\":true,\"show_meta\":true,\"show_title\":true,\"show_video\":true,\"text_align\":\"left\",\"text_align_breakpoint\":\"s\",\"text_align_fallback\":\"center\",\"title_align\":\"top\",\"title_element\":\"div\",\"title_font_family\":\"primary\",\"title_grid_breakpoint\":\"m\",\"title_grid_width\":\"1-2\",\"title_hover_style\":\"reset\",\"title_margin\":\"remove\",\"title_style\":\"h4\"},\"children\":[{\"type\":\"grid_item\",\"props\":{\"content\":\"Masse 15 x 25 cm inkl. Messerhalterung\\n\\n\",\"content_en_us\":\"15 x 25 cm with knife holder\\n\\n\",\"content_es_es\":\"Dimensiones 15 x 25 cm incl. Portacuchillos\\n\\n\",\"content_fr_fr\":\"Masse 15 x 25 cm incl. porte-lame\\n\\n\",\"content_hr\":\"Dimenzije 15 x 25 cm uklj. dr\\u017ea\\u010d no\\u017ea\\n\\n\",\"content_it_it\":\"Dimensioni 15 x 25 cm incl. Portacoltelli\\n\\n\",\"image\":\"https:\\\/\\\/noris-blattgold.de\\\/wp-content\\\/uploads\\\/2018\\\/02\\\/19002200.jpg\",\"title\":\"K\\u00f6lner Vergolderkissen\",\"title_en_us\":\"K\\u00f6lner Gilders Cushion\",\"title_es_es\":\"Coj\\u00edn dorado Colonia\",\"title_fr_fr\":\"Coussin \\u00e0 dorer K\\u00f6lner\",\"title_hr\":\"K\\u00f6lner Pozl\\u00c1ceni Jastuk\",\"title_it_it\":\"Cuscino di doratura di K\\u00f6lner\"}},{\"type\":\"grid_item\",\"props\":{\"content\":\"Masse 15 x 25 cm inkl. Messerhalterung und Daumenschlaufe\\n\\n\",\"content_en_us\":\"15 x 25 cm with knife holder and thumb strap\\n\\n\",\"content_es_es\":\"Dimensiones 15 x 25 cm incl. Portacuchillos y presilla para el pulgar\\n\\n\",\"content_fr_fr\":\"Masse 15 x 25 cm incl. porte-lame et passe-pouce\\n\\n\",\"content_hr\":\"Dimenzije 15 x 25 cm uklj. Dr\\u017ea\\u010d za no\\u017e i om\\u010da za palac\\n\\n\",\"content_it_it\":\"Dimensioni 15 x 25 cm incl. Portacoltelli e passante per il pollice\\n\\n\",\"image\":\"https:\\\/\\\/noris-blattgold.de\\\/wp-content\\\/uploads\\\/2018\\\/02\\\/19002201.jpg\",\"title\":\"K\\u00f6lner Vergolderkissen\",\"title_en_us\":\"K\\u00f6lner Gilders Cushion\",\"title_es_es\":\"Coj\\u00edn dorado Colonia\",\"title_fr_fr\":\"Coussin \\u00e0 dorer K\\u00f6lner\",\"title_hr\":\"K\\u00f6lner Pozl\\u00c1ceni Jastuk\",\"title_it_it\":\"Cuscino di doratura di K\\u00f6lner\"}},{\"type\":\"grid_item\",\"props\":{\"content\":\"Masse 15 x 25 cm inkl. Messerhalterung, Daumenschlaufe und Windschutz\\n\\n\",\"content_en_us\":\"15 x 25 cm with knife holder, thumb strap and windshield\\n\\n\",\"content_es_es\":\"Dimensiones 15 x 25 cm incl. Portacuchillos, presilla para el pulgar y parabrisas\\n\\n\",\"content_fr_fr\":\"Masse 15 x 25 cm incl. porte-lame, passe-pouce et parchemin\\n\\n\",\"content_hr\":\"Dimenzije 15 x 25 cm uklj. Dr\\u017ea\\u010d za no\\u017e, om\\u010da za palac i vjetrobran\\n\\n\",\"content_it_it\":\"Dimensioni 15 x 25 cm incl. Portacoltelli, passante per il pollice e parabrezza\\n\\n\",\"image\":\"https:\\\/\\\/noris-blattgold.de\\\/wp-content\\\/uploads\\\/2018\\\/02\\\/19002202.jpg\",\"title\":\"K\\u00f6lner Vergolderkissen\",\"title_en_us\":\"K\\u00f6lner Gilders Cushion\",\"title_es_es\":\"Coj\\u00edn dorado Colonia\",\"title_fr_fr\":\"Coussin \\u00e0 dorer K\\u00f6lner\",\"title_hr\":\"K\\u00f6lner Pozl\\u00c1ceni Jastuk\",\"title_it_it\":\"Cuscino di doratura di K\\u00f6lner\"}},{\"type\":\"grid_item\",\"props\":{\"content\":\"Masse 25 x 30 cm inkl. Messerhalterung\\n\\n\",\"content_en_us\":\"25 x 30 cm with knife holder\\n\\n\",\"content_es_es\":\"Dimensiones 25 x 30 cm incl. Portacuchillos\\n\\n\",\"content_fr_fr\":\"Masse 25 x 30 cm incl. porte-lame\\n\\n\",\"content_hr\":\"Dimenzije 25 x 30 cm uklj. dr\\u017ea\\u010d no\\u017ea\\n\\n\",\"content_it_it\":\"Dimensioni 25 x 30 cm incluso. Portacoltelli\\n\\n\",\"image\":\"https:\\\/\\\/noris-blattgold.de\\\/wp-content\\\/uploads\\\/2018\\\/02\\\/19002203.jpg\",\"title\":\"K\\u00f6lner Vergolderkissen\",\"title_en_us\":\"K\\u00f6lner Gilders Cushion\",\"title_es_es\":\"Coj\\u00edn dorado Colonia\",\"title_fr_fr\":\"Coussin \\u00e0 dorer K\\u00f6lner\",\"title_hr\":\"K\\u00f6lner Pozl\\u00c1ceni Jastuk\",\"title_it_it\":\"Cuscino di doratura di K\\u00f6lner\"}},{\"type\":\"grid_item\",\"props\":{\"content\":\"Masse 25 x 30 cm inkl. Messerhalterung und Daumenschlaufe\\n\\n\",\"content_en_us\":\"25 x 30 cm with knife holder and thumb strap\\n\\n\",\"content_es_es\":\"Dimensiones 25 x 30 cm incl. Portacuchillos y presilla para el pulgar\\n\\n\",\"content_fr_fr\":\"Masse 25 x 30 cm incl. porte-lame et passe-pouce\\n\\n\",\"content_hr\":\"Dimenzije 25 x 30 cm uklj. Dr\\u017ea\\u010d za no\\u017e i om\\u010da za palac\\n\\n\",\"content_it_it\":\"Dimensioni 25 x 30 cm incluso. Portacoltelli e passante per il pollice\\n\\n\",\"image\":\"https:\\\/\\\/noris-blattgold.de\\\/wp-content\\\/uploads\\\/2018\\\/02\\\/19002204.jpg\",\"title\":\"K\\u00f6lner Vergolderkissen\",\"title_en_us\":\"K\\u00f6lner Gilders Cushion\",\"title_es_es\":\"Coj\\u00edn dorado Colonia\",\"title_fr_fr\":\"Coussin \\u00e0 dorer K\\u00f6lner\",\"title_hr\":\"K\\u00f6lner Pozl\\u00c1ceni Jastuk\",\"title_it_it\":\"Cuscino di doratura di K\\u00f6lner\"}},{\"type\":\"grid_item\",\"props\":{\"content\":\"Masse 25 x 30 cm inkl. Messerhalterung, Daumenschlaufe und Windschutz\\n\\n\",\"content_en_us\":\"25 x 30 cm with knife holder, thumb strap and windshield\\n\\n\",\"content_es_es\":\"Dimensiones 25 x 30 cm incl. Portacuchillos, presilla para el pulgar y parabrisas\\n\\n\",\"content_fr_fr\":\"Masse 25 x 30 cm incl. porte-lame, passe-pouce et parchemin\\n\\n\",\"content_hr\":\"Dimenzije 25 x 30 cm uklj. Dr\\u017ea\\u010d za no\\u017e, om\\u010da za palac i vjetrobran\\n\\n\",\"content_it_it\":\"Dimensioni 25 x 30 cm incluso. Portacoltelli, passante per il pollice e parabrezza\\n\\n\",\"image\":\"https:\\\/\\\/noris-blattgold.de\\\/wp-content\\\/uploads\\\/2018\\\/02\\\/19002205.jpg\",\"title\":\"K\\u00f6lner Vergolderkissen\",\"title_en_us\":\"K\\u00f6lner Gilders Cushion\",\"title_es_es\":\"Coj\\u00edn dorado Colonia\",\"title_fr_fr\":\"Coussin \\u00e0 dorer K\\u00f6lner\",\"title_hr\":\"K\\u00f6lner Pozl\\u00c1ceni Jastuk\",\"title_it_it\":\"Cuscino di doratura di K\\u00f6lner\"}}]},{\"type\":\"button\",\"props\":{\"button_size\":\"large\",\"fullwidth\":false,\"grid_column_gap\":\"small\",\"grid_row_gap\":\"small\",\"margin\":\"large\",\"text_align\":\"center\"},\"children\":[{\"type\":\"button_item\",\"props\":{\"button_style\":\"primary\",\"content\":\"zum shop\",\"content_en_us\":\"to the shop\",\"content_es_es\":\"Ir a la tienda (EN)\",\"content_fr_fr\":\"Vers la boutique (EN)\",\"content_hr\":\"U trgovinu (EN)\",\"content_it_it\":\"Al negozio (EN)\",\"dialog_layout\":\"modal\",\"dialog_offcanvas_flip\":true,\"icon\":\"cart\",\"icon_align\":\"left\",\"link\":\"https:\\\/\\\/www.noris-blattgold.shop\\\/Werkzeug\\\/Vergolderkissen-messer\\\/\",\"link_en_us\":\"https:\\\/\\\/www.noris-blattgold.shop\\\/en\\\/Tools\\\/Gilders-Cushion-knife\\\/\",\"link_es_es\":\"https:\\\/\\\/www.noris-blattgold.shop\\\/en\\\/Tools\\\/Gilders-Cushion-knife\\\/\",\"link_fr_fr\":\"https:\\\/\\\/www.noris-blattgold.shop\\\/en\\\/Tools\\\/Gilders-Cushion-knife\\\/\",\"link_hr\":\"https:\\\/\\\/www.noris-blattgold.shop\\\/en\\\/Tools\\\/Gilders-Cushion-knife\\\/\",\"link_it_it\":\"https:\\\/\\\/www.noris-blattgold.shop\\\/en\\\/Tools\\\/Gilders-Cushion-knife\\\/\",\"link_target\":\"blank\"}}],\"name\":\"Button zum shop\"}]}]}]}],\"version\":\"4.5.32\"} --><\/p>\n","protected":false},"excerpt":{"rendered":"<p>Vergolderkissen K\u00f6lner Vergolderkissen Feinstes Kalbsleder und eine spezielle Polsterung garantiert einen feinen Schnitt mit dem Vergoldermesser. Zwei verschiedene Gr\u00f6\u00dfen in je drei Ausf\u00fchrungen erm\u00f6glichen einen professionellen Einsatz. Die Gr\u00f6\u00dfe 15 x 25 cm eignet sich hervorragend f\u00fcr alle Blattgoldsorten bis 90 x 90 mm und die gro\u00dfen Vergolderkissen sind bestens f\u00fcr echtes Blattgold in Sondergr\u00f6\u00dfen [&hellip;]<\/p>\n","protected":false},"author":1,"featured_media":0,"parent":0,"menu_order":0,"comment_status":"closed","ping_status":"closed","template":"full-width.php","meta":{"_acf_changed":false,"footnotes":""},"class_list":["post-5790","page","type-page","status-publish","hentry"],"acf":[],"_links":{"self":[{"href":"https:\/\/noris-blattgold.de\/en\/wp-json\/wp\/v2\/pages\/5790","targetHints":{"allow":["GET"]}}],"collection":[{"href":"https:\/\/noris-blattgold.de\/en\/wp-json\/wp\/v2\/pages"}],"about":[{"href":"https:\/\/noris-blattgold.de\/en\/wp-json\/wp\/v2\/types\/page"}],"author":[{"embeddable":true,"href":"https:\/\/noris-blattgold.de\/en\/wp-json\/wp\/v2\/users\/1"}],"replies":[{"embeddable":true,"href":"https:\/\/noris-blattgold.de\/en\/wp-json\/wp\/v2\/comments?post=5790"}],"version-history":[{"count":7,"href":"https:\/\/noris-blattgold.de\/en\/wp-json\/wp\/v2\/pages\/5790\/revisions"}],"predecessor-version":[{"id":23157,"href":"https:\/\/noris-blattgold.de\/en\/wp-json\/wp\/v2\/pages\/5790\/revisions\/23157"}],"wp:attachment":[{"href":"https:\/\/noris-blattgold.de\/en\/wp-json\/wp\/v2\/media?parent=5790"}],"curies":[{"name":"wp","href":"https:\/\/api.w.org\/{rel}","templated":true}]}}