{"id":5757,"date":"2018-02-28T08:18:21","date_gmt":"2018-02-28T08:18:21","guid":{"rendered":"http:\/\/noris-blattgold.de\/?page_id=5757"},"modified":"2025-12-06T02:33:00","modified_gmt":"2025-12-06T01:33:00","slug":"schellack","status":"publish","type":"page","link":"https:\/\/noris-blattgold.de\/en\/shellac","title":{"rendered":"Shellac"},"content":{"rendered":"<h1>Schellack<\/h1>\n<h4>Naturprodukt<\/h4>\n<h1>Schellack<\/h1>\n<p><img decoding=\"async\" src=\"https:\/\/noris-blattgold.de\/wp-content\/uploads\/2018\/01\/separator.png\" alt=\"\"><\/p>\n<div>Schellack ist eine harzige Substanz, die von der Lackschildlaus ausgeschieden wird und sich auf den Zweigen des Wirtsbaumes anreichert. Haupts\u00e4chlich in S\u00fcd- und S\u00fcdostasien, und hier speziell in Indien und Thailand, wurde Schellack fr\u00fcher in grossen Mengen hergestellt. Die Jahresproduktion belief sich auf etwa 50.0000 Tonnen. Um ein Kilogramm Schellack zu ernten, ben\u00f6tigt man rund 300.000 Lackschildl\u00e4use.<br \/>\nF\u00fcr den Vergolder findet Schellack vorwiegend Verwendung als universelles Absperrmittel f\u00fcr saugende Untergr\u00fcnde bzw. als sch\u00fctzender \u00dcberzug. In der Maltechnik beschr\u00e4nkt sich die Verwendung von Schellack meist auf die Ausf\u00fchrung historischer Techniken. Schellack ist nur f\u00fcr den Innenbereich geeignet.<\/p>\n<\/div>\n<ul>\n<li>\n<p>        <img decoding=\"async\" src=\"https:\/\/noris-blattgold.de\/wp-content\/uploads\/2018\/02\/108120.jpg\" alt=\"\"><\/p>\n<div>Schellack weiss gebleicht<\/div>\n<p>wachsfrei<\/p>\n<\/li>\n<li>\n<p>        <img decoding=\"async\" src=\"https:\/\/noris-blattgold.de\/wp-content\/uploads\/2018\/02\/108170.jpg\" alt=\"\"><\/p>\n<div>Schellack Sonne Extrahell<\/div>\n<p>wachsfrei<\/p>\n<\/li>\n<li>\n<p>        <img decoding=\"async\" src=\"https:\/\/noris-blattgold.de\/wp-content\/uploads\/2018\/02\/108130.jpg\" alt=\"\"><\/p>\n<div>Schellack Lemon<\/div>\n<p>wachsfrei<\/p>\n<\/li>\n<li>\n<p>        <img decoding=\"async\" src=\"https:\/\/noris-blattgold.de\/wp-content\/uploads\/2018\/02\/108140.jpg\" alt=\"\"><\/p>\n<div>Schellack ORANGE<\/div>\n<p>wachsfrei<\/p>\n<\/li>\n<li>\n<p>        <img decoding=\"async\" src=\"https:\/\/noris-blattgold.de\/wp-content\/uploads\/2018\/02\/108160.jpg\" alt=\"\"><\/p>\n<div>Schellack Rubin<\/div>\n<p>wachsfrei<\/p>\n<\/li>\n<li>\n<p>        <img decoding=\"async\" src=\"https:\/\/noris-blattgold.de\/wp-content\/uploads\/2018\/02\/108100.jpg\" alt=\"\"><\/p>\n<div>Schellack #1021 Lemon fein<\/div>\n<p>wachshaltig<\/p>\n<\/li>\n<\/ul>\n<p><p>\n        <a href=\"https:\/\/www.noris-blattgold.shop\/search?search=schellack\">zum shop<\/a>\n    <\/p>\n<\/p>\n<p><!--more--><br \/>\n<!-- {\"type\":\"layout\",\"children\":[{\"type\":\"section\",\"props\":{\"header_transparent\":false,\"header_transparent_noplaceholder\":false,\"header_transparent_text_color\":\"light\",\"height\":\"viewport\",\"height_viewport\":50,\"image\":\"https:\\\/\\\/noris-blattgold.de\\\/wp-content\\\/uploads\\\/2018\\\/06\\\/schellack_title.jpg\",\"image_position\":\"top-center\",\"image_size\":\"cover\",\"media_focal_point\":\"top-center\",\"overlap\":false,\"padding\":\"large\",\"style\":\"default\",\"text_color\":\"light\",\"title_breakpoint\":\"xl\",\"title_position\":\"top-left\",\"title_rotation\":\"left\",\"vertical_align\":\"\",\"width\":\"default\"},\"children\":[{\"type\":\"row\",\"children\":[{\"type\":\"column\",\"props\":{\"image_position\":\"center-center\",\"position_sticky_breakpoint\":\"m\",\"width_medium\":\"1-1\"},\"children\":[{\"type\":\"headline\",\"props\":{\"content\":\"Schellack\",\"content_en_us\":\"Shellac\",\"content_es_es\":\"Goma laca\\n\",\"content_fr_fr\":\"Gomme-laque\\n\",\"content_hr\":\"\\u0161elak\",\"content_it_it\":\"Gommalacca\\n\",\"text_align\":\"left\",\"title_element\":\"h1\",\"title_style\":\"h1\"}}]}]}],\"name\":\"Hero\"},{\"type\":\"section\",\"props\":{\"image_position\":\"center-center\",\"padding\":\"large\",\"style\":\"default\",\"title_breakpoint\":\"xl\",\"title_position\":\"top-left\",\"title_rotation\":\"left\",\"vertical_align\":\"middle\",\"width\":\"default\"},\"children\":[{\"type\":\"row\",\"children\":[{\"type\":\"column\",\"props\":{\"image_position\":\"center-center\",\"position_sticky_breakpoint\":\"m\"},\"children\":[{\"type\":\"headline\",\"props\":{\"content\":\"Naturprodukt\",\"content_en_us\":\"Natural product\",\"content_es_es\":\"Producto natural\",\"content_fr_fr\":\"Produit naturel\",\"content_hr\":\"Prirodni proizvod\",\"content_it_it\":\"Prodotto naturale\",\"text_align\":\"center\",\"title_color\":\"primary\",\"title_decoration\":\"line\",\"title_element\":\"h4\",\"title_font_family\":\"default\",\"title_style\":\"text-lead\"}},{\"type\":\"headline\",\"props\":{\"content\":\"Schellack\",\"content_en_us\":\"Shellac\",\"content_es_es\":\"Goma laca\\n\",\"content_fr_fr\":\"Gomme-laque\\n\",\"content_hr\":\"\\u0160elak\",\"content_it_it\":\"Gommalacca\",\"text_align\":\"center\",\"title_element\":\"h1\"}},{\"type\":\"image\",\"props\":{\"image\":\"https:\\\/\\\/noris-blattgold.de\\\/wp-content\\\/uploads\\\/2018\\\/01\\\/separator.png\",\"image_svg_color\":\"emphasis\",\"margin\":\"default\",\"text_align\":\"center\"}},{\"type\":\"text\",\"props\":{\"column_breakpoint\":\"m\",\"content\":\"Schellack ist eine harzige Substanz, die von der Lackschildlaus ausgeschieden wird und sich auf den Zweigen des Wirtsbaumes anreichert. Haupts\\u00e4chlich in S\\u00fcd- und S\\u00fcdostasien, und hier speziell in Indien und Thailand, wurde Schellack fr\\u00fcher in grossen Mengen hergestellt. Die Jahresproduktion belief sich auf etwa 50.0000 Tonnen. Um ein Kilogramm Schellack zu ernten, ben\\u00f6tigt man rund 300.000 Lackschildl\\u00e4use.<br \/>\\nF\\u00fcr den Vergolder findet Schellack vorwiegend Verwendung als universelles Absperrmittel f\\u00fcr saugende Untergr\\u00fcnde bzw. als sch\\u00fctzender \\u00dcberzug. In der Maltechnik beschr\\u00e4nkt sich die Verwendung von Schellack meist auf die Ausf\\u00fchrung historischer Techniken. Schellack ist nur f\\u00fcr den Innenbereich geeignet.\\n\\n\",\"content_en_us\":\"Shellac is a resinous substance secreted by the lacquer scale insect that accumulates on the branches of the host tree. Mainly in South and Southeast Asia, and here especially in India and Thailand, shellac used to be produced in large quantities. The annual production amounted to about 50,0000 tons. To harvest one kilogram of shellac, you need about 300,000 lacquer scale lice.<br \/>\\nFor gilders, shellac is mainly used as a universal barrier agent for absorbent substrates or as a protective coating. In painting techniques, the use of shellac is mostly limited to the execution of historical techniques. Shellac is only suitable for indoor use.\",\"content_es_es\":\"La goma laca es una sustancia resinosa excretada por la cochinilla de la laca que se acumula en las ramas del \\u00e1rbol hu\\u00e9sped. Principalmente en el sur y el sudeste de Asia, y aqu\\u00ed especialmente en la India y Tailandia, la goma laca sol\\u00eda producirse en grandes cantidades. La producci\\u00f3n anual era de unas 50.0000 toneladas. Para recolectar un kilogramo de goma laca, se necesitan unos 300.000 piojos.<br \/>\\nPara los doradores, la goma laca se utiliza principalmente como agente de barrera universal para sustratos absorbentes o como capa protectora. En las t\\u00e9cnicas pict\\u00f3ricas, el uso de la goma laca se limita sobre todo a la ejecuci\\u00f3n de t\\u00e9cnicas hist\\u00f3ricas. La goma laca s\\u00f3lo es adecuada para interiores.\",\"content_fr_fr\":\"La gomme laque est une substance r\\u00e9sineuse s\\u00e9cr\\u00e9t\\u00e9e par la cochenille laque et qui s\\u2019accumule sur les branches de l\\u2019arbre h\\u00f4te. C\\u2019est principalement en Asie du Sud et du Sud-Est, et plus particuli\\u00e8rement en Inde et en Tha\\u00eflande, que la gomme-laque \\u00e9tait autrefois produite en grandes quantit\\u00e9s. La production annuelle s\\u2019\\u00e9levait \\u00e0 environ 50.0000 tonnes. Pour r\\u00e9colter un kilogramme de gomme laque, il faut environ 300 000 cochenilles de laque.<br \/>\\nPour le doreur, la gomme-laque est principalement utilis\\u00e9e comme produit d\\u2019arr\\u00eat universel pour les supports absorbants ou comme rev\\u00eatement protecteur. Dans la technique picturale, l\\u2019utilisation de la gomme-laque se limite g\\u00e9n\\u00e9ralement \\u00e0 l\\u2019ex\\u00e9cution de techniques historiques. La gomme-laque ne convient que pour l\\u2019int\\u00e9rieur.\",\"content_hr\":\"\\u0160elak je smolasta tvar koju izlu\\u010duje lakirani kukac i nakuplja se na granama stabla doma\\u0107ina. \\u0160elak se prije proizvodio u velikim koli\\u010dinama uglavnom u ju\\u017enoj i jugoisto\\u010dnoj Aziji, a posebno u Indiji i Tajlandu. Godi\\u0161nja proizvodnja bila je oko 50.000 tona. Za \\u017eetvu jednog kilograma \\u0161elaka potrebno je oko 300.000 lakiranih insekata.<br \/>\\nZa pozlate, \\u0161elak se uglavnom koristi kao univerzalno sredstvo za blokiranje upijaju\\u0107ih povr\\u0161ina ili kao za\\u0161titni premaz. U slikarskoj tehnici uporaba \\u0161elaka uglavnom je ograni\\u010dena na izvo\\u0111enje povijesnih tehnika. Shellac je samo za unutarnju upotrebu.\",\"content_it_it\":\"La gommalacca \\u00e8 una sostanza resinosa escreta dalla cocciniglia della lacca e si accumula sui rami dell\\u2019albero ospite. Soprattutto nell\\u2019Asia meridionale e sudorientale, in particolare in India e Thailandia, la gommalacca veniva prodotta in grandi quantit\\u00e0. La produzione annuale era di circa 50.0000 tonnellate. Per raccogliere un chilogrammo di gommalacca sono necessari circa 300.000 pidocchi della lacca.<br \/>\\nPer i doratori, la gommalacca viene utilizzata principalmente come agente barriera universale per i substrati assorbenti o come rivestimento protettivo. Nelle tecniche pittoriche, l\\u2019uso della gommalacca \\u00e8 per lo pi\\u00f9 limitato all\\u2019esecuzione di tecniche storiche. La gommalacca \\u00e8 adatta solo per uso interno.\",\"margin\":\"large\",\"text_align\":\"center\"}}]}]}],\"name\":\"\\u00dcberschrift - Header\"},{\"type\":\"section\",\"props\":{\"image_position\":\"center-center\",\"padding\":\"large\",\"padding_remove_top\":true,\"style\":\"default\",\"title_breakpoint\":\"xl\",\"title_position\":\"top-left\",\"title_rotation\":\"left\",\"vertical_align\":\"middle\",\"width\":\"default\"},\"children\":[{\"type\":\"row\",\"children\":[{\"type\":\"column\",\"props\":{\"image_position\":\"center-center\",\"position_sticky_breakpoint\":\"m\"},\"children\":[{\"type\":\"grid\",\"props\":{\"content_column_breakpoint\":\"m\",\"filter_align\":\"left\",\"filter_all\":true,\"filter_grid_breakpoint\":\"m\",\"filter_grid_width\":\"auto\",\"filter_position\":\"top\",\"filter_style\":\"tab\",\"grid_column_align\":true,\"grid_column_gap\":\"small\",\"grid_default\":\"1\",\"grid_divider\":true,\"grid_medium\":\"3\",\"grid_row_gap\":\"small\",\"grid_small\":\"2\",\"icon_width\":80,\"image_align\":\"top\",\"image_grid_breakpoint\":\"m\",\"image_grid_width\":\"1-2\",\"image_svg_color\":\"emphasis\",\"image_transition\":\"scale-up\",\"image_width\":450,\"item_animation\":true,\"lightbox\":true,\"lightbox_bg_close\":true,\"link_style\":\"default\",\"link_text\":\"\",\"margin\":\"default\",\"meta_align\":\"below-title\",\"meta_color\":\"primary\",\"meta_element\":\"div\",\"meta_margin\":\"remove\",\"meta_style\":\"text-large\",\"panel_image_no_padding\":true,\"panel_link\":true,\"panel_padding\":\"small\",\"panel_style\":\"tile-muted\",\"show_content\":true,\"show_hover_image\":true,\"show_hover_video\":true,\"show_image\":true,\"show_link\":true,\"show_meta\":true,\"show_title\":true,\"show_video\":true,\"text_align\":\"center\",\"title_align\":\"top\",\"title_element\":\"div\",\"title_font_family\":\"primary\",\"title_grid_breakpoint\":\"m\",\"title_grid_width\":\"1-2\",\"title_hover_style\":\"reset\",\"title_style\":\"text-large\"},\"children\":[{\"type\":\"grid_item\",\"props\":{\"image\":\"https:\\\/\\\/noris-blattgold.de\\\/wp-content\\\/uploads\\\/2018\\\/02\\\/108120.jpg\",\"meta\":\"wachsfrei\",\"meta_en_us\":\"wax free\",\"meta_es_es\":\"sin cera\",\"meta_fr_fr\":\"sans cire\",\"meta_hr\":\"bez voska\",\"meta_it_it\":\"senza cera\",\"title\":\"Schellack weiss gebleicht\",\"title_en_us\":\"Shellac white bleached\",\"title_es_es\":\"Shellac blanco blanqueado\",\"title_fr_fr\":\"Gomme laque blanche blanchie\",\"title_hr\":\"\\u0160elak izbijeljeno bijelo\",\"title_it_it\":\"Gommalacca bianca sbiancata\"}},{\"type\":\"grid_item\",\"props\":{\"image\":\"https:\\\/\\\/noris-blattgold.de\\\/wp-content\\\/uploads\\\/2018\\\/02\\\/108170.jpg\",\"meta\":\"wachsfrei\",\"meta_en_us\":\"wax free\",\"meta_es_es\":\"Sin cera\",\"meta_fr_fr\":\"Sans cire\",\"meta_hr\":\"Bez voska\",\"meta_it_it\":\"Senza cera\",\"title\":\"Schellack Sonne Extrahell\",\"title_en_us\":\"Shellac Sun Extra Bright\",\"title_es_es\":\"Shellac Sun Extra Brillante\",\"title_fr_fr\":\"Gomme-laque Soleil extra-lumineux\",\"title_hr\":\"\\u0160elak Sun Extra Light\",\"title_it_it\":\"Gommalacca  Sun Extra Bright\"}},{\"type\":\"grid_item\",\"props\":{\"image\":\"https:\\\/\\\/noris-blattgold.de\\\/wp-content\\\/uploads\\\/2018\\\/02\\\/108130.jpg\",\"meta\":\"wachsfrei\",\"meta_en_us\":\"wax free\",\"meta_es_es\":\"sin cera\",\"meta_fr_fr\":\"sans cire\",\"meta_hr\":\"bez voska\",\"meta_it_it\":\"senza cera\",\"title\":\"Schellack Lemon\",\"title_en_us\":\"Shellac Lemon\",\"title_es_es\":\"Shellac Lim\\u00f3n\",\"title_fr_fr\":\"Gomme-laque Lemon\",\"title_hr\":\"\\u0160elak limun\",\"title_it_it\":\"Gommalacca limone\"}},{\"type\":\"grid_item\",\"props\":{\"image\":\"https:\\\/\\\/noris-blattgold.de\\\/wp-content\\\/uploads\\\/2018\\\/02\\\/108140.jpg\",\"meta\":\"wachsfrei\",\"meta_en_us\":\"wax free\",\"meta_es_es\":\"sin cera\",\"meta_fr_fr\":\"sans cire\",\"meta_hr\":\"bez voska\",\"meta_it_it\":\"senza cera\",\"title\":\"Schellack ORANGE\",\"title_en_us\":\"Shellac ORANGE\",\"title_es_es\":\"Shellac NARANJA\",\"title_fr_fr\":\"Gomme laque ORANGE\",\"title_hr\":\"\\u0160elak ORANGE\",\"title_it_it\":\"Gommalacca ARANCIONE\"}},{\"type\":\"grid_item\",\"props\":{\"image\":\"https:\\\/\\\/noris-blattgold.de\\\/wp-content\\\/uploads\\\/2018\\\/02\\\/108160.jpg\",\"meta\":\"wachsfrei\",\"meta_en_us\":\"wax free\",\"meta_es_es\":\"Sin cera\",\"meta_fr_fr\":\"Sans cire\",\"meta_hr\":\"bez voska\",\"meta_it_it\":\"Senza cera\",\"title\":\"Schellack Rubin\",\"title_en_us\":\"Shellac ruby\",\"title_es_es\":\"Goma laca Rub\\u00ed\",\"title_fr_fr\":\"Gomme laque Rubis\",\"title_hr\":\"\\u0160elak Ruby\",\"title_it_it\":\"Rubino gommalacca\"}},{\"type\":\"grid_item\",\"props\":{\"image\":\"https:\\\/\\\/noris-blattgold.de\\\/wp-content\\\/uploads\\\/2018\\\/02\\\/108100.jpg\",\"meta\":\"wachshaltig\",\"meta_en_us\":\"waxy\",\"meta_es_es\":\"cera\",\"meta_fr_fr\":\"contenant de la cire\",\"meta_hr\":\"vo\\u0161tana\",\"meta_it_it\":\"ceroso\",\"title\":\"Schellack #1021 Lemon fein\",\"title_en_us\":\"Shellac #1021 Lemon fine\",\"title_es_es\":\"Shellac #1021 Lim\\u00f3n fino\",\"title_fr_fr\":\"Gomme-laque #1021 Lemon fin\",\"title_hr\":\"\\u0160elak #1021 Fini limun\",\"title_it_it\":\"Gommalacca #1021 Limone fine\"}}]},{\"type\":\"button\",\"props\":{\"button_size\":\"large\",\"fullwidth\":false,\"grid_column_gap\":\"small\",\"grid_row_gap\":\"small\",\"margin\":\"large\",\"text_align\":\"center\"},\"children\":[{\"type\":\"button_item\",\"props\":{\"button_style\":\"primary\",\"content\":\"zum shop\",\"content_en_us\":\"to the shop\",\"content_es_es\":\"Ir a la tienda (EN)\",\"content_fr_fr\":\"Vers la boutique (EN)\",\"content_hr\":\"U trgovinu (EN)\",\"content_it_it\":\"Al negozio (EN)\",\"dialog_layout\":\"modal\",\"dialog_offcanvas_flip\":true,\"icon\":\"cart\",\"icon_align\":\"left\",\"link\":\"https:\\\/\\\/www.noris-blattgold.shop\\\/search?search=schellack\",\"link_en_us\":\"https:\\\/\\\/www.noris-blattgold.shop\\\/en\\\/search?search=schellack\",\"link_es_es\":\"https:\\\/\\\/www.noris-blattgold.shop\\\/en\\\/search?search=schellack\",\"link_fr_fr\":\"https:\\\/\\\/www.noris-blattgold.shop\\\/en\\\/search?search=schellack\",\"link_hr\":\"https:\\\/\\\/www.noris-blattgold.shop\\\/en\\\/search?search=schellack\",\"link_it_it\":\"https:\\\/\\\/www.noris-blattgold.shop\\\/en\\\/search?search=schellack\",\"link_target\":\"blank\"}}],\"name\":\"Button zum shop\"}]}]}]}],\"version\":\"4.5.32\"} --><\/p>\n","protected":false},"excerpt":{"rendered":"<p>Schellack Naturprodukt Schellack Schellack ist eine harzige Substanz, die von der Lackschildlaus ausgeschieden wird und sich auf den Zweigen des Wirtsbaumes anreichert. Haupts\u00e4chlich in S\u00fcd- und S\u00fcdostasien, und hier speziell in Indien und Thailand, wurde Schellack fr\u00fcher in grossen Mengen hergestellt. Die Jahresproduktion belief sich auf etwa 50.0000 Tonnen. Um ein Kilogramm Schellack zu ernten, [&hellip;]<\/p>\n","protected":false},"author":1,"featured_media":0,"parent":0,"menu_order":0,"comment_status":"closed","ping_status":"closed","template":"full-width.php","meta":{"_acf_changed":false,"footnotes":""},"class_list":["post-5757","page","type-page","status-publish","hentry"],"acf":[],"_links":{"self":[{"href":"https:\/\/noris-blattgold.de\/en\/wp-json\/wp\/v2\/pages\/5757","targetHints":{"allow":["GET"]}}],"collection":[{"href":"https:\/\/noris-blattgold.de\/en\/wp-json\/wp\/v2\/pages"}],"about":[{"href":"https:\/\/noris-blattgold.de\/en\/wp-json\/wp\/v2\/types\/page"}],"author":[{"embeddable":true,"href":"https:\/\/noris-blattgold.de\/en\/wp-json\/wp\/v2\/users\/1"}],"replies":[{"embeddable":true,"href":"https:\/\/noris-blattgold.de\/en\/wp-json\/wp\/v2\/comments?post=5757"}],"version-history":[{"count":10,"href":"https:\/\/noris-blattgold.de\/en\/wp-json\/wp\/v2\/pages\/5757\/revisions"}],"predecessor-version":[{"id":23154,"href":"https:\/\/noris-blattgold.de\/en\/wp-json\/wp\/v2\/pages\/5757\/revisions\/23154"}],"wp:attachment":[{"href":"https:\/\/noris-blattgold.de\/en\/wp-json\/wp\/v2\/media?parent=5757"}],"curies":[{"name":"wp","href":"https:\/\/api.w.org\/{rel}","templated":true}]}}