{"id":5309,"date":"2018-02-08T10:55:22","date_gmt":"2018-02-08T10:55:22","guid":{"rendered":"http:\/\/noris-blattgold.de\/?page_id=5309"},"modified":"2025-12-06T02:16:42","modified_gmt":"2025-12-06T01:16:42","slug":"historie","status":"publish","type":"page","link":"https:\/\/noris-blattgold.de\/en\/history","title":{"rendered":"History"},"content":{"rendered":"<h1>Historie<\/h1>\n<h4>Historie<\/h4>\n<h1>BLATTGOLD<\/h1>\n<p><img decoding=\"async\" src=\"https:\/\/noris-blattgold.de\/wp-content\/uploads\/2018\/01\/separator.png\" alt=\"\"><\/p>\n<div>Schon immer hat Gold die Menschen fasziniert. Die Herstellung von echtem Blattgold hat eine \u00fcberraschend reiche Vergangenheit. Die \u00e4ltesten \u00dcberlieferungen stammen aus Indien. Von dort gelangte die Kunst \u00fcber die Kulturv\u00f6lker S\u00fcdostasiens in die westliche Welt. Im alten Rom gab es sogar schon besondere Innungen der Goldschl\u00e4ger. In der Theophiliushandschrift aus dem 12. Jahrhundert sind die Grundlagen der Herstellung beschrieben, die bis in die 50er Jahre des 20. Jahrhunderts galten.<br \/>\nUm 1400 traten in Deutschland Goldschl\u00e4ger als selbst\u00e4ndige Handwerker auf. Sp\u00e4ter entstanden Goldschl\u00e4gereien in Wien, Paris, London, Birmingham und auch in Nordamerika. Das ausl\u00e4ndische Blattgold konnte sich jedoch nicht durchsetzen. Mit der Zeit konzentrierte sich die Blattgoldherstellung auf die St\u00e4dte N\u00fcrnberg, F\u00fcrth und Schwabach.<\/p>\n<p>Im 19. Jahrhundert arbeiteten in Schwabach 70% der Bev\u00f6lkerung in diesem Handwerk. Somit wurde Schwabach die \u00bbGoldschl\u00e4gerstadt\u00ab.<\/p>\n<\/div>\n<div>\n<h3>Blattgold seit<\/h3>\n<p>1400<\/p>\n<div>\n<p>Schwabach<\/p>\n<\/div>\n<\/div>\n<div>\n<h3>Goldschl\u00e4gerei seit<\/h3>\n<p>1876<\/p>\n<div>\n<p>Noris Blattgold GmbH<\/p>\n<\/div>\n<\/div>\n<ul>\n<li>\n<p>        <img decoding=\"async\" src=\"https:\/\/noris-blattgold.de\/wp-content\/uploads\/2018\/02\/noris_old_1.jpg\" alt=\"\"><\/p>\n<\/li>\n<li>\n<p>        <img decoding=\"async\" src=\"https:\/\/noris-blattgold.de\/wp-content\/uploads\/2018\/02\/noris_old_2.jpg\" alt=\"\"><\/p>\n<\/li>\n<li>\n<p>        <img decoding=\"async\" src=\"https:\/\/noris-blattgold.de\/wp-content\/uploads\/2018\/02\/noris_old_3.jpg\" alt=\"\"><\/p>\n<\/li>\n<li>\n<p>        <img decoding=\"async\" src=\"https:\/\/noris-blattgold.de\/wp-content\/uploads\/2018\/02\/noris_old_4.jpg\" alt=\"\"><\/p>\n<\/li>\n<\/ul>\n<p><!--more--><br \/>\n<!-- {\"type\":\"layout\",\"children\":[{\"type\":\"section\",\"props\":{\"header_transparent\":false,\"header_transparent_noplaceholder\":false,\"header_transparent_text_color\":\"light\",\"height\":\"viewport\",\"height_viewport\":50,\"image\":\"https:\\\/\\\/noris-blattgold.de\\\/wp-content\\\/uploads\\\/2018\\\/03\\\/historie_title.jpg\",\"image_position\":\"top-center\",\"image_size\":\"cover\",\"media_focal_point\":\"top-center\",\"overlap\":false,\"padding\":\"none\",\"style\":\"default\",\"text_color\":\"dark\",\"title_breakpoint\":\"xl\",\"title_position\":\"top-left\",\"title_rotation\":\"left\",\"vertical_align\":\"middle\",\"width\":\"default\"},\"children\":[{\"type\":\"row\",\"children\":[{\"type\":\"column\",\"props\":{\"image_position\":\"center-center\",\"position_sticky_breakpoint\":\"m\",\"width_medium\":\"1-1\"},\"children\":[{\"type\":\"headline\",\"props\":{\"content\":\"Historie\",\"content_en_us\":\"History\",\"content_es_es\":\"historia\",\"content_fr_fr\":\"Historique\\n\",\"content_hr\":\"povijesti\",\"content_it_it\":\"La storia\\n\",\"text_align\":\"left\",\"title_element\":\"h1\",\"title_style\":\"h1\"}}]}]}],\"name\":\"Hero\"},{\"type\":\"section\",\"props\":{\"image_position\":\"center-center\",\"padding\":\"large\",\"style\":\"default\",\"title_breakpoint\":\"xl\",\"title_position\":\"top-left\",\"title_rotation\":\"left\",\"vertical_align\":\"middle\",\"width\":\"default\"},\"children\":[{\"type\":\"row\",\"children\":[{\"type\":\"column\",\"props\":{\"image_position\":\"center-center\",\"position_sticky_breakpoint\":\"m\"},\"children\":[{\"type\":\"headline\",\"props\":{\"content\":\"Historie\",\"content_en_us\":\"History\",\"content_es_es\":\"historia\",\"content_fr_fr\":\"Historique\\n\",\"content_hr\":\"Povijesti\",\"content_it_it\":\"La storia\\n\",\"text_align\":\"center\",\"title_color\":\"primary\",\"title_decoration\":\"line\",\"title_element\":\"h4\",\"title_font_family\":\"default\",\"title_style\":\"text-lead\"}},{\"type\":\"headline\",\"props\":{\"content\":\"BLATTGOLD\",\"content_en_us\":\"GOLD LEAF\",\"content_es_es\":\"PAN DE ORO\\n\",\"content_fr_fr\":\"FEUILLE D'OR\\n\",\"content_hr\":\"ZLATNI LIST\\n\",\"content_it_it\":\"FOGLIA ORO\\n\",\"text_align\":\"center\",\"title_element\":\"h1\"}},{\"type\":\"image\",\"props\":{\"image\":\"https:\\\/\\\/noris-blattgold.de\\\/wp-content\\\/uploads\\\/2018\\\/01\\\/separator.png\",\"image_svg_color\":\"emphasis\",\"margin\":\"default\",\"text_align\":\"center\"}}]}]}],\"name\":\"\\u00dcberschrift - Header\"},{\"type\":\"section\",\"props\":{\"image_position\":\"center-center\",\"padding\":\"large\",\"padding_remove_top\":true,\"style\":\"default\",\"title_breakpoint\":\"xl\",\"title_position\":\"top-left\",\"title_rotation\":\"left\",\"vertical_align\":\"middle\",\"width\":\"default\"},\"children\":[{\"type\":\"row\",\"children\":[{\"type\":\"column\",\"props\":{\"image_position\":\"center-center\",\"position_sticky_breakpoint\":\"m\"},\"children\":[{\"type\":\"text\",\"props\":{\"column_breakpoint\":\"m\",\"content\":\"Schon immer hat Gold die Menschen fasziniert. Die Herstellung von echtem Blattgold hat eine \\u00fcberraschend reiche Vergangenheit. Die \\u00e4ltesten \\u00dcberlieferungen stammen aus Indien. Von dort gelangte die Kunst \\u00fcber die Kulturv\\u00f6lker S\\u00fcdostasiens in die westliche Welt. Im alten Rom gab es sogar schon besondere Innungen der Goldschl\\u00e4ger. In der Theophiliushandschrift aus dem 12. Jahrhundert sind die Grundlagen der Herstellung beschrieben, die bis in die 50er Jahre des 20. Jahrhunderts galten.<br \/>\\nUm 1400 traten in Deutschland Goldschl\\u00e4ger als selbst\\u00e4ndige Handwerker auf. Sp\\u00e4ter entstanden Goldschl\\u00e4gereien in Wien, Paris, London, Birmingham und auch in Nordamerika. Das ausl\\u00e4ndische Blattgold konnte sich jedoch nicht durchsetzen. Mit der Zeit konzentrierte sich die Blattgoldherstellung auf die St\\u00e4dte N\\u00fcrnberg, F\\u00fcrth und Schwabach.\\n\\n\n\n<p>Im 19. Jahrhundert arbeiteten in Schwabach 70% der Bev\\u00f6lkerung in diesem Handwerk. Somit wurde Schwabach die \\u00bbGoldschl\\u00e4gerstadt\\u00ab.<\\\/p>\",\"content_en_us\":\"\n\n<p>Gold has always fascinated people. The production of real gold leaf has a surprisingly rich past. The oldest traditions come from India. From there, the art reached the Western world via the cultural peoples of Southeast Asia. In ancient Rome there were even special guilds of gold beaters. The Theophilius manuscript from the 12th century describes the basics of production, which were valid until the 50s of the 20th century.<br \\\/>Around 1400, gold beaters appeared in Germany as independent craftsmen. Later, gold beaters were established in Vienna, Paris, London, Birmingham and also in North America. However, the foreign gold leaf could not prevail. Over time, gold leaf production was concentrated in the cities of Nuremberg, F\\u00fcrth and Schwabach.<\\\/p>\\n\n\n<p>In the 19th century, 70% of the population in Schwabach worked in this craft. Thus Schwabach became the \\u201cgold beating town\\u201d.<\\\/p>\",\"content_es_es\":\"El oro siempre ha fascinado a la gente. La producci\\u00f3n de pan de oro aut\\u00e9ntico tiene un pasado sorprendentemente rico. Las tradiciones m\\u00e1s antiguas proceden de la India. Desde all\\u00ed, el arte lleg\\u00f3 al mundo occidental a trav\\u00e9s de los pueblos culturales del sudeste asi\\u00e1tico. En la antigua Roma hab\\u00eda incluso gremios especiales de batidores de oro. El manuscrito Theophilius, del siglo XII, describe los fundamentos de la producci\\u00f3n, v\\u00e1lidos hasta la d\\u00e9cada de 1950.<br \/>\\nHacia 1400, los batidores de oro aparecieron en Alemania como artesanos independientes. M\\u00e1s tarde, se establecieron herrer\\u00edas de oro en Viena, Par\\u00eds, Londres, Birmingham y tambi\\u00e9n en Norteam\\u00e9rica. Sin embargo, el pan de oro extranjero no pudo imponerse. Con el tiempo, la producci\\u00f3n de pan de oro se concentr\\u00f3 en las ciudades de N\\u00faremberg, F\\u00fcrth y Schwabach.\\n\\n\n\n<p>En el siglo XIX, el 70% de la poblaci\\u00f3n de Schwabach trabajaba en este oficio. De este modo, Schwabach se convirti\\u00f3 en la \\u00abciudad batidora de oro\\u00bb.<\\\/p>\",\"content_fr_fr\":\"De tout temps, l\\u2019or a fascin\\u00e9 les hommes. La fabrication de la feuille d\\u2019or v\\u00e9ritable a un pass\\u00e9 \\u00e9tonnamment riche. Les traditions les plus anciennes proviennent d\\u2019Inde. De l\\u00e0, l\\u2019art est arriv\\u00e9 en Occident par le biais des peuples culturels d\\u2019Asie du Sud-Est. Dans la Rome antique, il existait m\\u00eame d\\u00e9j\\u00e0 des corporations particuli\\u00e8res de batteurs d\\u2019or. Le manuscrit Theophilius du 12e si\\u00e8cle d\\u00e9crit les principes de base de la fabrication, qui \\u00e9taient en vigueur jusque dans les ann\\u00e9es 50 du 20e si\\u00e8cle.<br \/>\\nVers 1400, les batteurs d\\u2019or sont apparus en Allemagne en tant qu\\u2019artisans ind\\u00e9pendants. Plus tard, des batteurs d\\u2019or se sont install\\u00e9s \\u00e0 Vienne, Paris, Londres, Birmingham et \\u00e9galement en Am\\u00e9rique du Nord. La feuille d\\u2019or \\u00e9trang\\u00e8re n\\u2019a toutefois pas r\\u00e9ussi \\u00e0 s\\u2019imposer. Avec le temps, la production de feuilles d\\u2019or s\\u2019est concentr\\u00e9e sur les villes de Nuremberg, F\\u00fcrth et Schwabach.\\n\\n\n\n<p>Au 19e si\\u00e8cle, 70% de la population de Schwabach travaillait dans cet artisanat. C\\u2019est ainsi que Schwabach est devenue la \\u00ab ville des batteurs d\\u2019or \\u00bb.<\\\/p>\",\"content_hr\":\"Zlato je oduvijek fasciniralo ljude. Proizvodnja pravog zlatnog li\\u0161\\u0107a ima iznena\\u0111uju\\u0107e bogatu pro\\u0161lost. Najstarije tradicije potje\\u010du iz Indije. Odatle je umjetnost dospjela u zapadni svijet preko civiliziranih naroda jugoisto\\u010dne Azije. U starom Rimu postojali su \\u010dak i posebni cehovi zlatara. Teofilski rukopis iz 12. stolje\\u0107a opisuje osnove proizvodnje, koje su vrijedile do 50-ih godina 20. stolje\\u0107a.<br \/>\\nOko 1400. godine u Njema\\u010dkoj su se pojavili zlatari kao samostalni obrtnici. Kasnije su se pojavile radionice za kucanje zlata u Be\\u010du, Parizu, Londonu, Birminghamu i tako\\u0111er u Sjevernoj Americi. Me\\u0111utim, strani zlatni listi\\u0107i nisu mogli prevladati. S vremenom je proizvodnja zlatnih listi\\u0107a bila koncentrirana u gradovima N\\u00fcrnberg, F\\u00fcrth i Schwabach.\\n\\n\n\n<p>U 19. stolje\\u0107u 70% stanovni\\u0161tva Schwabacha bavilo se ovim zanatom. Tako je Schwabach postao \\u00bbgrad koji udara zlatom\\u00ab.<\\\/p>\",\"content_it_it\":\"L\\u2019oro ha sempre affascinato le persone. La produzione di vera foglia d\\u2019oro ha un passato sorprendentemente ricco. Le tradizioni pi\\u00f9 antiche provengono dall\\u2019India. Da l\\u00ec, l\\u2019arte ha raggiunto il mondo occidentale attraverso le popolazioni culturali del sud-est asiatico. Nell\\u2019antica Roma esistevano persino speciali corporazioni di battitori d\\u2019oro. Il manoscritto di Teofilo del XII secolo descrive le basi della produzione, valide fino agli anni Cinquanta.<br \/>\\nIntorno al 1400, i battitori d\\u2019oro apparvero in Germania come artigiani indipendenti. In seguito, furono aperte fucine d\\u2019oro a Vienna, Parigi, Londra, Birmingham e anche in Nord America. Tuttavia, la foglia d\\u2019oro straniera non \\u00e8 riuscita a prevalere. Nel tempo, la produzione di foglie d\\u2019oro si \\u00e8 concentrata nelle citt\\u00e0 di Norimberga, F\\u00fcrth e Schwabach.\\n\\n\n\n<p>Nel XIX secolo, il 70% della popolazione di Schwabach lavorava in questo mestiere. Cos\\u00ec Schwabach divenne la \\u201ccitt\\u00e0 che batte l\\u2019oro\\u201d.<\\\/p>\",\"margin\":\"default\",\"text_align\":\"justify\"}}]}]}]},{\"type\":\"section\",\"props\":{\"image_position\":\"center-center\",\"style\":\"primary\",\"title_breakpoint\":\"xl\",\"title_position\":\"top-left\",\"title_rotation\":\"left\",\"vertical_align\":\"middle\",\"width\":\"default\"},\"children\":[{\"type\":\"row\",\"props\":{\"layout\":\"1-2,1-2\"},\"children\":[{\"type\":\"column\",\"props\":{\"image_position\":\"center-center\",\"position_sticky_breakpoint\":\"m\",\"width_medium\":\"1-2\"},\"children\":[{\"type\":\"panel\",\"props\":{\"content\":\"\n\n<p>Schwabach<\\\/p>\",\"content_column_breakpoint\":\"m\",\"content_style\":\"h3\",\"icon_width\":80,\"image_align\":\"top\",\"image_grid_breakpoint\":\"m\",\"image_grid_width\":\"1-2\",\"image_svg_color\":\"emphasis\",\"link_style\":\"default\",\"link_text\":\"Read more\",\"margin\":\"default\",\"meta\":\"1400\",\"meta_align\":\"below-title\",\"meta_element\":\"div\",\"meta_style\":\"heading-medium\",\"text_align\":\"center\",\"title\":\"Blattgold seit\",\"title_align\":\"top\",\"title_element\":\"h3\",\"title_en_us\":\"SHEET GOLD SINCE\",\"title_es_es\":\"ORO EN L\\u00c1MINAS DESDE\",\"title_font_family\":\"default\",\"title_fr_fr\":\"OR EN FEUILLES DEPUIS\",\"title_grid_breakpoint\":\"m\",\"title_grid_width\":\"1-2\",\"title_hover_style\":\"reset\",\"title_hr\":\"ZLATNI LISTI\\u0106I OD\",\"title_it_it\":\"FOGLIO D'ORO DAL\",\"title_style\":\"h3\"}}]},{\"type\":\"column\",\"props\":{\"image_position\":\"center-center\",\"position_sticky_breakpoint\":\"m\",\"width_medium\":\"1-2\"},\"children\":[{\"type\":\"panel\",\"props\":{\"content\":\"\n\n<p>Noris Blattgold GmbH<\\\/p>\",\"content_column_breakpoint\":\"m\",\"content_style\":\"h3\",\"icon_width\":80,\"image_align\":\"top\",\"image_grid_breakpoint\":\"m\",\"image_grid_width\":\"1-2\",\"image_svg_color\":\"emphasis\",\"link_style\":\"default\",\"link_text\":\"Read more\",\"margin\":\"default\",\"meta\":\"1876\",\"meta_align\":\"below-title\",\"meta_element\":\"div\",\"meta_style\":\"heading-medium\",\"text_align\":\"center\",\"title\":\"Goldschl\\u00e4gerei seit\",\"title_align\":\"top\",\"title_element\":\"h3\",\"title_en_us\":\"GOLD BEATER SINCE\",\"title_es_es\":\"BATIDOR DE ORO DESDE\",\"title_font_family\":\"default\",\"title_fr_fr\":\"BATTEUR D'OR DEPUIS\",\"title_grid_breakpoint\":\"m\",\"title_grid_width\":\"1-2\",\"title_hover_style\":\"reset\",\"title_hr\":\"GOLDBEATER OD\",\"title_it_it\":\"BATTITORE D'ORO DA\",\"title_style\":\"h3\"}}]}]}]},{\"type\":\"section\",\"props\":{\"image_position\":\"center-center\",\"padding\":\"none\",\"padding_remove_top\":true,\"style\":\"default\",\"title_breakpoint\":\"xl\",\"title_position\":\"top-left\",\"title_rotation\":\"left\",\"vertical_align\":\"middle\",\"width\":\"\"},\"children\":[{\"type\":\"row\",\"children\":[{\"type\":\"column\",\"props\":{\"image_position\":\"center-center\",\"position_sticky_breakpoint\":\"m\"},\"children\":[{\"type\":\"gallery\",\"props\":{\"filter_align\":\"left\",\"filter_all\":true,\"filter_grid_breakpoint\":\"m\",\"filter_grid_width\":\"auto\",\"filter_position\":\"top\",\"filter_style\":\"tab\",\"grid_column_gap\":\"collapse\",\"grid_default\":\"1\",\"grid_medium\":\"4\",\"grid_row_gap\":\"collapse\",\"grid_small\":\"2\",\"image_transition\":\"scale-up\",\"item_animation\":true,\"lightbox_bg_close\":true,\"link_style\":\"default\",\"link_text\":\"Read more\",\"margin\":\"default\",\"meta_align\":\"below-title\",\"meta_element\":\"div\",\"meta_style\":\"text-meta\",\"overlay_hover\":false,\"overlay_mode\":\"cover\",\"overlay_position\":\"center\",\"overlay_style\":\"\",\"overlay_transition\":\"fade\",\"show_content\":true,\"show_hover_image\":true,\"show_hover_video\":true,\"show_link\":true,\"show_meta\":true,\"show_title\":true,\"text_align\":\"center\",\"text_color\":\"light\",\"title_element\":\"h3\",\"title_hover_style\":\"reset\"},\"children\":[{\"type\":\"gallery_item\",\"props\":{\"image\":\"https:\\\/\\\/noris-blattgold.de\\\/wp-content\\\/uploads\\\/2018\\\/02\\\/noris_old_1.jpg\"}},{\"type\":\"gallery_item\",\"props\":{\"image\":\"https:\\\/\\\/noris-blattgold.de\\\/wp-content\\\/uploads\\\/2018\\\/02\\\/noris_old_2.jpg\"}},{\"type\":\"gallery_item\",\"props\":{\"image\":\"https:\\\/\\\/noris-blattgold.de\\\/wp-content\\\/uploads\\\/2018\\\/02\\\/noris_old_3.jpg\"}},{\"type\":\"gallery_item\",\"props\":{\"image\":\"https:\\\/\\\/noris-blattgold.de\\\/wp-content\\\/uploads\\\/2018\\\/02\\\/noris_old_4.jpg\"}}]}]}]}]}],\"version\":\"4.5.32\"} --><\/p>\n","protected":false},"excerpt":{"rendered":"<p>Historie Historie BLATTGOLD Schon immer hat Gold die Menschen fasziniert. Die Herstellung von echtem Blattgold hat eine \u00fcberraschend reiche Vergangenheit. Die \u00e4ltesten \u00dcberlieferungen stammen aus Indien. Von dort gelangte die Kunst \u00fcber die Kulturv\u00f6lker S\u00fcdostasiens in die westliche Welt. Im alten Rom gab es sogar schon besondere Innungen der Goldschl\u00e4ger. In der Theophiliushandschrift aus dem [&hellip;]<\/p>\n","protected":false},"author":1,"featured_media":0,"parent":0,"menu_order":0,"comment_status":"closed","ping_status":"closed","template":"full-width.php","meta":{"_acf_changed":false,"footnotes":""},"class_list":["post-5309","page","type-page","status-publish","hentry"],"acf":[],"_links":{"self":[{"href":"https:\/\/noris-blattgold.de\/en\/wp-json\/wp\/v2\/pages\/5309","targetHints":{"allow":["GET"]}}],"collection":[{"href":"https:\/\/noris-blattgold.de\/en\/wp-json\/wp\/v2\/pages"}],"about":[{"href":"https:\/\/noris-blattgold.de\/en\/wp-json\/wp\/v2\/types\/page"}],"author":[{"embeddable":true,"href":"https:\/\/noris-blattgold.de\/en\/wp-json\/wp\/v2\/users\/1"}],"replies":[{"embeddable":true,"href":"https:\/\/noris-blattgold.de\/en\/wp-json\/wp\/v2\/comments?post=5309"}],"version-history":[{"count":10,"href":"https:\/\/noris-blattgold.de\/en\/wp-json\/wp\/v2\/pages\/5309\/revisions"}],"predecessor-version":[{"id":23132,"href":"https:\/\/noris-blattgold.de\/en\/wp-json\/wp\/v2\/pages\/5309\/revisions\/23132"}],"wp:attachment":[{"href":"https:\/\/noris-blattgold.de\/en\/wp-json\/wp\/v2\/media?parent=5309"}],"curies":[{"name":"wp","href":"https:\/\/api.w.org\/{rel}","templated":true}]}}